{"id":10061,"date":"2024-05-22T01:34:32","date_gmt":"2024-05-22T05:34:32","guid":{"rendered":"http:\/\/boxsolution.cl\/BOXSOLUTION\/?post_type=product&#038;p=10061"},"modified":"2025-11-19T08:53:10","modified_gmt":"2025-11-19T11:53:10","slug":"cocina-encimera-a-gas-600mm-de-4-quemadores-moffat-cobra-c6d-b","status":"publish","type":"product","link":"https:\/\/boxsolution.cl\/BOXSOLUTION\/producto\/cocina-encimera-a-gas-600mm-de-4-quemadores-moffat-cobra-c6d-b\/","title":{"rendered":"Cocina a Gas GL-GN de 900mm con plancha y horno est\u00e1tico &#8211; Cobra CR9-C"},"content":{"rendered":"<p><strong>Especificaciones t\u00e9cnicas:<\/strong><br \/>\nCocina a Gas de 900mm con plancha y horno est\u00e1tico &#8211; Cobra CR9-C disponible en gas natural (GNC) y gas licuado (GLP). Especificar al realizar la compra.<br \/>\n<span style=\"vertical-align: inherit;\">\u2022 Cocina: 4 <\/span>Quemador abierto con capacidad 22 MJ\/hr | Potencia 5.5 kW.<br \/>\n<span style=\"vertical-align: inherit;\">\u2022 <\/span>Plancha: Capacidad 20 MJ\/hr | Potencia 5 kW por 300mm de secci\u00f3n.<br \/>\n<span style=\"vertical-align: inherit;\">\u2022 <\/span>Horno: Capacidad 28 MJ\/hr | Potencia 7.8 kW<\/p>\n<p><span style=\"vertical-align: inherit;\">\u2022 <\/span>Potencia bruta de gas 37.8 kW. | Capacidad 136 MJ\/hr<br \/>\n<span style=\"vertical-align: inherit;\">\u2022 <\/span>Conexi\u00f3n de gas R \u00be (BSP) macho a 130mm desde el lado derecho (LD), 20mm desde la parte trasera y 655 mm desde la base.<\/p>\n<p>\u2022 Dimensiones del horno: Ancho 760 mm, profundidad 615 mm, altura 365 mm. Estante: 750 mm x 590 mm.<\/p>\n<p><span style=\"vertical-align: inherit;\">\u2022 <\/span>Dimensiones generales: Ancho 900 mm, profundidad 800 mm, altura 915 mm | 1085 mm incluyendo protecci\u00f3n contra salpicaduras. Peso neto 127.5 kg.<br \/>\n<span style=\"vertical-align: inherit;\">\u2022 <\/span>Datos de embalaje: Ancho 1010 mm, profundidad 955 mm, altura 955 mm. Peso neto 168 kg.<\/p>\n<p><strong>Construcci\u00f3n:<\/strong><br \/>\nCocina:<br \/>\n\u2022 Cabezal de quemador en hierro fundido y tapa vitrificada.<br \/>\n\u2022 Parrilla y panel de control vitrificado.<br \/>\n\u2022 Plancha de 12 mm de espesor con terminaci\u00f3n lisa metalizada.<br \/>\n\u2022 Frente, laterales y protecci\u00f3n contra salpicaduras de acero inoxidable.<br \/>\n\u2022 Plancha est\u00e1ndar al lado derecho.<\/p>\n<p>Horno:<br \/>\n\u2022 Revestimiento interno vitrificado.<br \/>\n\u2022 Capacidad de 1 bandeja GN 2\/1 extra con posibilidad de 4 posiciones.<br \/>\n\u2022 Incluye rejilla cromada y bandeja recolectora en acero inoxidable.<br \/>\n\u2022 Puertas y laterales en acero inoxidable.<br \/>\n\u2022 4 pies de 63 mm de di\u00e1metro, 2 delanteras de altura ajustable y 2 traseras con ruedas.<\/p>\n<p>\u2022 Incluye Flexible de Gas<\/p>\n<p>&nbsp;<\/p>\n","protected":false},"excerpt":{"rendered":"<p><strong>Lo que debes saber de este producto:<\/strong><\/p>\n<p>Cocina a gas multifuncional con plancha y horno est\u00e1tico incorporado. Gracias a su tipolog\u00eda QuickChef Pro ganar\u00e1s una mayor producci\u00f3n en menos tiempo, con una r\u00e1pida limpieza, f\u00e1cil mantenimiento y alta confiabilidad.<\/p>\n<p>\u2022 Tipo: QuickChef Pro<br \/>\n\u2022 4 Quemadores abiertos de 5.5 kW de potencia con protecci\u00f3n est\u00e1ndar contra falla de llama. Incluye llama piloto y protecci\u00f3n por falla de flama por quemador.<br \/>\n\u2022 Plancha con placa de 300 mm y 1 quemador con encendido de llama piloto, seguridad anti-flama e ignici\u00f3n piezoel\u00e9ctrica.<br \/>\n\u2022 Horno est\u00e1tico de alta corona con capacidad para 1 bandeja GN 2\/1 o 2 bandejas GN 1\/1.<br \/>\n\u2022 Revestimiento vitrificado de horno y puertas de doble hoja.<br \/>\n\u2022 Quemadores y parrillas de fierro fundido y vitrificados. Espesor de 12 mm con acabado liso met\u00e1lico.<br \/>\n\u2022 Patas ajustables en altura en un rango de + o &#8211; 25mm y resistentes ruedas posteriores.<br \/>\n\u2022 1 a\u00f1o de garant\u00eda<\/p>\n[sp_easyaccordion id=\"12131\"]\n","protected":false},"featured_media":10737,"template":"","meta":{"_acf_changed":false,"_seopress_robots_primary_cat":"none","_seopress_titles_title":"","_seopress_titles_desc":"","_seopress_robots_index":""},"product_brand":[],"product_cat":[713],"product_tag":[],"class_list":{"0":"post-10061","1":"product","2":"type-product","3":"status-publish","4":"has-post-thumbnail","6":"product_cat-gastronomia","7":"pa_marca-moffat-cobra","8":"pa_tipo-de-energia-gas","10":"first","11":"instock","12":"taxable","13":"shipping-taxable","14":"purchasable","15":"product-type-simple"},"acf":[],"_links":{"self":[{"href":"https:\/\/boxsolution.cl\/BOXSOLUTION\/wp-json\/wp\/v2\/product\/10061","targetHints":{"allow":["GET"]}}],"collection":[{"href":"https:\/\/boxsolution.cl\/BOXSOLUTION\/wp-json\/wp\/v2\/product"}],"about":[{"href":"https:\/\/boxsolution.cl\/BOXSOLUTION\/wp-json\/wp\/v2\/types\/product"}],"wp:featuredmedia":[{"embeddable":true,"href":"https:\/\/boxsolution.cl\/BOXSOLUTION\/wp-json\/wp\/v2\/media\/10737"}],"wp:attachment":[{"href":"https:\/\/boxsolution.cl\/BOXSOLUTION\/wp-json\/wp\/v2\/media?parent=10061"}],"wp:term":[{"taxonomy":"product_brand","embeddable":true,"href":"https:\/\/boxsolution.cl\/BOXSOLUTION\/wp-json\/wp\/v2\/product_brand?post=10061"},{"taxonomy":"product_cat","embeddable":true,"href":"https:\/\/boxsolution.cl\/BOXSOLUTION\/wp-json\/wp\/v2\/product_cat?post=10061"},{"taxonomy":"product_tag","embeddable":true,"href":"https:\/\/boxsolution.cl\/BOXSOLUTION\/wp-json\/wp\/v2\/product_tag?post=10061"}],"curies":[{"name":"wp","href":"https:\/\/api.w.org\/{rel}","templated":true}]}}