{"id":10079,"date":"2024-05-22T01:34:33","date_gmt":"2024-05-22T05:34:33","guid":{"rendered":"http:\/\/boxsolution.cl\/BOXSOLUTION\/?post_type=product&#038;p=10079"},"modified":"2025-11-19T08:53:10","modified_gmt":"2025-11-19T11:53:10","slug":"parrilla-encimera-a-gas-600mm-moffat-cobra-cb6-b","status":"publish","type":"product","link":"https:\/\/boxsolution.cl\/BOXSOLUTION\/producto\/parrilla-encimera-a-gas-600mm-moffat-cobra-cb6-b\/","title":{"rendered":"Cocina encimera a Gas GL-GN de 600mm &#8211; Cobra C6D-B"},"content":{"rendered":"<p><strong>Especificaciones t\u00e9cnicas:<\/strong><br \/>\nCocina encimera a Gas de 600mm &#8211; Cobra C6D-B disponible en gas natural (GNC) y gas licuado (GLP). Especificar al realizar la compra.<br \/>\n<span style=\"vertical-align: inherit;\">\u2022 4 Quemadores abiertos con capacidad 22 MJ\/hr | Potencia 5.5 kW.<br \/>\n\u2022 Potencia bruta de gas 22 kW. | Consumo 88 MJ\/hr<br \/>\n\u2022 Conexi\u00f3n de gas R \u00be (BSP) macho a 130mm desde el lado derecho (LD), 20mm desde la parte trasera y 60mm desde la base.<br \/>\n\u2022 Dimensiones: Ancho 600 mm, fondo 800 mm, altura 315 mm. 485 mm de altura incluyendo protecci\u00f3n contra salpicaduras. Peso neto 52.5 kg.<br \/>\n\u2022 Datos de embalaje: Ancho 710 mm, profundidad 955 mm, altura 750 mm. Incluyendo protecci\u00f3n contra salpicaduras 485 mm. Peso neto 80.5 kg.<\/span><\/p>\n<p>&nbsp;<\/p>\n<p><strong>Construcci\u00f3n:<\/strong><br \/>\n\u2022 Cabeza de quemador en hierro fundido y tapa vitrificada.<br \/>\n\u2022 Parrilla y panel de control vitrificado.<br \/>\n\u2022 Frente, laterales y protecci\u00f3n contra salpicaduras de acero inoxidable.<br \/>\n\u2022 Bandeja recolectora de grasas en acero inoxidable.<br \/>\n\u2022 Pies ajustables de 63 mm de di\u00e1metro de acero inoxidable.<\/p>\n<p>&nbsp;<\/p>\n","protected":false},"excerpt":{"rendered":"<p><strong>Lo que debes saber de este producto:<\/strong><\/p>\n<p>Cocina a gas de dise\u00f1o inteligente con 4 quemadores, pensada para ser un equipo de f\u00e1cil manejo. Gracias a su tipolog\u00eda QuickChef Pro ganar\u00e1s una mayor producci\u00f3n en menos tiempo, con una r\u00e1pida limpieza, f\u00e1cil mantenimiento y alta confiabilidad. Segura para la preparaci\u00f3n de alimentos, gracias a su dise\u00f1o y materialidad.<\/p>\n<p>\u2022 Tipo: QuickChef Pro<br \/>\n\u2022 Equipo adaptado a Gas Licuado o Gas Natural.<br \/>\n\u2022 Posee 4 Quemadores abiertos de 5.5 kW.<br \/>\n\u2022 Protecci\u00f3n est\u00e1ndar anti-flama en cada quemador.<br \/>\n\u2022 Incluye llama piloto y seguridad anti-flama.<br \/>\n\u2022 Quemadores y parrilla de hierro fundido y vitrificados.<br \/>\n\u2022 Patas ajustables en altura en un rango de + o &#8211; 25mm.<br \/>\n\u2022 1 a\u00f1o de garant\u00eda<\/p>\n[sp_easyaccordion id=\"12131\"]\n","protected":false},"featured_media":10748,"template":"","meta":{"_acf_changed":false,"_seopress_robots_primary_cat":"none","_seopress_titles_title":"","_seopress_titles_desc":"","_seopress_robots_index":""},"product_brand":[],"product_cat":[713],"product_tag":[],"class_list":{"0":"post-10079","1":"product","2":"type-product","3":"status-publish","4":"has-post-thumbnail","6":"product_cat-gastronomia","7":"pa_marca-moffat-cobra","8":"pa_tipo-de-energia-gas","10":"first","11":"instock","12":"taxable","13":"shipping-taxable","14":"purchasable","15":"product-type-simple"},"acf":[],"_links":{"self":[{"href":"https:\/\/boxsolution.cl\/BOXSOLUTION\/wp-json\/wp\/v2\/product\/10079","targetHints":{"allow":["GET"]}}],"collection":[{"href":"https:\/\/boxsolution.cl\/BOXSOLUTION\/wp-json\/wp\/v2\/product"}],"about":[{"href":"https:\/\/boxsolution.cl\/BOXSOLUTION\/wp-json\/wp\/v2\/types\/product"}],"wp:featuredmedia":[{"embeddable":true,"href":"https:\/\/boxsolution.cl\/BOXSOLUTION\/wp-json\/wp\/v2\/media\/10748"}],"wp:attachment":[{"href":"https:\/\/boxsolution.cl\/BOXSOLUTION\/wp-json\/wp\/v2\/media?parent=10079"}],"wp:term":[{"taxonomy":"product_brand","embeddable":true,"href":"https:\/\/boxsolution.cl\/BOXSOLUTION\/wp-json\/wp\/v2\/product_brand?post=10079"},{"taxonomy":"product_cat","embeddable":true,"href":"https:\/\/boxsolution.cl\/BOXSOLUTION\/wp-json\/wp\/v2\/product_cat?post=10079"},{"taxonomy":"product_tag","embeddable":true,"href":"https:\/\/boxsolution.cl\/BOXSOLUTION\/wp-json\/wp\/v2\/product_tag?post=10079"}],"curies":[{"name":"wp","href":"https:\/\/api.w.org\/{rel}","templated":true}]}}