{"id":10090,"date":"2024-03-27T15:52:55","date_gmt":"2024-03-27T18:52:55","guid":{"rendered":"http:\/\/boxsolution.cl\/BOXSOLUTION\/?post_type=product&#038;p=10090"},"modified":"2025-11-19T08:53:11","modified_gmt":"2025-11-19T11:53:11","slug":"plancha-y-tostadora-a-gas-600mm-moffat-cobra-ct6","status":"publish","type":"product","link":"https:\/\/boxsolution.cl\/BOXSOLUTION\/producto\/plancha-y-tostadora-a-gas-600mm-moffat-cobra-ct6\/","title":{"rendered":"Plancha y Tostadora a Gas GL-GN 600mm &#8211; Cobra CT6"},"content":{"rendered":"<p><strong>Especificaciones t\u00e9cnicas:<\/strong><br \/>\nPlancha y Tostadora a Gas 600mm Cobra CT6 disponible en gas natural (GNC) y gas licuado (GLP). Especificar al realizar la compra.<span style=\"vertical-align: inherit;\"><br \/>\n\u2022 Quemadores: 2 x capacidad 21 MJ\/hr o potencia 5.8 kW con forma tubular y radianes en parrilla.<br \/>\n<\/span><span style=\"vertical-align: inherit;\">\u2022 Potencia bruta de gas 11.7 kW | Capacidad 42 MJ\/hr.<br \/>\n\u2022 \u00c1rea de cocina: 590 mm x 520 mm con 3068 cm2.<br \/>\n\u2022 Dimensiones de tostador: 430 mm x 470 mm. 4 posiciones posibles.<br \/>\n\u2022 <\/span><span style=\"vertical-align: inherit;\">Conexi\u00f3n de gas R 1\/2 (BSP) macho a 130mm desde el lado derecho (LD), 32 mm desde la parte trasera y 655 mm desde la base.<br \/>\n\u2022 Dimensiones: Ancho 600 mm, profundidad 800 mm, altura 915 mm. Alto 1085 mm incluyendo protecci\u00f3n contra salpicaduras. Peso neto 92 kg.<br \/>\n\u2022 Datos de embalaje: Ancho 710 mm, profundidad 955 mm, altura 1250 mm. Peso neto 168 kg y 0.83 m3.<\/span><br \/>\n\u2022 Incluye Flexible de Gas<br \/>\n&nbsp;<\/p>\n<p><strong>Construcci\u00f3n:<\/strong><br \/>\n\u2022 Plancha de 12 mm de espesor con terminaci\u00f3n\u00a0lisa metalizada.<br \/>\n\u2022 Panel de control vitrificado.<br \/>\n\u2022 Quemador doble con seguridad anti-flama y encendido por llama piloto individual.<br \/>\n\u2022 Bandeja de migas de aluminio.<br \/>\n\u2022 Rejilla para tostar y soportes cromados.<br \/>\n\u2022 2 bandejas de grasa en acero inoxidable.<br \/>\n\u2022 4 pies de 63 mm de di\u00e1metro, 2 delanteras de altura ajustable y 2 traseras con ruedas.<\/p>\n","protected":false},"excerpt":{"rendered":"<p><strong>Lo que debes saber de este producto:<\/strong><\/p>\n<p>Un equipo vers\u00e1til y seguro en la preparaci\u00f3n de s\u00e1ndwiches y alimentos, pensada para ser un equipo de f\u00e1cil y r\u00e1pido manejo. Gracias a su tipolog\u00eda QuickChef Pro ganar\u00e1s una mayor producci\u00f3n en menos tiempo, sus quemadores est\u00e1n dise\u00f1ados para calentar la placa de la parrilla y proporcionar calor a la rejilla de tostador. Permite una r\u00e1pida limpieza, f\u00e1cil mantenimiento y alta confiabilidad.<\/p>\n<p>\u2022 Tipo: QuickChef Pro<br \/>\n\u2022 2 Quemadores x 21 MJ\/hrs.<br \/>\n\u2022 Encendido por ignici\u00f3n piezoel\u00e9ctrica de llama piloto con seguridad anti-flama.<br \/>\n\u2022 Plancha de 12 mm de espesor.<br \/>\n\u2022 5 Posiciones de rejilla para tostar.<br \/>\n\u2022 Canal y bandeja de recolecci\u00f3n de grasas removibles.<br \/>\n\u2022 Patas delanteras ajustables en altura en un rango de + o &#8211; 25mm y 2 ruedas traseras.<br \/>\n\u2022 1 a\u00f1o de garant\u00eda<\/p>\n[sp_easyaccordion id=\"12131\"]\n","protected":false},"featured_media":10734,"template":"","meta":{"_acf_changed":false,"_seopress_robots_primary_cat":"none","_seopress_titles_title":"","_seopress_titles_desc":"","_seopress_robots_index":""},"product_brand":[],"product_cat":[713],"product_tag":[],"class_list":{"0":"post-10090","1":"product","2":"type-product","3":"status-publish","4":"has-post-thumbnail","6":"product_cat-gastronomia","7":"pa_marca-moffat-cobra","8":"pa_tipo-de-energia-gas","10":"first","11":"instock","12":"taxable","13":"shipping-taxable","14":"purchasable","15":"product-type-simple"},"acf":[],"_links":{"self":[{"href":"https:\/\/boxsolution.cl\/BOXSOLUTION\/wp-json\/wp\/v2\/product\/10090","targetHints":{"allow":["GET"]}}],"collection":[{"href":"https:\/\/boxsolution.cl\/BOXSOLUTION\/wp-json\/wp\/v2\/product"}],"about":[{"href":"https:\/\/boxsolution.cl\/BOXSOLUTION\/wp-json\/wp\/v2\/types\/product"}],"wp:featuredmedia":[{"embeddable":true,"href":"https:\/\/boxsolution.cl\/BOXSOLUTION\/wp-json\/wp\/v2\/media\/10734"}],"wp:attachment":[{"href":"https:\/\/boxsolution.cl\/BOXSOLUTION\/wp-json\/wp\/v2\/media?parent=10090"}],"wp:term":[{"taxonomy":"product_brand","embeddable":true,"href":"https:\/\/boxsolution.cl\/BOXSOLUTION\/wp-json\/wp\/v2\/product_brand?post=10090"},{"taxonomy":"product_cat","embeddable":true,"href":"https:\/\/boxsolution.cl\/BOXSOLUTION\/wp-json\/wp\/v2\/product_cat?post=10090"},{"taxonomy":"product_tag","embeddable":true,"href":"https:\/\/boxsolution.cl\/BOXSOLUTION\/wp-json\/wp\/v2\/product_tag?post=10090"}],"curies":[{"name":"wp","href":"https:\/\/api.w.org\/{rel}","templated":true}]}}