{"id":10753,"date":"2024-05-23T18:12:44","date_gmt":"2024-05-23T22:12:44","guid":{"rendered":"http:\/\/boxsolution.cl\/BOXSOLUTION\/?post_type=product&#038;p=10753"},"modified":"2025-02-27T08:38:53","modified_gmt":"2025-02-27T11:38:53","slug":"freidora-a-gas-gl-gn-de-1-cuba-para-18-litros-cobra-cf2","status":"publish","type":"product","link":"https:\/\/boxsolution.cl\/BOXSOLUTION\/producto\/freidora-a-gas-gl-gn-de-1-cuba-para-18-litros-cobra-cf2\/","title":{"rendered":"Freidora a Gas GL-GN de 1 Cuba para 18 Litros &#8211; Cobra CF2"},"content":{"rendered":"<p><strong>Especificaciones t\u00e9cnicas:<\/strong><br \/>\nFreidora a Gas GL-GN de 1 Cuba para 18 Litros &#8211; Cobra CF2 disponible en gas natural (GNC) y gas licuado (GLP). Especificar al realizar la compra.<br \/>\n<span style=\"vertical-align: inherit;\">\u2022 Quemadores multi inyectores.<br \/>\n\u2022 Potencia bruta de gas de 25 kW. | Consumo 90 MJ\/hr.<br \/>\n\u2022 Conexi\u00f3n de gas R \u00be (BSP) macho a 40 mm desde el lado derecho (LD), 24 mm desde la parte trasera y 221 mm desde la base.<br \/>\n\u2022 Dimensiones: Ancho 400 mm, fondo 800 mm, altura 915 mm. 1085 mm incluyendo protecci\u00f3n contra salpicaduras. Peso neto 61 kg.<br \/>\n\u2022 Datos de embalaje: Ancho 900 mm, largo 470 mm, altura 1255 mm. Peso neto 76.5 kg y 0.53 m3.<\/span><br \/>\n\u2022 Incluye flexible para gas.<\/p>\n<p>&nbsp;<\/p>\n<p><strong>Construcci\u00f3n:<\/strong><br \/>\n\u2022 Estanque abierto con zona de enfriamiento de acero inoxidable.<br \/>\n\u2022 Frente y laterales de acero inoxidable.<br \/>\n\u2022 Panel de control vitrificado.<br \/>\n\u2022 Puerta de doble hoja en acero inoxidable.<br \/>\n\u2022 2 pies delanteros con altura ajustable y 2 traseros con ruedas, todas de 63 mm de di\u00e1metro.<br \/>\n\u2022 2 Cestas de alambre de n\u00edquel.<br \/>\n\u2022 Tapa est\u00e1ndar de acero inoxidable.<\/p>\n","protected":false},"excerpt":{"rendered":"<p><strong>Lo que debes saber de este producto:<\/strong><\/p>\n<p>Freidora a gas de 1 estanque con capacidad de 18 litros, ideal para la fritura de grandes cantidades de alimentos, que gracias a sus dos canastillos te entregar\u00e1n una producci\u00f3n de 25 kg\/hr. Est\u00e1 dise\u00f1ada para soportar golpes y seguir trabajando, es un equipo de f\u00e1cil manejo, r\u00e1pida limpieza, f\u00e1cil mantenimiento y alta confiabilidad.<\/p>\n<p>\u2022 Tipo: QuickChef Pro<br \/>\n\u2022 Freidora de 1 estanque de 400 mm de ancho\/ 18 litros.<br \/>\n\u2022 Quemador multi inyectores de 25kW de potencia.<br \/>\n\u2022 Recipiente de acero inoxidable y una eficaz zona fr\u00eda que prolonga la vida \u00fatil del aceite y permite una f\u00e1cil limpieza.<br \/>\n\u2022 V\u00e1lvula de drenaje de 30 mm. Termostato mec\u00e1nico.<br \/>\n\u2022 Encendido manual de llama piloto.<br \/>\n\u2022 Incluye 2 canastillos y tapa.<br \/>\n\u2022 4 Pies delanteros ajustables en altura de +\/- 25 mm y dos traseros con ruedas.<br \/>\n\u2022 Acabados en acero inoxidable<br \/>\n\u2022 1 a\u00f1o de garant\u00eda<\/p>\n[sp_easyaccordion id=\"12131\"]\n","protected":false},"featured_media":10754,"template":"","meta":{"_acf_changed":false,"_seopress_robots_primary_cat":"none","_seopress_titles_title":"","_seopress_titles_desc":"","_seopress_robots_index":""},"product_brand":[],"product_cat":[713],"product_tag":[],"class_list":{"0":"post-10753","1":"product","2":"type-product","3":"status-publish","4":"has-post-thumbnail","6":"product_cat-gastronomia","7":"pa_marca-moffat-cobra","8":"pa_tipo-de-energia-gas","10":"first","11":"instock","12":"taxable","13":"shipping-taxable","14":"purchasable","15":"product-type-simple"},"acf":[],"_links":{"self":[{"href":"https:\/\/boxsolution.cl\/BOXSOLUTION\/wp-json\/wp\/v2\/product\/10753","targetHints":{"allow":["GET"]}}],"collection":[{"href":"https:\/\/boxsolution.cl\/BOXSOLUTION\/wp-json\/wp\/v2\/product"}],"about":[{"href":"https:\/\/boxsolution.cl\/BOXSOLUTION\/wp-json\/wp\/v2\/types\/product"}],"wp:featuredmedia":[{"embeddable":true,"href":"https:\/\/boxsolution.cl\/BOXSOLUTION\/wp-json\/wp\/v2\/media\/10754"}],"wp:attachment":[{"href":"https:\/\/boxsolution.cl\/BOXSOLUTION\/wp-json\/wp\/v2\/media?parent=10753"}],"wp:term":[{"taxonomy":"product_brand","embeddable":true,"href":"https:\/\/boxsolution.cl\/BOXSOLUTION\/wp-json\/wp\/v2\/product_brand?post=10753"},{"taxonomy":"product_cat","embeddable":true,"href":"https:\/\/boxsolution.cl\/BOXSOLUTION\/wp-json\/wp\/v2\/product_cat?post=10753"},{"taxonomy":"product_tag","embeddable":true,"href":"https:\/\/boxsolution.cl\/BOXSOLUTION\/wp-json\/wp\/v2\/product_tag?post=10753"}],"curies":[{"name":"wp","href":"https:\/\/api.w.org\/{rel}","templated":true}]}}