{"id":11199,"date":"2024-07-19T12:14:59","date_gmt":"2024-07-19T16:14:59","guid":{"rendered":"https:\/\/boxsolution.cl\/BOXSOLUTION\/?post_type=product&#038;p=11199"},"modified":"2026-04-28T13:56:48","modified_gmt":"2026-04-28T17:56:48","slug":"termo-electrico-rheem-500-litros-pie-380v-6000w","status":"publish","type":"product","link":"https:\/\/boxsolution.cl\/BOXSOLUTION\/producto\/termo-electrico-rheem-500-litros-pie-380v-6000w\/","title":{"rendered":"Termo El\u00e9ctrico Rheem 500 Litros Pie 380V 6000W"},"content":{"rendered":"<p><strong>Termo El\u00e9ctrico Trif\u00e1sico Rheem 500 Litros Pie 380V 6000W<\/strong><br \/>\nM\u00e1s agua caliente y ahorro de energ\u00eda, con capacidad simult\u00e1nea de hasta 16 duchas de bajo consumo (calculado en base a duchas de 45 litros y 45\u00b0C). La solucion perfecta para: hoteles, pymes, restaurantes, lavander\u00edas, gimnasios, peluquer\u00edas, cocinas, hospitales, cl\u00ednicas, veterinarias y mucho m\u00e1s.<\/p>\n<p>CARACTER\u00cdSTICAS \u00daNICAS Y SUPERIORES<br \/>\n\u2022 Estanque esmaltado de porcelana.<br \/>\n\u2022 Aislaci\u00f3n de poliuretano expandido de alta densidad.<br \/>\n\u2022 \u00c1nodo de magnesio de gran tama\u00f1o y duraci\u00f3n que protege al 100% el tanque interior.<br \/>\n\u2022 3 resistencias el\u00e9ctricas.<br \/>\n\u2022 V\u00e1lvula de seguridad de presi\u00f3n y temperatura.<br \/>\n\u2022 V\u00e1lvula de drenaje.<br \/>\n\u2022 V\u00e1lvula anti-retorno.<br \/>\n\u2022 Conexiones de agua fr\u00eda y caliente en 1&#8243; para facilitar un caudal adecuado de agua caliente.<\/p>\n<p>SISTEMAS DE SEGURIDAD<br \/>\n\u2022 V\u00e1lvula anti-retorno, para ser conectada a la entrada del agua fr\u00eda.<br \/>\n\u2022 V\u00e1lvula de seguridad por presi\u00f3n y temperatura de hasta 10 bar y 99\u00b0C.<br \/>\n\u2022 V\u00e1lvula de drenaje para ser instalada en la parte inferior del termo para facilitar las mantenciones.<br \/>\n\u2022 Resistencias el\u00e9ctricas enameladas que duran mucho m\u00e1s.<br \/>\n\u2022 El interior del termo est\u00e1 recubierto por una gruesa capa de enamel que permite mayor durabilidad del tanque interno.<\/p>\n<p>\u2022 Alto 198,4 cm | Di\u00e1metro 71 cm | Peso neto 137 kg<br \/>\n\u2022 Mayor eficiencia t\u00e9rmica<br \/>\n\u2022 Apto para instalar en bater\u00edas<br \/>\n\u2022 Garant\u00eda por 3 A\u00f1os<\/p>\n","protected":false},"excerpt":{"rendered":"<p><strong>Lo que debes saber de este producto:<\/strong><br \/>\nTermo El\u00e9ctrico Trif\u00e1sico de gran capacidad, es la soluci\u00f3n perfecta para: hoteles, pymes, restaurantes, lavander\u00edas, gimnasios, peluquer\u00edas, cocinas, hospitales, cl\u00ednicas, veterinarias y m\u00e1s.<\/p>\n<ul>\n<li>Capacidad simult\u00e1nea de hasta 16 duchas de bajo consumo (calculado seg\u00fan duchas de 45 litros y 45\u00b0C)<\/li>\n<li>Estanque esmaltado de porcelana.<\/li>\n<li>Aislaci\u00f3n de poliuretano expandido de alta densidad.<\/li>\n<li>\u00c1nodo de magnesio de gran tama\u00f1o y duraci\u00f3n que protege al 100% el tanque interior.<\/li>\n<li>3 resistencias el\u00e9ctricas.<\/li>\n<li>V\u00e1lvula de seguridad por presi\u00f3n y temperatura de hasta 10 bar y 99\u00b0C.<\/li>\n<li>V\u00e1lvula de drenaje y v\u00e1lvula anti-retorno.<\/li>\n<li>Conexiones de agua fr\u00eda y caliente en 1&#8243; para facilitar un caudal adecuado de agua caliente<\/li>\n<li>Alto 198,4 cm | Di\u00e1metro 71 cm | Peso neto 137 kg<\/li>\n<li>Mayor eficiencia t\u00e9rmica<\/li>\n<li>Apto para instalar en bater\u00edas<\/li>\n<li>Garant\u00eda 3 A\u00f1os<\/li>\n<\/ul>\n[sp_easyaccordion id=\"12131\"]\n","protected":false},"featured_media":11201,"template":"","meta":{"_acf_changed":false,"_seopress_robots_primary_cat":"none","_seopress_titles_title":"","_seopress_titles_desc":"","_seopress_robots_index":""},"product_brand":[],"product_cat":[397,707,372,392,373],"product_tag":[],"class_list":{"0":"post-11199","1":"product","2":"type-product","3":"status-publish","4":"has-post-thumbnail","6":"product_cat-agua-caliente","7":"product_cat-cyber","8":"product_cat-equipos-y-repuestos-para-agua-caliente","9":"product_cat-termo-trifasico","10":"product_cat-termos-electricos","11":"pa_capacidad-500-lt","12":"pa_marca-rheem","13":"pa_tipo-de-equipo-piso","15":"first","16":"instock","17":"sale","18":"taxable","19":"shipping-taxable","20":"purchasable","21":"product-type-simple"},"acf":[],"_links":{"self":[{"href":"https:\/\/boxsolution.cl\/BOXSOLUTION\/wp-json\/wp\/v2\/product\/11199","targetHints":{"allow":["GET"]}}],"collection":[{"href":"https:\/\/boxsolution.cl\/BOXSOLUTION\/wp-json\/wp\/v2\/product"}],"about":[{"href":"https:\/\/boxsolution.cl\/BOXSOLUTION\/wp-json\/wp\/v2\/types\/product"}],"wp:featuredmedia":[{"embeddable":true,"href":"https:\/\/boxsolution.cl\/BOXSOLUTION\/wp-json\/wp\/v2\/media\/11201"}],"wp:attachment":[{"href":"https:\/\/boxsolution.cl\/BOXSOLUTION\/wp-json\/wp\/v2\/media?parent=11199"}],"wp:term":[{"taxonomy":"product_brand","embeddable":true,"href":"https:\/\/boxsolution.cl\/BOXSOLUTION\/wp-json\/wp\/v2\/product_brand?post=11199"},{"taxonomy":"product_cat","embeddable":true,"href":"https:\/\/boxsolution.cl\/BOXSOLUTION\/wp-json\/wp\/v2\/product_cat?post=11199"},{"taxonomy":"product_tag","embeddable":true,"href":"https:\/\/boxsolution.cl\/BOXSOLUTION\/wp-json\/wp\/v2\/product_tag?post=11199"}],"curies":[{"name":"wp","href":"https:\/\/api.w.org\/{rel}","templated":true}]}}