{"id":11837,"date":"2025-01-28T12:13:17","date_gmt":"2025-01-28T15:13:17","guid":{"rendered":"https:\/\/boxsolution.cl\/BOXSOLUTION\/?post_type=product&#038;p=11837"},"modified":"2026-03-25T12:35:11","modified_gmt":"2026-03-25T15:35:11","slug":"aire-acondicionado-portatil-splendid-14000-btu-frio-calor","status":"publish","type":"product","link":"https:\/\/boxsolution.cl\/BOXSOLUTION\/producto\/aire-acondicionado-portatil-splendid-14000-btu-frio-calor\/","title":{"rendered":"Aire Acondicionado Port\u00e1til Splendid 14.000 BTU fr\u00edo\/calor"},"content":{"rendered":"<ul>\n<li>Voltaje de Alimentaci\u00f3n 220-240V\/1\/50Hz<\/li>\n<li>Capacidad de Enfriamiento 14.330 Btu\/Hr<\/li>\n<li>Potencia de entrada Enfriamiento 1.750 W<\/li>\n<li>Corriente de entrada Enfriamiento 7,8 A<\/li>\n<li>EER 2,4 W\/W<\/li>\n<li>Tanque de Agua 0,8 Litros<\/li>\n<li>Deshumidificaci\u00f3n 3,5 Litros\/Hora<\/li>\n<li>Capacidad de Calefacci\u00f3n 12.000 Btu\/h<\/li>\n<li>Potencia de entrada Calefacci\u00f3n 1.420 W<\/li>\n<li>Corriente de entrada Calefacci\u00f3n 6,4 A<\/li>\n<li>COP 2,46 W\/W<\/li>\n<li>Potencia Nominal 2.000 W<\/li>\n<li>Corriente Nominal 9 A<\/li>\n<li>Flujo de Aire 390 m3\/h<\/li>\n<li>Nivel de Ruido 50 dB(A)<\/li>\n<li>Tipo de Refrigerante R-410A<\/li>\n<li>Carga de Refrigerante 560 Gr<\/li>\n<li>Potencial Calentamiento global 2.088<\/li>\n<li>Protecci\u00f3n de Ingreso IPX0<\/li>\n<li>M\u00e1xima presi\u00f3n Succi\u00f3n 2,1 Mpa<\/li>\n<li>M\u00e1xima presi\u00f3n Descarga 4,2 Mpa<\/li>\n<li>Peso Neto 28,1 Kg<\/li>\n<li>Peso con Embalaje 32 Kg<\/li>\n<li>Dimensiones Netas 358 x 688 x 419 mm<\/li>\n<li>Dimensiones de Embalaje 396 x 865 x 460 mm<\/li>\n<li>\u00c1rea de cobertura 16 a 27 m\u00b2<\/li>\n<\/ul>\n","protected":false},"excerpt":{"rendered":"<h2><strong>Aire acondicionado port\u00e1til 14000 BTU con funci\u00f3n fr\u00edo\/calor y conectividad WiFi<\/strong><\/h2>\n<p>El aire acondicionado port\u00e1til Splendid es la soluci\u00f3n ideal para refrescar tu hogar sin complicaciones.<\/p>\n<p>Con 14000 BTU de potencia, enfr\u00eda habitaciones de hasta 27m2. Su instalaci\u00f3n es muy sencilla, sin necesidad de t\u00e9cnicos especializados, s\u00f3lo con\u00e9ctalo, usa el kit de ventana incluido y disfruta de aire fresco. Adem\u00e1s, la funci\u00f3n autocondensaci\u00f3n elimina la necesidad de drenar el agua contantemente, haciendo que su uso sea a\u00fan m\u00e1s pr\u00e1ctico.<\/p>\n<ul>\n<li>Calefacci\u00f3n y enfriamiento<\/li>\n<li>Wifi: Controla desde tu smartphone<\/li>\n<li>Autocondensaci\u00f3n<\/li>\n<li>Dise\u00f1o compacto<\/li>\n<li>F\u00e1cil instalaci\u00f3n<\/li>\n<\/ul>\n<p>___________________________________________________________________<\/p>\n<p><strong>\u00a0 \u00a0 \u00a0 \u00a0 \u00a0 \u00a0 \u00a0 \u00a0 \u00a0 \u00a0 \u00a0 DESPACHOS de 24 a 48 HRS H\u00c1BILES<\/strong><\/p>\n<p>___________________________________________________________________<\/p>\n<p>&nbsp;<\/p>\n","protected":false},"featured_media":11918,"template":"","meta":{"_acf_changed":false,"_seopress_robots_primary_cat":"","_seopress_titles_title":"","_seopress_titles_desc":"","_seopress_robots_index":""},"product_brand":[],"product_cat":[385,388,623],"product_tag":[],"class_list":{"0":"post-11837","1":"product","2":"type-product","3":"status-publish","4":"has-post-thumbnail","6":"product_cat-aire-acondicionado","7":"product_cat-aire-acondicionado-portatil","8":"product_cat-climatizacion","10":"first","11":"instock","12":"sale","13":"taxable","14":"shipping-taxable","15":"purchasable","16":"product-type-simple"},"acf":[],"_links":{"self":[{"href":"https:\/\/boxsolution.cl\/BOXSOLUTION\/wp-json\/wp\/v2\/product\/11837","targetHints":{"allow":["GET"]}}],"collection":[{"href":"https:\/\/boxsolution.cl\/BOXSOLUTION\/wp-json\/wp\/v2\/product"}],"about":[{"href":"https:\/\/boxsolution.cl\/BOXSOLUTION\/wp-json\/wp\/v2\/types\/product"}],"wp:featuredmedia":[{"embeddable":true,"href":"https:\/\/boxsolution.cl\/BOXSOLUTION\/wp-json\/wp\/v2\/media\/11918"}],"wp:attachment":[{"href":"https:\/\/boxsolution.cl\/BOXSOLUTION\/wp-json\/wp\/v2\/media?parent=11837"}],"wp:term":[{"taxonomy":"product_brand","embeddable":true,"href":"https:\/\/boxsolution.cl\/BOXSOLUTION\/wp-json\/wp\/v2\/product_brand?post=11837"},{"taxonomy":"product_cat","embeddable":true,"href":"https:\/\/boxsolution.cl\/BOXSOLUTION\/wp-json\/wp\/v2\/product_cat?post=11837"},{"taxonomy":"product_tag","embeddable":true,"href":"https:\/\/boxsolution.cl\/BOXSOLUTION\/wp-json\/wp\/v2\/product_tag?post=11837"}],"curies":[{"name":"wp","href":"https:\/\/api.w.org\/{rel}","templated":true}]}}