{"id":11934,"date":"2025-01-31T10:16:34","date_gmt":"2025-01-31T13:16:34","guid":{"rendered":"https:\/\/boxsolution.cl\/BOXSOLUTION\/?post_type=product&#038;p=11934"},"modified":"2026-02-26T15:19:27","modified_gmt":"2026-02-26T18:19:27","slug":"calefon-splendid-16-lts-full-control-tn-gl","status":"publish","type":"product","link":"https:\/\/boxsolution.cl\/BOXSOLUTION\/producto\/calefon-splendid-16-lts-full-control-tn-gl\/","title":{"rendered":"Calefont Splendid 16 Lts Full Control TN-GL"},"content":{"rendered":"<div class=\"row mb-2 mt-4\">\n<div class=\"col-12\">\n<h3>Detalles T\u00e9cnicos<\/h3>\n<\/div>\n<\/div>\n<div>\n<div class=\"row m-3\">\n<div class=\"col\">\n<table>\n<tbody>\n<tr>\n<td>Capacidad (\u0394 25 \u00b0C)<\/td>\n<td>16 l\/m<\/td>\n<\/tr>\n<tr>\n<td>Potencia \u00fatil nominal<\/td>\n<td>26.5 kW<\/td>\n<\/tr>\n<tr>\n<td>Consumo termico nominal<\/td>\n<td>30.5 kW<\/td>\n<\/tr>\n<tr>\n<td>Eficiencia (GLP\/GN)<\/td>\n<td>88 %<\/td>\n<\/tr>\n<tr>\n<td>Presi\u00f3n de alimentaci\u00f3n de gas (GLP\/GN)<\/td>\n<td>29\/20 mbar<\/td>\n<\/tr>\n<tr>\n<td>Caudal m\u00ednimo de encendido<\/td>\n<td>3.8 l\/m<\/td>\n<\/tr>\n<tr>\n<td>Presi\u00f3n de encendido (a m\u00e1xima agua)<\/td>\n<td>15 kPa<\/td>\n<\/tr>\n<tr>\n<td>Presi\u00f3n m\u00e1xima de agua<\/td>\n<td>1000 kPa<\/td>\n<\/tr>\n<tr>\n<td>Encendido<\/td>\n<td>AUTOMATICO<\/td>\n<\/tr>\n<tr>\n<td>Regulaci\u00f3n de potencia<\/td>\n<td>MODULANTE\/DIGITAL<\/td>\n<\/tr>\n<tr>\n<td>Rango de temperatura disponible<\/td>\n<td>35-65 \u00b0C<\/td>\n<\/tr>\n<tr>\n<td>Boquillas de conexi\u00f3n de gas y agua<\/td>\n<td>G1\/2&#8243; ISO 228<\/td>\n<\/tr>\n<tr>\n<td>Distancia entre conexiones de agua<\/td>\n<td>282 mm<\/td>\n<\/tr>\n<tr>\n<td>Di\u00e1metro ducto evacuaci\u00f3n de gases<\/td>\n<td>126\/5 mm\/pul.<\/td>\n<\/tr>\n<tr>\n<td>Alimentaci\u00f3n el\u00e9ctrica<\/td>\n<td>3 V (2 BATER\u00cdAS TIPO D)<\/td>\n<\/tr>\n<tr>\n<td>Alto\/ancho\/fondo producto<\/td>\n<td>693X441X222 mm<\/td>\n<\/tr>\n<tr>\n<td>Alto\/ancho\/fondo embalaje<\/td>\n<td>793X468X232 mm<\/td>\n<\/tr>\n<tr>\n<td>Peso neto<\/td>\n<td>11.5 kg<\/td>\n<\/tr>\n<tr>\n<td>Peso bruto<\/td>\n<td>13.5 kg<\/td>\n<\/tr>\n<tr>\n<td>Garant\u00eda<\/td>\n<td>2 a\u00f1os<\/td>\n<\/tr>\n<tr>\n<td>C\u00f3digo GLP<\/td>\n<td>600031385G<\/td>\n<\/tr>\n<tr>\n<td>C\u00f3digo GN<\/td>\n<td>600031391G<\/td>\n<\/tr>\n<\/tbody>\n<\/table>\n<\/div>\n<\/div>\n<\/div>\n","protected":false},"excerpt":{"rendered":"<p><strong>Calefont modulante Splendid de tiro Natural con tecnolog\u00eda modulante Templatech que ahorra hasta un 30% de gas. Eficiencia y seguridad con 70 a\u00f1os de respaldo.<\/strong><\/p>\n<p><strong>M\u00e1ximo ahorro de gas<\/strong><\/p>\n<p>La tecnolog\u00eda termost\u00e1tica modulante Templatech permite reducir el consumo de gas y tener agua caliente siempre a temperatura constante. Gracias a su sistema electr\u00f3nico de control, basta con seleccionar la temperatura en el display digital, el calefont regula el paso de gas por los quemadores y mantiene constante el nivel de calor. Esta tecnolog\u00eda evita el sobrecalentamiento del agua, optimiza el consumo de gas y elimina la necesidad de mezclar con agua fr\u00eda para obtener la temperatura deseada<\/p>\n<p><strong>\u00bfC\u00f3mo escoger un calefont?<\/strong><\/p>\n<p>Antes de comprar, verifica el tipo de gas que usa tu hogar. Puede ser gas natural por ca\u00f1er\u00eda o gas licuado en cilindros. Atenci\u00f3n: algunas instalaciones de ca\u00f1er\u00eda pueden ser de gas licuado, te recomendamos consultar tu boleta de servicio de gas. \u00bfCu\u00e1ntas duchas, lavamanos y lavaplatos tienes en casa? La capacidad del calefont depender\u00e1 de la cantidad de agua caliente que requieras en casa.<\/p>\n[sp_easyaccordion id=\"9752\"]\n<p>___________________________________________<\/p>\n<p><span style=\"color: #0000ff;\"><strong>DESPACHO EN 24HRS Y GRATIS SOLO EN SANTIAGO<\/strong><\/span><\/p>\n","protected":false},"featured_media":11936,"template":"","meta":{"_acf_changed":false,"_seopress_robots_primary_cat":"none","_seopress_titles_title":"","_seopress_titles_desc":"","_seopress_robots_index":""},"product_brand":[],"product_cat":[397,398,402,755],"product_tag":[],"class_list":{"0":"post-11934","1":"product","2":"type-product","3":"status-publish","4":"has-post-thumbnail","6":"product_cat-agua-caliente","7":"product_cat-calefont","8":"product_cat-calefont-tiro-natural","9":"product_cat-remate","10":"pa_capacidad-calefont-16-litros","11":"pa_marca-calefont-splendid","12":"pa_tipo-de-gas-gas-licuado","13":"pa_tipo-equipo-calefont-tiro-natural","15":"first","16":"instock","17":"featured","18":"taxable","19":"shipping-taxable","20":"purchasable","21":"product-type-simple"},"acf":[],"_links":{"self":[{"href":"https:\/\/boxsolution.cl\/BOXSOLUTION\/wp-json\/wp\/v2\/product\/11934","targetHints":{"allow":["GET"]}}],"collection":[{"href":"https:\/\/boxsolution.cl\/BOXSOLUTION\/wp-json\/wp\/v2\/product"}],"about":[{"href":"https:\/\/boxsolution.cl\/BOXSOLUTION\/wp-json\/wp\/v2\/types\/product"}],"wp:featuredmedia":[{"embeddable":true,"href":"https:\/\/boxsolution.cl\/BOXSOLUTION\/wp-json\/wp\/v2\/media\/11936"}],"wp:attachment":[{"href":"https:\/\/boxsolution.cl\/BOXSOLUTION\/wp-json\/wp\/v2\/media?parent=11934"}],"wp:term":[{"taxonomy":"product_brand","embeddable":true,"href":"https:\/\/boxsolution.cl\/BOXSOLUTION\/wp-json\/wp\/v2\/product_brand?post=11934"},{"taxonomy":"product_cat","embeddable":true,"href":"https:\/\/boxsolution.cl\/BOXSOLUTION\/wp-json\/wp\/v2\/product_cat?post=11934"},{"taxonomy":"product_tag","embeddable":true,"href":"https:\/\/boxsolution.cl\/BOXSOLUTION\/wp-json\/wp\/v2\/product_tag?post=11934"}],"curies":[{"name":"wp","href":"https:\/\/api.w.org\/{rel}","templated":true}]}}