{"id":13192,"date":"2025-03-10T10:23:10","date_gmt":"2025-03-10T13:23:10","guid":{"rendered":"https:\/\/boxsolution.cl\/BOXSOLUTION\/?post_type=product&#038;p=13192"},"modified":"2026-04-15T15:25:45","modified_gmt":"2026-04-15T19:25:45","slug":"cama-de-madera-lanin-1-plaza","status":"publish","type":"product","link":"https:\/\/boxsolution.cl\/BOXSOLUTION\/producto\/cama-de-madera-lanin-1-plaza\/","title":{"rendered":"Cama de madera Lanin 1 Plaza"},"content":{"rendered":"<div class=\"jsx-2247763159 mkp-headerContainer\"><strong><span class=\"jsx-2247763159\">Ficha t\u00e9cnica<\/span><\/strong><\/div>\n<div class=\"jsx-2247763159 bodyContainer\">\n<table class=\"jsx-960159652 specification-table \">\n<tbody class=\"jsx-960159652\">\n<tr class=\"jsx-960159652\">\n<td class=\"jsx-960159652 property-name\">Tipo de base para el hogar<\/td>\n<td class=\"jsx-960159652 property-value\">Normal<\/td>\n<\/tr>\n<tr class=\"jsx-960159652\">\n<td class=\"jsx-960159652 property-name\">Nivel de confort<\/td>\n<td class=\"jsx-960159652 property-value\">Firme<\/td>\n<\/tr>\n<tr class=\"jsx-960159652\">\n<td class=\"jsx-960159652 property-name\">Tama\u00f1o de la cama<\/td>\n<td class=\"jsx-960159652 property-value\">1 plaza<\/td>\n<\/tr>\n<tr class=\"jsx-960159652\">\n<td class=\"jsx-960159652 property-name\">Largo<\/td>\n<td class=\"jsx-960159652 property-value\">197 cm<\/td>\n<\/tr>\n<tr class=\"jsx-960159652\">\n<td class=\"jsx-960159652 property-name\">Incluye<\/td>\n<td class=\"jsx-960159652 property-value\">cabezales, largueros y parrilla<\/td>\n<\/tr>\n<tr class=\"jsx-960159652\">\n<td class=\"jsx-960159652 property-name\">Ancho<\/td>\n<td class=\"jsx-960159652 property-value\">97 cm<\/td>\n<\/tr>\n<tr class=\"jsx-960159652\">\n<td class=\"jsx-960159652 property-name\">Espacio entre suelo y base<\/td>\n<td class=\"jsx-960159652 property-value\">25 cm<\/td>\n<\/tr>\n<tr class=\"jsx-960159652\">\n<td class=\"jsx-960159652 property-name\">Relleno del colch\u00f3n<\/td>\n<td class=\"jsx-960159652 property-value\">Sin colch\u00f3n<\/td>\n<\/tr>\n<tr class=\"jsx-960159652\">\n<td class=\"jsx-960159652 property-name\">N\u00famero de piezas<\/td>\n<td class=\"jsx-960159652 property-value\">3<\/td>\n<\/tr>\n<tr class=\"jsx-960159652\">\n<td class=\"jsx-960159652 property-name\">cantidad de paquetes<\/td>\n<td class=\"jsx-960159652 property-value\">3<\/td>\n<\/tr>\n<tr class=\"jsx-960159652\">\n<td class=\"jsx-960159652 property-name\">Modelo<\/td>\n<td class=\"jsx-960159652 property-value\">Lanin<\/td>\n<\/tr>\n<tr class=\"jsx-960159652\">\n<td class=\"jsx-960159652 property-name\">Garant\u00eda<\/td>\n<td class=\"jsx-960159652 property-value\">1 a\u00f1o<\/td>\n<\/tr>\n<tr class=\"jsx-960159652\">\n<td class=\"jsx-960159652 property-name\">Detalle de la garant\u00eda<\/td>\n<td class=\"jsx-960159652 property-value\">Garant\u00eda 12 meses por falla de fabricaci\u00f3n<\/td>\n<\/tr>\n<tr class=\"jsx-960159652\">\n<td class=\"jsx-960159652 property-name\">Condicion del producto<\/td>\n<td class=\"jsx-960159652 property-value\">Nuevo<\/td>\n<\/tr>\n<tr class=\"jsx-960159652\">\n<td class=\"jsx-960159652 property-name\">Pa\u00eds de origen<\/td>\n<td class=\"jsx-960159652 property-value\">Chile<\/td>\n<\/tr>\n<tr class=\"jsx-960159652\">\n<td class=\"jsx-960159652 property-name\">Detalle de la Condici\u00f3n<\/td>\n<td class=\"jsx-960159652 property-value\">Producto nuevo<\/td>\n<\/tr>\n<\/tbody>\n<\/table>\n<\/div>\n","protected":false},"excerpt":{"rendered":"<p><strong>Lo que debes saber de este producto:<\/strong><\/p>\n<p class=\"\" data-start=\"149\" data-end=\"224\">\u2022 Dise\u00f1o funcional y elegante, ideal para habitaciones compartidas o dobles<br \/>\n\u2022 Fabricada en madera de alta calidad, resistente y duradera<br \/>\n\u2022 Cuatro patas firmes que proporcionan estabilidad y seguridad<br \/>\n\u2022 Estilo vers\u00e1til que combina con decoraciones cl\u00e1sicas, contempor\u00e1neas o minimalistas<br \/>\n\u2022 F\u00e1cil de adaptar a cambios en la distribuci\u00f3n del espacio<br \/>\n\u2022 Compatible con colchones de 90&#215;190 cm<br \/>\n\u2022 Disponible para pedido inmediato<\/p>\n[sp_easyaccordion id=\"12127\"]\n","protected":false},"featured_media":15892,"template":"","meta":{"_acf_changed":false,"_seopress_robots_primary_cat":"none","_seopress_titles_title":"","_seopress_titles_desc":"","_seopress_robots_index":""},"product_brand":[],"product_cat":[752],"product_tag":[],"class_list":{"0":"post-13192","1":"product","2":"type-product","3":"status-publish","4":"has-post-thumbnail","6":"product_cat-hoteleria","8":"first","9":"instock","10":"taxable","11":"shipping-taxable","12":"purchasable","13":"product-type-simple"},"acf":[],"_links":{"self":[{"href":"https:\/\/boxsolution.cl\/BOXSOLUTION\/wp-json\/wp\/v2\/product\/13192","targetHints":{"allow":["GET"]}}],"collection":[{"href":"https:\/\/boxsolution.cl\/BOXSOLUTION\/wp-json\/wp\/v2\/product"}],"about":[{"href":"https:\/\/boxsolution.cl\/BOXSOLUTION\/wp-json\/wp\/v2\/types\/product"}],"wp:featuredmedia":[{"embeddable":true,"href":"https:\/\/boxsolution.cl\/BOXSOLUTION\/wp-json\/wp\/v2\/media\/15892"}],"wp:attachment":[{"href":"https:\/\/boxsolution.cl\/BOXSOLUTION\/wp-json\/wp\/v2\/media?parent=13192"}],"wp:term":[{"taxonomy":"product_brand","embeddable":true,"href":"https:\/\/boxsolution.cl\/BOXSOLUTION\/wp-json\/wp\/v2\/product_brand?post=13192"},{"taxonomy":"product_cat","embeddable":true,"href":"https:\/\/boxsolution.cl\/BOXSOLUTION\/wp-json\/wp\/v2\/product_cat?post=13192"},{"taxonomy":"product_tag","embeddable":true,"href":"https:\/\/boxsolution.cl\/BOXSOLUTION\/wp-json\/wp\/v2\/product_tag?post=13192"}],"curies":[{"name":"wp","href":"https:\/\/api.w.org\/{rel}","templated":true}]}}