{"id":1331,"date":"2021-01-15T01:07:03","date_gmt":"2021-01-15T04:07:03","guid":{"rendered":"https:\/\/boxsolution.cl\/BOXSOLUTION\/producto\/import-placeholder-for-1244\/"},"modified":"2026-01-15T12:39:20","modified_gmt":"2026-01-15T15:39:20","slug":"calentador-piscina-electrico-spa-552","status":"publish","type":"product","link":"https:\/\/boxsolution.cl\/BOXSOLUTION\/producto\/calentador-piscina-electrico-spa-552\/","title":{"rendered":"Calentador de SPA Rheem El\u00e9ctrico E3T 5,5 KW"},"content":{"rendered":"<p>Dise\u00f1ado con calefactores de titanio<\/p>\n<ul>\n<li>Ideal para SPA, Jacuzzi o hot tub<\/li>\n<li>Control digital<\/li>\n<li>Tama\u00f1o Compacto<\/li>\n<li>Construcci\u00f3n de acero inoxidable 316L<\/li>\n<li>Tecnolog\u00eda de Sendor de Flujo<\/li>\n<li>Activaci\u00f3n autom\u00e1tica de flujo m\u00ednimo de 56,25 lts\/Min<\/li>\n<li>Dise\u00f1o de Estado S\u00f3lido<\/li>\n<li>Listo para instalar<\/li>\n<li>Cuenta con 1 Resistencia<\/li>\n<li>Voltaje 220V<\/li>\n<li>Frecuencia 60\/50 Hz<\/li>\n<li>Potencia 5,5 kW<\/li>\n<li>Capacidad 18,767 BTU\/HR<\/li>\n<li>Disyuntor Exigido 30\/30 (A min\/m\u00e1x)<\/li>\n<li>Di\u00e1metro de la conexi\u00f3n 1 1\/2&#8243;<\/li>\n<li>Dimensiones LxAxH 23x30x12 cms<\/li>\n<li>Peso 8,9 kgs<\/li>\n<li>Marca Americana<\/li>\n<\/ul>\n","protected":false},"excerpt":{"rendered":"<ul>\n<li>Calentador para jacuzzi, SPA y Hot tub<\/li>\n<li>Autodiagn\u00f3stico digital<\/li>\n<li>Aplicaci\u00f3n iPhone o Androide disponible<\/li>\n<\/ul>\n[sp_easyaccordion id=\"9822\"]\n","protected":false},"featured_media":8446,"template":"","meta":{"_acf_changed":false,"_seopress_robots_primary_cat":"none","_seopress_titles_title":"","_seopress_titles_desc":"","_seopress_robots_index":""},"product_brand":[],"product_cat":[397,756,707,372],"product_tag":[],"class_list":{"0":"post-1331","1":"product","2":"type-product","3":"status-publish","4":"has-post-thumbnail","6":"product_cat-agua-caliente","7":"product_cat-calentador-piscina-electrico","8":"product_cat-cyber","9":"product_cat-equipos-y-repuestos-para-agua-caliente","10":"pa_marca-rheem","11":"pa_tipo-de-equipo-electrico","13":"first","14":"instock","15":"taxable","16":"shipping-taxable","17":"purchasable","18":"product-type-simple"},"acf":[],"_links":{"self":[{"href":"https:\/\/boxsolution.cl\/BOXSOLUTION\/wp-json\/wp\/v2\/product\/1331","targetHints":{"allow":["GET"]}}],"collection":[{"href":"https:\/\/boxsolution.cl\/BOXSOLUTION\/wp-json\/wp\/v2\/product"}],"about":[{"href":"https:\/\/boxsolution.cl\/BOXSOLUTION\/wp-json\/wp\/v2\/types\/product"}],"wp:featuredmedia":[{"embeddable":true,"href":"https:\/\/boxsolution.cl\/BOXSOLUTION\/wp-json\/wp\/v2\/media\/8446"}],"wp:attachment":[{"href":"https:\/\/boxsolution.cl\/BOXSOLUTION\/wp-json\/wp\/v2\/media?parent=1331"}],"wp:term":[{"taxonomy":"product_brand","embeddable":true,"href":"https:\/\/boxsolution.cl\/BOXSOLUTION\/wp-json\/wp\/v2\/product_brand?post=1331"},{"taxonomy":"product_cat","embeddable":true,"href":"https:\/\/boxsolution.cl\/BOXSOLUTION\/wp-json\/wp\/v2\/product_cat?post=1331"},{"taxonomy":"product_tag","embeddable":true,"href":"https:\/\/boxsolution.cl\/BOXSOLUTION\/wp-json\/wp\/v2\/product_tag?post=1331"}],"curies":[{"name":"wp","href":"https:\/\/api.w.org\/{rel}","templated":true}]}}