{"id":1335,"date":"2021-01-15T01:07:04","date_gmt":"2021-01-15T04:07:04","guid":{"rendered":"https:\/\/boxsolution.cl\/BOXSOLUTION\/producto\/import-placeholder-for-1616\/"},"modified":"2026-03-25T12:35:09","modified_gmt":"2026-03-25T15:35:09","slug":"aire-acondicionado-portatil-12000-btu-splendid","status":"publish","type":"product","link":"https:\/\/boxsolution.cl\/BOXSOLUTION\/producto\/aire-acondicionado-portatil-12000-btu-splendid\/","title":{"rendered":"Aire Acondicionado Port\u00e1til Splendid 12.000 BTU Fr\u00edo\/Calor"},"content":{"rendered":"<ul>\n<li>Sistema de Auto- Limpieza<\/li>\n<li>Filtro Lavable<\/li>\n<li>Encendido y apagado programable<\/li>\n<li>Deshumidificador<\/li>\n<li>Moderno panel de control<\/li>\n<li>Autodiagn\u00f3stico<\/li>\n<li>Confort todo el a\u00f1o<\/li>\n<li>Potencia m\u00e1xima de entrada 1500W<\/li>\n<li>Corriente m\u00e1xima 7,1 A<\/li>\n<li>Alimentaci\u00f3n El\u00e9ctrica 220V\/ 1-50 Hz<\/li>\n<li>Refrigerante R410a<\/li>\n<li>Carga del refrigerante 460g<\/li>\n<li>Flujo de Aire 410 M3\/h<\/li>\n<li>Nivel de Ruido: 52 dB (A)<\/li>\n<li>Peso neto 32 kgs<\/li>\n<li>Dimensiones LxAxH (mm): 505x450x865<\/li>\n<li>Marca Chilena<\/li>\n<li>Garantizado por 1 a\u00f1o<\/li>\n<\/ul>\n","protected":false},"excerpt":{"rendered":"<p>El Acondicionador de Aire Port\u00e1til Splendid es un elegante equipo de aire acondicionado que requiere de una conexi\u00f3n exterior a trav\u00e9s de un ducto flexible.<br \/>\nEl Acondicionador de Aire Port\u00e1til Splendid \u00a0modelo SPAP-12K<\/p>\n<p>Tiene funciones de Fr\u00edo y de Calor por lo que es \u00fatil todo el a\u00f1o.<\/p>\n<p>Sistema que detecta actividad en el ambiente por medio de cambio de temperatura. Si no detecta actividad del usuario, el sistema reconoce que est\u00e1 dormido, por lo que el ventilador inteligente reduce su velocidad para hacer el menor nivel de ruido posible.<\/p>\n<ul>\n<li>El Acondicionador de Aire Port\u00e1til Splendid es un elegante equipo de aire acondicionado que requiere de una conexi\u00f3n exterior a trav\u00e9s de un ducto flexible.<\/li>\n<li>Tiene funciones de Fr\u00edo y de Calor, por lo que es \u00fatil todo el a\u00f1o.<\/li>\n<li>Tiene 12.000 BTU y se recomienda para espacios de 20 o hasta 30 m2.<\/li>\n<li>Filtra virus y mata bacterias<\/li>\n<li>Autodiagnostico<\/li>\n<li>Sistema que detecta actividad en el ambiente por medio de cambio de temperatura.<\/li>\n<\/ul>\n<p>___________________________________________________________________<\/p>\n<p><strong>\u00a0 \u00a0 \u00a0 \u00a0 \u00a0 \u00a0 \u00a0 \u00a0 \u00a0 \u00a0 \u00a0 DESPACHOS EN 72 HRS H\u00c1BILES<\/strong><\/p>\n<p>___________________________________________________________________<\/p>\n","protected":false},"featured_media":11918,"template":"","meta":{"_acf_changed":false,"_seopress_robots_primary_cat":"","_seopress_titles_title":"","_seopress_titles_desc":"","_seopress_robots_index":""},"product_brand":[],"product_cat":[385,388,623],"product_tag":[],"class_list":{"0":"post-1335","1":"product","2":"type-product","3":"status-publish","4":"has-post-thumbnail","6":"product_cat-aire-acondicionado","7":"product_cat-aire-acondicionado-portatil","8":"product_cat-climatizacion","9":"pa_marca-splendid-2","11":"first","12":"instock","13":"sale","14":"taxable","15":"shipping-taxable","16":"purchasable","17":"product-type-simple"},"acf":[],"_links":{"self":[{"href":"https:\/\/boxsolution.cl\/BOXSOLUTION\/wp-json\/wp\/v2\/product\/1335","targetHints":{"allow":["GET"]}}],"collection":[{"href":"https:\/\/boxsolution.cl\/BOXSOLUTION\/wp-json\/wp\/v2\/product"}],"about":[{"href":"https:\/\/boxsolution.cl\/BOXSOLUTION\/wp-json\/wp\/v2\/types\/product"}],"wp:featuredmedia":[{"embeddable":true,"href":"https:\/\/boxsolution.cl\/BOXSOLUTION\/wp-json\/wp\/v2\/media\/11918"}],"wp:attachment":[{"href":"https:\/\/boxsolution.cl\/BOXSOLUTION\/wp-json\/wp\/v2\/media?parent=1335"}],"wp:term":[{"taxonomy":"product_brand","embeddable":true,"href":"https:\/\/boxsolution.cl\/BOXSOLUTION\/wp-json\/wp\/v2\/product_brand?post=1335"},{"taxonomy":"product_cat","embeddable":true,"href":"https:\/\/boxsolution.cl\/BOXSOLUTION\/wp-json\/wp\/v2\/product_cat?post=1335"},{"taxonomy":"product_tag","embeddable":true,"href":"https:\/\/boxsolution.cl\/BOXSOLUTION\/wp-json\/wp\/v2\/product_tag?post=1335"}],"curies":[{"name":"wp","href":"https:\/\/api.w.org\/{rel}","templated":true}]}}