{"id":1338,"date":"2021-01-15T01:07:04","date_gmt":"2021-01-15T04:07:04","guid":{"rendered":"https:\/\/boxsolution.cl\/BOXSOLUTION\/producto\/import-placeholder-for-2371\/"},"modified":"2026-04-16T09:12:05","modified_gmt":"2026-04-16T13:12:05","slug":"termo-electrico-de-piso-rheem-454l-380v-6kw-copia","status":"publish","type":"product","link":"https:\/\/boxsolution.cl\/BOXSOLUTION\/producto\/termo-electrico-de-piso-rheem-454l-380v-6kw-copia\/","title":{"rendered":"Termo El\u00e9ctrico Rheem 454 Litros Pie 380V 6000W"},"content":{"rendered":"<ul>\n<li>Estanque esmaltado de Porcelana Bi-Capa.<\/li>\n<li>Aislaci\u00f3n de poliuretano expandido de alta densidad.<\/li>\n<li>\u00c1nodo de Magnesio que protege al 100% el tanque interior.<\/li>\n<li>Resistencias el\u00e9ctricas de Incoloy de alta durabilidad y de f\u00e1cil reposici\u00f3n.<\/li>\n<li>Potencia 6000 W<\/li>\n<li>Tiempo de recuperaci\u00f3n de 15\u00b0C a 75\u00b0C= 4,8 Hrs<\/li>\n<li>Altura con conexiones 168 cm | Di\u00e1metro 72 cm | Peso sin agua 147 kg<\/li>\n<li>Presi\u00f3n m\u00e1xima de operaci\u00f3n: 10 bar<\/li>\n<li>Di\u00e1metro de conexi\u00f3n de agua 3\/4&#8243;<\/li>\n<li>Sistema de auto limpieza patentado Everkleen.<\/li>\n<li>V\u00e1lvula de drenado que facilita su mantenci\u00f3n.<\/li>\n<li>V\u00e1lvula de seguridad sobre presi\u00f3n.<\/li>\n<li>Termostato de seguridad.<\/li>\n<li>Termo NO incluye cable el\u00e9ctrico para conexi\u00f3n<\/li>\n<li>Marca Americana<\/li>\n<li>Garantizado por 3 a\u00f1os<\/li>\n<li>Modelo piso, conexiones por lado superior de equipo<\/li>\n<\/ul>\n","protected":false},"excerpt":{"rendered":"<p>Termo El\u00e9ctrico Piso de 454 Lts 380V 6000W<\/p>\n<ul>\n<li>Disponible en 246, 303 y 454 Lts<\/li>\n<li>Conexi\u00f3n de Agua 3\/4&#8243;<\/li>\n<li>Alto 168 | Di\u00e1metro 72 cm | Peso sin Agua 147 Kg<\/li>\n<li>Rheem Marca Americana<\/li>\n<li>Garant\u00eda 3 A\u00f1os<\/li>\n<\/ul>\n[sp_easyaccordion id=\"12131\"]\n","protected":false},"featured_media":8288,"template":"","meta":{"_acf_changed":false,"_seopress_robots_primary_cat":"none","_seopress_titles_title":"","_seopress_titles_desc":"","_seopress_robots_index":""},"product_brand":[],"product_cat":[397,707,372,392,373],"product_tag":[],"class_list":{"0":"post-1338","1":"product","2":"type-product","3":"status-publish","4":"has-post-thumbnail","6":"product_cat-agua-caliente","7":"product_cat-cyber","8":"product_cat-equipos-y-repuestos-para-agua-caliente","9":"product_cat-termo-trifasico","10":"product_cat-termos-electricos","11":"pa_capacidad-454-lt","12":"pa_marca-rheem","13":"pa_tipo-de-equipo-piso","15":"first","16":"instock","17":"taxable","18":"shipping-taxable","19":"purchasable","20":"product-type-simple"},"acf":[],"_links":{"self":[{"href":"https:\/\/boxsolution.cl\/BOXSOLUTION\/wp-json\/wp\/v2\/product\/1338","targetHints":{"allow":["GET"]}}],"collection":[{"href":"https:\/\/boxsolution.cl\/BOXSOLUTION\/wp-json\/wp\/v2\/product"}],"about":[{"href":"https:\/\/boxsolution.cl\/BOXSOLUTION\/wp-json\/wp\/v2\/types\/product"}],"wp:featuredmedia":[{"embeddable":true,"href":"https:\/\/boxsolution.cl\/BOXSOLUTION\/wp-json\/wp\/v2\/media\/8288"}],"wp:attachment":[{"href":"https:\/\/boxsolution.cl\/BOXSOLUTION\/wp-json\/wp\/v2\/media?parent=1338"}],"wp:term":[{"taxonomy":"product_brand","embeddable":true,"href":"https:\/\/boxsolution.cl\/BOXSOLUTION\/wp-json\/wp\/v2\/product_brand?post=1338"},{"taxonomy":"product_cat","embeddable":true,"href":"https:\/\/boxsolution.cl\/BOXSOLUTION\/wp-json\/wp\/v2\/product_cat?post=1338"},{"taxonomy":"product_tag","embeddable":true,"href":"https:\/\/boxsolution.cl\/BOXSOLUTION\/wp-json\/wp\/v2\/product_tag?post=1338"}],"curies":[{"name":"wp","href":"https:\/\/api.w.org\/{rel}","templated":true}]}}