{"id":13877,"date":"2025-03-27T09:50:57","date_gmt":"2025-03-27T12:50:57","guid":{"rendered":"https:\/\/boxsolution.cl\/BOXSOLUTION\/?post_type=product&#038;p=13877"},"modified":"2025-12-02T11:40:53","modified_gmt":"2025-12-02T14:40:53","slug":"bomba-de-calor-para-piscinas-armables-hot-tub-y-jacuzzi-hasta-20m3-crosswind-rheem","status":"publish","type":"product","link":"https:\/\/boxsolution.cl\/BOXSOLUTION\/producto\/bomba-de-calor-para-piscinas-armables-hot-tub-y-jacuzzi-hasta-20m3-crosswind-rheem\/","title":{"rendered":"Bomba de Calor para Piscinas Armables, Hot tub y Jacuzzi hasta 20m3 Crosswind Rheem"},"content":{"rendered":"<table>\n<tbody>\n<tr>\n<td>Modelo<\/td>\n<td>CROSSWIND 20 M3<\/td>\n<\/tr>\n<tr>\n<td>SKU<\/td>\n<td>361010180<\/td>\n<\/tr>\n<tr>\n<td>Potencia El\u00e9ctrica<\/td>\n<td>220-240V~, 1Ph, 50Hz<\/td>\n<\/tr>\n<tr>\n<td>Funciones<\/td>\n<td>Calefacci\u00f3n y enfriamiento<\/td>\n<\/tr>\n<tr>\n<td>Volumen de aplicaci\u00f3n<\/td>\n<td>hasta 20 m\u00b3<\/td>\n<\/tr>\n<tr>\n<td>Capacidad calefacci\u00f3n (26\u00b0C\/70%)<\/td>\n<td>5.00 kW<\/td>\n<\/tr>\n<tr>\n<td>Potencia entrada (26\u00b0C\/70%)<\/td>\n<td>0.94 kW<\/td>\n<\/tr>\n<tr>\n<td>Corriente (26\u00b0C\/70%)<\/td>\n<td>4.1 A<\/td>\n<\/tr>\n<tr>\n<td>COP (26\u00b0C\/70%)<\/td>\n<td>5.33<\/td>\n<\/tr>\n<tr>\n<td>Capacidad calefacci\u00f3n (15\u00b0C\/70%)<\/td>\n<td>4.26 kW<\/td>\n<\/tr>\n<tr>\n<td>Potencia entrada (15\u00b0C\/70%)<\/td>\n<td>0.89 kW<\/td>\n<\/tr>\n<tr>\n<td>Corriente (15\u00b0C\/70%)<\/td>\n<td>3.9 A<\/td>\n<\/tr>\n<tr>\n<td>COP (15\u00b0C\/70%)<\/td>\n<td>4.41<\/td>\n<\/tr>\n<tr>\n<td>Capacidad enfriamiento (35\u00b0C)<\/td>\n<td>3.42 kW<\/td>\n<\/tr>\n<tr>\n<td>Potencia entrada (35\u00b0C)<\/td>\n<td>1.07 kW<\/td>\n<\/tr>\n<tr>\n<td>Corriente (35\u00b0C)<\/td>\n<td>4.6 A<\/td>\n<\/tr>\n<tr>\n<td>EER (35\u00b0C)<\/td>\n<td>3.26<\/td>\n<\/tr>\n<tr>\n<td>M\u00e1xima Potencia<\/td>\n<td>1.6 kW<\/td>\n<\/tr>\n<tr>\n<td>M\u00e1xima corriente<\/td>\n<td>7.0 A<\/td>\n<\/tr>\n<tr>\n<td>Flujo de agua<\/td>\n<td>3 m\u00b3\/h<\/td>\n<\/tr>\n<tr>\n<td>Rango temperatura ambiente<\/td>\n<td>7\u00b0C &#8211; 43\u00b0C<\/td>\n<\/tr>\n<tr>\n<td>Refrigerante<\/td>\n<td>R32<\/td>\n<\/tr>\n<tr>\n<td>Factor de carga<\/td>\n<td>0.40 kg<\/td>\n<\/tr>\n<tr>\n<td>Intercambiador de calor<\/td>\n<td>Tubo espiral de titanio en PVC<\/td>\n<\/tr>\n<tr>\n<td>Nivel ruido @1m<\/td>\n<td>45 dB(A)<\/td>\n<\/tr>\n<tr>\n<td>Nivel ruido @10m<\/td>\n<td>29 dB(A)<\/td>\n<\/tr>\n<tr>\n<td>Conexiones agua entrada<\/td>\n<td>\u03a632\/\u03a638 mm<\/td>\n<\/tr>\n<tr>\n<td>Conexiones agua salida<\/td>\n<td>\u03a632\/\u03a638 mm<\/td>\n<\/tr>\n<tr>\n<td>Dimensiones producto<\/td>\n<td>396\u00d7286\u00d7433 mm<\/td>\n<\/tr>\n<tr>\n<td>Dimensiones embalaje<\/td>\n<td>465\u00d7370\u00d7465 mm<\/td>\n<\/tr>\n<tr>\n<td>Peso neto<\/td>\n<td>22.5 kg<\/td>\n<\/tr>\n<tr>\n<td>Peso bruto<\/td>\n<td>25.5 kg<\/td>\n<\/tr>\n<\/tbody>\n<\/table>\n","protected":false},"excerpt":{"rendered":"<p>Ideal para piscinas armables e inflables<br \/>\nNo requiere instalaci\u00f3n especializada<br \/>\nConexi\u00f3n con encuche de 220V<br \/>\nSistema f\u00e1cil y r\u00e1pido de conexi\u00f3n de agua<br \/>\nBajo consumo el\u00e9ctrico<br \/>\nIntercambiador de calor de titanio<\/p>\n[sp_easyaccordion id=\"9822\"]\n","protected":false},"featured_media":13880,"template":"","meta":{"_acf_changed":false,"_seopress_robots_primary_cat":"none","_seopress_titles_title":"","_seopress_titles_desc":"","_seopress_robots_index":""},"product_brand":[],"product_cat":[756,751],"product_tag":[],"class_list":{"0":"post-13877","1":"product","2":"type-product","3":"status-publish","4":"has-post-thumbnail","6":"product_cat-calentador-piscina-electrico","7":"product_cat-categoria-calefont","9":"first","10":"instock","11":"taxable","12":"shipping-taxable","13":"purchasable","14":"product-type-simple"},"acf":[],"_links":{"self":[{"href":"https:\/\/boxsolution.cl\/BOXSOLUTION\/wp-json\/wp\/v2\/product\/13877","targetHints":{"allow":["GET"]}}],"collection":[{"href":"https:\/\/boxsolution.cl\/BOXSOLUTION\/wp-json\/wp\/v2\/product"}],"about":[{"href":"https:\/\/boxsolution.cl\/BOXSOLUTION\/wp-json\/wp\/v2\/types\/product"}],"wp:featuredmedia":[{"embeddable":true,"href":"https:\/\/boxsolution.cl\/BOXSOLUTION\/wp-json\/wp\/v2\/media\/13880"}],"wp:attachment":[{"href":"https:\/\/boxsolution.cl\/BOXSOLUTION\/wp-json\/wp\/v2\/media?parent=13877"}],"wp:term":[{"taxonomy":"product_brand","embeddable":true,"href":"https:\/\/boxsolution.cl\/BOXSOLUTION\/wp-json\/wp\/v2\/product_brand?post=13877"},{"taxonomy":"product_cat","embeddable":true,"href":"https:\/\/boxsolution.cl\/BOXSOLUTION\/wp-json\/wp\/v2\/product_cat?post=13877"},{"taxonomy":"product_tag","embeddable":true,"href":"https:\/\/boxsolution.cl\/BOXSOLUTION\/wp-json\/wp\/v2\/product_tag?post=13877"}],"curies":[{"name":"wp","href":"https:\/\/api.w.org\/{rel}","templated":true}]}}