{"id":14580,"date":"2025-05-28T21:52:00","date_gmt":"2025-05-29T01:52:00","guid":{"rendered":"https:\/\/boxsolution.cl\/BOXSOLUTION\/?post_type=product&#038;p=14580"},"modified":"2025-11-19T08:53:12","modified_gmt":"2025-11-19T11:53:12","slug":"filtro-antisarro-para-calefont-lavadora-y-lavavajillas-splendid-aquaprotec","status":"publish","type":"product","link":"https:\/\/boxsolution.cl\/BOXSOLUTION\/producto\/filtro-antisarro-para-calefont-lavadora-y-lavavajillas-splendid-aquaprotec\/","title":{"rendered":"Filtro Antisarro para Calefont, Lavadora y Lavavajillas Splendid AquaProtec"},"content":{"rendered":"<div class=\"row mb-2 mt-4\">\n<div class=\"col-12\">\n<h2><\/h2>\n<\/div>\n<\/div>\n<div>\n<div>\n<div class=\"row m-3\">\n<div class=\"col\">\n<figure class=\"table\">\n<table>\n<tbody>\n<tr>\n<td>Medio filtrante<\/td>\n<td>Polifosfato de grado alimenticio<\/td>\n<\/tr>\n<tr>\n<td>Temperatura de trabajo<\/td>\n<td>4\u2103 &#8211; 50\u2103<\/td>\n<\/tr>\n<tr>\n<td>Dureza Max<\/td>\n<td>500 ppm STD<\/td>\n<\/tr>\n<\/tbody>\n<\/table>\n<\/figure>\n<\/div>\n<div class=\"col\">\n<figure class=\"table\">\n<table>\n<tbody>\n<tr>\n<td>Presi\u00f3n de trabajo<\/td>\n<td>8-100 PSI<\/td>\n<\/tr>\n<tr>\n<td>Conexi\u00f3n<\/td>\n<td>1\/2 HE\/HI ISO228G<\/td>\n<\/tr>\n<tr>\n<td>Contenido de polifosfato<\/td>\n<td>150 gr<\/td>\n<\/tr>\n<\/tbody>\n<\/table>\n<\/figure>\n<\/div>\n<\/div>\n<\/div>\n<\/div>\n","protected":false},"excerpt":{"rendered":"<h2><strong>Filtro Antisarro para calefones hasta 10 litros, lavadoras y lavavajillas Splendid Aquaprotec<\/strong><\/h2>\n<p>&nbsp;<\/p>\n<p>El Filtro Antisarro de Agua Splendid es la soluci\u00f3n perfecta para combatir el sarro en tus ca\u00f1er\u00edas. Este filtro reduce la dureza del agua y protege tus electrodom\u00e9sticos como calefont, lavadora y lavavajillas, alargando su vida \u00fatil. Imagina un hogar donde las ca\u00f1er\u00edas est\u00e1n libres de sarro y tus equipos funcionan de manera \u00f3ptima, sin el desgaste prematuro causado por la dureza del agua.<\/p>\n","protected":false},"featured_media":14673,"template":"","meta":{"_acf_changed":false,"_seopress_robots_primary_cat":"none","_seopress_titles_title":"","_seopress_titles_desc":"","_seopress_robots_index":""},"product_brand":[],"product_cat":[758],"product_tag":[],"class_list":{"0":"post-14580","1":"product","2":"type-product","3":"status-publish","4":"has-post-thumbnail","6":"product_cat-filtros-de-agua","8":"first","9":"instock","10":"taxable","11":"shipping-taxable","12":"purchasable","13":"product-type-simple"},"acf":[],"_links":{"self":[{"href":"https:\/\/boxsolution.cl\/BOXSOLUTION\/wp-json\/wp\/v2\/product\/14580","targetHints":{"allow":["GET"]}}],"collection":[{"href":"https:\/\/boxsolution.cl\/BOXSOLUTION\/wp-json\/wp\/v2\/product"}],"about":[{"href":"https:\/\/boxsolution.cl\/BOXSOLUTION\/wp-json\/wp\/v2\/types\/product"}],"wp:featuredmedia":[{"embeddable":true,"href":"https:\/\/boxsolution.cl\/BOXSOLUTION\/wp-json\/wp\/v2\/media\/14673"}],"wp:attachment":[{"href":"https:\/\/boxsolution.cl\/BOXSOLUTION\/wp-json\/wp\/v2\/media?parent=14580"}],"wp:term":[{"taxonomy":"product_brand","embeddable":true,"href":"https:\/\/boxsolution.cl\/BOXSOLUTION\/wp-json\/wp\/v2\/product_brand?post=14580"},{"taxonomy":"product_cat","embeddable":true,"href":"https:\/\/boxsolution.cl\/BOXSOLUTION\/wp-json\/wp\/v2\/product_cat?post=14580"},{"taxonomy":"product_tag","embeddable":true,"href":"https:\/\/boxsolution.cl\/BOXSOLUTION\/wp-json\/wp\/v2\/product_tag?post=14580"}],"curies":[{"name":"wp","href":"https:\/\/api.w.org\/{rel}","templated":true}]}}