{"id":14587,"date":"2025-05-28T21:51:50","date_gmt":"2025-05-29T01:51:50","guid":{"rendered":"https:\/\/boxsolution.cl\/BOXSOLUTION\/?post_type=product&#038;p=14587"},"modified":"2025-11-19T08:53:11","modified_gmt":"2025-11-19T11:53:11","slug":"repuestos-filtros-polipropileno-y-polifosfato-para-filtro-triple-splendid-aquaprotec","status":"publish","type":"product","link":"https:\/\/boxsolution.cl\/BOXSOLUTION\/producto\/repuestos-filtros-polipropileno-y-polifosfato-para-filtro-triple-splendid-aquaprotec\/","title":{"rendered":"Repuestos filtros polipropileno y polifosfato para Filtro Triple Splendid AquaProtec"},"content":{"rendered":"<table>\n<tbody>\n<tr>\n<td>Material<\/td>\n<td>Polipropileno + Polifosfato<\/td>\n<\/tr>\n<tr>\n<td>Funci\u00f3n<\/td>\n<td>Remoci\u00f3n de sedimentos y sarro<\/td>\n<\/tr>\n<tr>\n<td>Uso<\/td>\n<td>Para Filtro Triple<\/td>\n<\/tr>\n<tr>\n<td>Duraci\u00f3n<\/td>\n<td>Cambio cada 6 meses<\/td>\n<\/tr>\n<\/tbody>\n<\/table>\n","protected":false},"excerpt":{"rendered":"<h2><strong>Repuestos filtros polipropileno y polifosfato para Filtro Triple Splendid AquaProtec<\/strong><\/h2>\n<p>&nbsp;<\/p>\n<p>Mant\u00e9n el agua de todo tu hogar, tus equipos y electrodom\u00e9sticos en \u00f3ptimas condiciones con el pack de filtros AquaProtec. El pack de cartuchos de repuesto incluye el filtro de polipropileno y filtro de polifosfato grado alimenticio, garantizando la eliminaci\u00f3n de sedimentos y la reducci\u00f3n de sarro en tus ca\u00f1er\u00edas. Imagina disfrutar de agua pura y cristalina, mientras prolongas la vida \u00fatil de tus productos y cuidas tu salud.<\/p>\n<p>&nbsp;<\/p>\n<p>Recuerda cambiar los filtros cada seis meses para mantener la eficacia de tu Filtro Triple. \u00a1Haz de AquaProtec tu aliado en la lucha contra los sedimentos y el sarro!<\/p>\n","protected":false},"featured_media":14590,"template":"","meta":{"_acf_changed":false,"_seopress_robots_primary_cat":"none","_seopress_titles_title":"","_seopress_titles_desc":"","_seopress_robots_index":""},"product_brand":[],"product_cat":[758],"product_tag":[],"class_list":{"0":"post-14587","1":"product","2":"type-product","3":"status-publish","4":"has-post-thumbnail","6":"product_cat-filtros-de-agua","8":"first","9":"instock","10":"taxable","11":"shipping-taxable","12":"purchasable","13":"product-type-simple"},"acf":[],"_links":{"self":[{"href":"https:\/\/boxsolution.cl\/BOXSOLUTION\/wp-json\/wp\/v2\/product\/14587","targetHints":{"allow":["GET"]}}],"collection":[{"href":"https:\/\/boxsolution.cl\/BOXSOLUTION\/wp-json\/wp\/v2\/product"}],"about":[{"href":"https:\/\/boxsolution.cl\/BOXSOLUTION\/wp-json\/wp\/v2\/types\/product"}],"wp:featuredmedia":[{"embeddable":true,"href":"https:\/\/boxsolution.cl\/BOXSOLUTION\/wp-json\/wp\/v2\/media\/14590"}],"wp:attachment":[{"href":"https:\/\/boxsolution.cl\/BOXSOLUTION\/wp-json\/wp\/v2\/media?parent=14587"}],"wp:term":[{"taxonomy":"product_brand","embeddable":true,"href":"https:\/\/boxsolution.cl\/BOXSOLUTION\/wp-json\/wp\/v2\/product_brand?post=14587"},{"taxonomy":"product_cat","embeddable":true,"href":"https:\/\/boxsolution.cl\/BOXSOLUTION\/wp-json\/wp\/v2\/product_cat?post=14587"},{"taxonomy":"product_tag","embeddable":true,"href":"https:\/\/boxsolution.cl\/BOXSOLUTION\/wp-json\/wp\/v2\/product_tag?post=14587"}],"curies":[{"name":"wp","href":"https:\/\/api.w.org\/{rel}","templated":true}]}}