{"id":14594,"date":"2025-05-28T21:51:42","date_gmt":"2025-05-29T01:51:42","guid":{"rendered":"https:\/\/boxsolution.cl\/BOXSOLUTION\/?post_type=product&#038;p=14594"},"modified":"2025-11-19T08:53:12","modified_gmt":"2025-11-19T11:53:12","slug":"recarga-de-polifosfato-500gr-para-filtros-antisarro-splendid-aquaprotec","status":"publish","type":"product","link":"https:\/\/boxsolution.cl\/BOXSOLUTION\/producto\/recarga-de-polifosfato-500gr-para-filtros-antisarro-splendid-aquaprotec\/","title":{"rendered":"Recarga de polifosfato 500gr para Filtros Antisarro Splendid AquaProtec"},"content":{"rendered":"<table>\n<tbody>\n<tr>\n<td>Material<\/td>\n<td>Polifosfato de grado alimenticio<\/td>\n<\/tr>\n<tr>\n<td>Contenido<\/td>\n<td>500 gr<\/td>\n<\/tr>\n<tr>\n<td>Funci\u00f3n<\/td>\n<td>Evita la formaci\u00f3n de incrustaciones de sarro<\/td>\n<\/tr>\n<tr>\n<td>Uso<\/td>\n<td>Para Filtros Antisarro Aquaprotec Splendid<\/td>\n<\/tr>\n<tr>\n<td>Duraci\u00f3n<\/td>\n<td>Recarga cada 3 a 6 meses<\/td>\n<\/tr>\n<\/tbody>\n<\/table>\n","protected":false},"excerpt":{"rendered":"<h2><strong>Recarga de polifosfato 500gr para Filtros Antisarro Splendid AquaProtec<\/strong><\/h2>\n<p>&nbsp;<\/p>\n<p>La recarga de 500 grs. para filtros antisarro de polifosfato es la soluci\u00f3n perfecta para mantener tus electrodom\u00e9sticos libres de incrustaciones de sarro. Con una duraci\u00f3n de hasta 18 meses en filtros de 150 grs. y hasta 12 meses en filtros de 250 grs., esta recarga garantiza una protecci\u00f3n prolongada y eficaz. Evita la formaci\u00f3n de sarro y prolonga la vida \u00fatil de tus productos, asegurando un rendimiento \u00f3ptimo y una mayor durabilidad. \u00a1Conf\u00eda en la calidad y protecci\u00f3n que ofrece Splendid para cuidar tu hogar!<\/p>\n","protected":false},"featured_media":14597,"template":"","meta":{"_acf_changed":false,"_seopress_robots_primary_cat":"none","_seopress_titles_title":"","_seopress_titles_desc":"","_seopress_robots_index":""},"product_brand":[],"product_cat":[758],"product_tag":[],"class_list":{"0":"post-14594","1":"product","2":"type-product","3":"status-publish","4":"has-post-thumbnail","6":"product_cat-filtros-de-agua","8":"first","9":"instock","10":"taxable","11":"shipping-taxable","12":"purchasable","13":"product-type-simple"},"acf":[],"_links":{"self":[{"href":"https:\/\/boxsolution.cl\/BOXSOLUTION\/wp-json\/wp\/v2\/product\/14594","targetHints":{"allow":["GET"]}}],"collection":[{"href":"https:\/\/boxsolution.cl\/BOXSOLUTION\/wp-json\/wp\/v2\/product"}],"about":[{"href":"https:\/\/boxsolution.cl\/BOXSOLUTION\/wp-json\/wp\/v2\/types\/product"}],"wp:featuredmedia":[{"embeddable":true,"href":"https:\/\/boxsolution.cl\/BOXSOLUTION\/wp-json\/wp\/v2\/media\/14597"}],"wp:attachment":[{"href":"https:\/\/boxsolution.cl\/BOXSOLUTION\/wp-json\/wp\/v2\/media?parent=14594"}],"wp:term":[{"taxonomy":"product_brand","embeddable":true,"href":"https:\/\/boxsolution.cl\/BOXSOLUTION\/wp-json\/wp\/v2\/product_brand?post=14594"},{"taxonomy":"product_cat","embeddable":true,"href":"https:\/\/boxsolution.cl\/BOXSOLUTION\/wp-json\/wp\/v2\/product_cat?post=14594"},{"taxonomy":"product_tag","embeddable":true,"href":"https:\/\/boxsolution.cl\/BOXSOLUTION\/wp-json\/wp\/v2\/product_tag?post=14594"}],"curies":[{"name":"wp","href":"https:\/\/api.w.org\/{rel}","templated":true}]}}