{"id":14606,"date":"2025-05-28T21:51:19","date_gmt":"2025-05-29T01:51:19","guid":{"rendered":"https:\/\/boxsolution.cl\/BOXSOLUTION\/?post_type=product&#038;p=14606"},"modified":"2026-04-13T10:28:13","modified_gmt":"2026-04-13T14:28:13","slug":"filtro-triple-antisarro-sedimentos-y-cloro-splendid-aquaprotec","status":"publish","type":"product","link":"https:\/\/boxsolution.cl\/BOXSOLUTION\/producto\/filtro-triple-antisarro-sedimentos-y-cloro-splendid-aquaprotec\/","title":{"rendered":"Filtro Triple Antisarro, Sedimentos y Cloro Splendid AquaProtec"},"content":{"rendered":"<h2>Filtro Triple antisarro, sedimentos y cloro Splendid AquaProtec<\/h2>\n<p>El sarro y los sedimentos en el agua pueden da\u00f1ar tus ca\u00f1er\u00edas y acortar la vida \u00fatil de tus electrodom\u00e9sticos. Con el Filtro Triple de Agua, olv\u00eddate de los problemas de dureza del agua y disfruta de un flujo limpio y seguro en todo tu hogar. Gracias a su triple sistema de filtrado con polipropileno, esferas de polifosfato y carb\u00f3n activado, elimina impurezas, evita la formaci\u00f3n de sarro y mejora el sabor del agua.<\/p>\n","protected":false},"excerpt":{"rendered":"<div class=\"col\">\n<figure class=\"table\">\n<table>\n<tbody>\n<tr>\n<td>Medio filtrante<\/td>\n<td>Polipropileno 5 micras, polifosfato, carb\u00f3n activado<\/td>\n<\/tr>\n<tr>\n<td>Temperatura de trabajo<\/td>\n<td>4\u00baC &#8211; 50\u00baC<\/td>\n<\/tr>\n<tr>\n<td>Dureza m\u00e1xima<\/td>\n<td>500 ppm STD<\/td>\n<\/tr>\n<tr>\n<td>Presi\u00f3n de trabajo<\/td>\n<td>8 &#8211; 100 PSI<\/td>\n<\/tr>\n<\/tbody>\n<\/table>\n<\/figure>\n<\/div>\n<div class=\"col\">\n<figure class=\"table\">\n<table>\n<tbody>\n<tr>\n<td>Conexi\u00f3n<\/td>\n<td>3\/4 HI<\/td>\n<\/tr>\n<tr>\n<td>Vida \u00fatil del polifosfato<\/td>\n<td>6 meses<\/td>\n<\/tr>\n<tr>\n<td>Vida \u00fatil del polipropileno<\/td>\n<td>6 meses<\/td>\n<\/tr>\n<tr>\n<td>Vida \u00fatil del carb\u00f3n activado<\/td>\n<td>1 a\u00f1o<\/td>\n<\/tr>\n<\/tbody>\n<\/table>\n<\/figure>\n<\/div>\n","protected":false},"featured_media":14609,"template":"","meta":{"_acf_changed":false,"_seopress_robots_primary_cat":"none","_seopress_titles_title":"","_seopress_titles_desc":"","_seopress_robots_index":""},"product_brand":[],"product_cat":[758],"product_tag":[],"class_list":{"0":"post-14606","1":"product","2":"type-product","3":"status-publish","4":"has-post-thumbnail","6":"product_cat-filtros-de-agua","8":"first","9":"instock","10":"taxable","11":"shipping-taxable","12":"purchasable","13":"product-type-simple"},"acf":[],"_links":{"self":[{"href":"https:\/\/boxsolution.cl\/BOXSOLUTION\/wp-json\/wp\/v2\/product\/14606","targetHints":{"allow":["GET"]}}],"collection":[{"href":"https:\/\/boxsolution.cl\/BOXSOLUTION\/wp-json\/wp\/v2\/product"}],"about":[{"href":"https:\/\/boxsolution.cl\/BOXSOLUTION\/wp-json\/wp\/v2\/types\/product"}],"wp:featuredmedia":[{"embeddable":true,"href":"https:\/\/boxsolution.cl\/BOXSOLUTION\/wp-json\/wp\/v2\/media\/14609"}],"wp:attachment":[{"href":"https:\/\/boxsolution.cl\/BOXSOLUTION\/wp-json\/wp\/v2\/media?parent=14606"}],"wp:term":[{"taxonomy":"product_brand","embeddable":true,"href":"https:\/\/boxsolution.cl\/BOXSOLUTION\/wp-json\/wp\/v2\/product_brand?post=14606"},{"taxonomy":"product_cat","embeddable":true,"href":"https:\/\/boxsolution.cl\/BOXSOLUTION\/wp-json\/wp\/v2\/product_cat?post=14606"},{"taxonomy":"product_tag","embeddable":true,"href":"https:\/\/boxsolution.cl\/BOXSOLUTION\/wp-json\/wp\/v2\/product_tag?post=14606"}],"curies":[{"name":"wp","href":"https:\/\/api.w.org\/{rel}","templated":true}]}}