{"id":14614,"date":"2025-05-28T21:51:08","date_gmt":"2025-05-29T01:51:08","guid":{"rendered":"https:\/\/boxsolution.cl\/BOXSOLUTION\/?post_type=product&#038;p=14614"},"modified":"2026-01-14T11:32:53","modified_gmt":"2026-01-14T14:32:53","slug":"filtro-antisarro-para-calefont-termo-y-caldera-splendid-aquaprotec","status":"publish","type":"product","link":"https:\/\/boxsolution.cl\/BOXSOLUTION\/producto\/filtro-antisarro-para-calefont-termo-y-caldera-splendid-aquaprotec\/","title":{"rendered":"Filtro Antisarro para Calefont, Termo y Caldera Splendid AquaProtec"},"content":{"rendered":"<h2><strong>Filtro Antisarro para calefones hasta 10 litros, termos y calderas Splendid Aquaprotec<\/strong><\/h2>\n<p>&nbsp;<\/p>\n<p>El Filtro Antisarro de Agua Splendid es la soluci\u00f3n perfecta para combatir el sarro en tus ca\u00f1er\u00edas. Este filtro reduce la dureza del agua y protege tus electrodom\u00e9sticos como calefont, termos y calderas, alargando su vida \u00fatil. Imagina un hogar donde las ca\u00f1er\u00edas est\u00e1n libres de sarro y tus equipos funcionan de manera \u00f3ptima, sin el desgaste prematuro causado por la dureza del agua.<\/p>\n<p>&nbsp;<\/p>\n","protected":false},"excerpt":{"rendered":"<p>Filtro Antisarro para calefones hasta 10 litros, termos y calderas Splendid Aquaprotec &nbsp; El Filtro Antisarro de Agua Splendid es la soluci\u00f3n perfecta para combatir el sarro en tus ca\u00f1er\u00edas. Este filtro reduce la dureza del agua y protege tus electrodom\u00e9sticos como calefont, termos y calderas, alargando su vida \u00fatil. Imagina un hogar donde las &#8230; <a title=\"Filtro Antisarro para Calefont, Termo y Caldera Splendid AquaProtec\" class=\"read-more\" href=\"https:\/\/boxsolution.cl\/BOXSOLUTION\/producto\/filtro-antisarro-para-calefont-termo-y-caldera-splendid-aquaprotec\/\" aria-label=\"Leer m\u00e1s sobre Filtro Antisarro para Calefont, Termo y Caldera Splendid AquaProtec\">Leer m\u00e1s<\/a><\/p>\n","protected":false},"featured_media":14621,"template":"","meta":{"_acf_changed":false,"_seopress_robots_primary_cat":"none","_seopress_titles_title":"","_seopress_titles_desc":"","_seopress_robots_index":""},"product_brand":[],"product_cat":[758],"product_tag":[],"class_list":{"0":"post-14614","1":"product","2":"type-product","3":"status-publish","4":"has-post-thumbnail","6":"product_cat-filtros-de-agua","8":"first","9":"instock","10":"taxable","11":"shipping-taxable","12":"purchasable","13":"product-type-simple"},"acf":[],"_links":{"self":[{"href":"https:\/\/boxsolution.cl\/BOXSOLUTION\/wp-json\/wp\/v2\/product\/14614","targetHints":{"allow":["GET"]}}],"collection":[{"href":"https:\/\/boxsolution.cl\/BOXSOLUTION\/wp-json\/wp\/v2\/product"}],"about":[{"href":"https:\/\/boxsolution.cl\/BOXSOLUTION\/wp-json\/wp\/v2\/types\/product"}],"wp:featuredmedia":[{"embeddable":true,"href":"https:\/\/boxsolution.cl\/BOXSOLUTION\/wp-json\/wp\/v2\/media\/14621"}],"wp:attachment":[{"href":"https:\/\/boxsolution.cl\/BOXSOLUTION\/wp-json\/wp\/v2\/media?parent=14614"}],"wp:term":[{"taxonomy":"product_brand","embeddable":true,"href":"https:\/\/boxsolution.cl\/BOXSOLUTION\/wp-json\/wp\/v2\/product_brand?post=14614"},{"taxonomy":"product_cat","embeddable":true,"href":"https:\/\/boxsolution.cl\/BOXSOLUTION\/wp-json\/wp\/v2\/product_cat?post=14614"},{"taxonomy":"product_tag","embeddable":true,"href":"https:\/\/boxsolution.cl\/BOXSOLUTION\/wp-json\/wp\/v2\/product_tag?post=14614"}],"curies":[{"name":"wp","href":"https:\/\/api.w.org\/{rel}","templated":true}]}}