{"id":14640,"date":"2025-05-28T21:50:28","date_gmt":"2025-05-29T01:50:28","guid":{"rendered":"https:\/\/boxsolution.cl\/BOXSOLUTION\/?post_type=product&#038;p=14640"},"modified":"2025-11-03T16:41:16","modified_gmt":"2025-11-03T19:41:16","slug":"filtro-tipo-y-colector-de-impurezas-en-calefones-termos-y-bombas-splendid-aquaprotec","status":"publish","type":"product","link":"https:\/\/boxsolution.cl\/BOXSOLUTION\/producto\/filtro-tipo-y-colector-de-impurezas-en-calefones-termos-y-bombas-splendid-aquaprotec\/","title":{"rendered":"Filtro tipo Y colector de impurezas en Calefones, Termos y Bombas Splendid AquaProtec"},"content":{"rendered":"<h2><strong>Filtro tipo Y para calefones, termos y bombas Aquaprotec Splendid\u00a0<\/strong><\/h2>\n<p>&nbsp;<\/p>\n<p>Dale a tu hogar la protecci\u00f3n que se merece con el Filtro Y de \u00bd&#8221; Splendid. Este filtro atrapa sarro, part\u00edculas, arena y sedimentos, cuidando las ca\u00f1er\u00edas y garantizando un flujo de agua m\u00e1s limpio. Ideal para instalar en calefont, termos y bombas presurizadoras, es la soluci\u00f3n perfecta para evitar obstrucciones y desgaste prematuro.<\/p>\n","protected":false},"excerpt":{"rendered":"<div class=\"col\">\n<figure class=\"table\">\n<table>\n<tbody>\n<tr>\n<td>Modelo<\/td>\n<td>Filtro Y \u00bd\u201d HI\/HE<\/td>\n<\/tr>\n<tr>\n<td>Aplicaci\u00f3n<\/td>\n<td>Calefont, termos, bombas de agua y otros<\/td>\n<\/tr>\n<tr>\n<td>Tipo de conexi\u00f3n<\/td>\n<td>Hembra &#8211; Hembra \u00bd\u201d<\/td>\n<\/tr>\n<tr>\n<td>Ubicaci\u00f3n<\/td>\n<td>Entrada agua fr\u00eda o salida caliente<\/td>\n<\/tr>\n<\/tbody>\n<\/table>\n<\/figure>\n<\/div>\n<div class=\"col\">\n<figure class=\"table\">\n<table>\n<tbody>\n<tr>\n<td>Material<\/td>\n<td>Lat\u00f3n con malla filtrante<\/td>\n<\/tr>\n<tr>\n<td>Retenci\u00f3n<\/td>\n<td>Tierra, arena, sarro y sedimentos<\/td>\n<\/tr>\n<tr>\n<td>Mantenimiento<\/td>\n<td>Malla desmontable y lavable<\/td>\n<\/tr>\n<\/tbody>\n<\/table>\n<\/figure>\n<\/div>\n","protected":false},"featured_media":14643,"template":"","meta":{"_acf_changed":false,"_seopress_robots_primary_cat":"none","_seopress_titles_title":"","_seopress_titles_desc":"","_seopress_robots_index":""},"product_brand":[],"product_cat":[758],"product_tag":[],"class_list":{"0":"post-14640","1":"product","2":"type-product","3":"status-publish","4":"has-post-thumbnail","6":"product_cat-filtros-de-agua","8":"first","9":"instock","10":"taxable","11":"shipping-taxable","12":"purchasable","13":"product-type-simple"},"acf":[],"_links":{"self":[{"href":"https:\/\/boxsolution.cl\/BOXSOLUTION\/wp-json\/wp\/v2\/product\/14640","targetHints":{"allow":["GET"]}}],"collection":[{"href":"https:\/\/boxsolution.cl\/BOXSOLUTION\/wp-json\/wp\/v2\/product"}],"about":[{"href":"https:\/\/boxsolution.cl\/BOXSOLUTION\/wp-json\/wp\/v2\/types\/product"}],"wp:featuredmedia":[{"embeddable":true,"href":"https:\/\/boxsolution.cl\/BOXSOLUTION\/wp-json\/wp\/v2\/media\/14643"}],"wp:attachment":[{"href":"https:\/\/boxsolution.cl\/BOXSOLUTION\/wp-json\/wp\/v2\/media?parent=14640"}],"wp:term":[{"taxonomy":"product_brand","embeddable":true,"href":"https:\/\/boxsolution.cl\/BOXSOLUTION\/wp-json\/wp\/v2\/product_brand?post=14640"},{"taxonomy":"product_cat","embeddable":true,"href":"https:\/\/boxsolution.cl\/BOXSOLUTION\/wp-json\/wp\/v2\/product_cat?post=14640"},{"taxonomy":"product_tag","embeddable":true,"href":"https:\/\/boxsolution.cl\/BOXSOLUTION\/wp-json\/wp\/v2\/product_tag?post=14640"}],"curies":[{"name":"wp","href":"https:\/\/api.w.org\/{rel}","templated":true}]}}