{"id":15012,"date":"2025-08-06T16:17:36","date_gmt":"2025-08-06T20:17:36","guid":{"rendered":"https:\/\/boxsolution.cl\/BOXSOLUTION\/?post_type=product&#038;p=15012"},"modified":"2026-04-08T11:51:17","modified_gmt":"2026-04-08T15:51:17","slug":"extension-ducto-de-evacuacion-de-gases-o80mm-para-calefon-tiro-forzado","status":"publish","type":"product","link":"https:\/\/boxsolution.cl\/BOXSOLUTION\/producto\/extension-ducto-de-evacuacion-de-gases-o80mm-para-calefon-tiro-forzado\/","title":{"rendered":"Extensi\u00f3n Ducto de Evacuaci\u00f3n de Gases \u00d880mm para calef\u00f3n tiro forzado"},"content":{"rendered":"<p>Extensi\u00f3n de evacuaci\u00f3n de gases Splendid para calefones de Tiro Forzado. Todos nuestros productos son nuevos, sellados y cuentan con garant\u00eda. Para una gran experiencia de compra recuerda siempre lo siguiente:<\/p>\n<p>&#8211; Haz todas las preguntas necesarias antes de comprar.<br \/>\n&#8211; Verifica tu tipo de tiro y litraje. Si no sabes puedes consultarnos.<br \/>\n&#8211; La instalaci\u00f3n de nuestros productos se debe realizar por profesionales certificados.<br \/>\n&#8211; Para una correcta devoluci\u00f3n de producto, el embalaje debe estar \u00f3ptimas condiciones.<\/p>\n<p>&nbsp;<\/p>\n","protected":false},"excerpt":{"rendered":"<p>Di\u00e1metro: 80 mm<\/p>\n<p>Longitud: 500 mm<\/p>\n","protected":false},"featured_media":15015,"template":"","meta":{"_acf_changed":false,"_seopress_robots_primary_cat":"none","_seopress_titles_title":"","_seopress_titles_desc":"","_seopress_robots_index":""},"product_brand":[],"product_cat":[462,751,461],"product_tag":[],"class_list":{"0":"post-15012","1":"product","2":"type-product","3":"status-publish","4":"has-post-thumbnail","6":"product_cat-accesorios-repuestos-y-accesorios-agua-caliente","7":"product_cat-categoria-calefont","8":"product_cat-repuestos-y-accesorios-agua-caliente","10":"first","11":"instock","12":"taxable","13":"shipping-taxable","14":"purchasable","15":"product-type-simple"},"acf":[],"_links":{"self":[{"href":"https:\/\/boxsolution.cl\/BOXSOLUTION\/wp-json\/wp\/v2\/product\/15012","targetHints":{"allow":["GET"]}}],"collection":[{"href":"https:\/\/boxsolution.cl\/BOXSOLUTION\/wp-json\/wp\/v2\/product"}],"about":[{"href":"https:\/\/boxsolution.cl\/BOXSOLUTION\/wp-json\/wp\/v2\/types\/product"}],"wp:featuredmedia":[{"embeddable":true,"href":"https:\/\/boxsolution.cl\/BOXSOLUTION\/wp-json\/wp\/v2\/media\/15015"}],"wp:attachment":[{"href":"https:\/\/boxsolution.cl\/BOXSOLUTION\/wp-json\/wp\/v2\/media?parent=15012"}],"wp:term":[{"taxonomy":"product_brand","embeddable":true,"href":"https:\/\/boxsolution.cl\/BOXSOLUTION\/wp-json\/wp\/v2\/product_brand?post=15012"},{"taxonomy":"product_cat","embeddable":true,"href":"https:\/\/boxsolution.cl\/BOXSOLUTION\/wp-json\/wp\/v2\/product_cat?post=15012"},{"taxonomy":"product_tag","embeddable":true,"href":"https:\/\/boxsolution.cl\/BOXSOLUTION\/wp-json\/wp\/v2\/product_tag?post=15012"}],"curies":[{"name":"wp","href":"https:\/\/api.w.org\/{rel}","templated":true}]}}