{"id":15503,"date":"2025-11-13T09:13:22","date_gmt":"2025-11-13T12:13:22","guid":{"rendered":"https:\/\/boxsolution.cl\/BOXSOLUTION\/?post_type=product&#038;p=15503"},"modified":"2026-03-26T08:53:03","modified_gmt":"2026-03-26T11:53:03","slug":"valvula-mezcladora-termostatica-esbe-de-1-2-para-termos","status":"publish","type":"product","link":"https:\/\/boxsolution.cl\/BOXSOLUTION\/producto\/valvula-mezcladora-termostatica-esbe-de-1-2-para-termos\/","title":{"rendered":"V\u00e1lvula Mezcladora Termost\u00e1tica Rheem 1\/2&#8243;"},"content":{"rendered":"<h2><strong>V\u00e1lvula Mezcladora Termost\u00e1tica, la soluci\u00f3n para mejorar el rendimiento de tu termo el\u00e9ctrico.<\/strong><\/h2>\n<p>La V\u00e1lvula regula el flujo de agua caliente en funci\u00f3n de la temperatura del agua que sale del termo el\u00e9ctrico. Funciona de manera autom\u00e1tica, ajustando el flujo de agua caliente para mantener constante la temperatura del agua en el punto de consumo. Cuando la temperatura del agua es m\u00e1s baja de lo deseado, la v\u00e1lvula se abre para permitir m\u00e1s flujo de agua caliente. Si la temperatura es m\u00e1s alta, la v\u00e1lvula se cierra para reducir el flujo de agua caliente.<\/p>\n<p>&nbsp;<\/p>\n<div class=\"row mb-2 mt-4\">\n<div class=\"col-12\">\n<h2>Detalles T\u00e9cnicos<\/h2>\n<\/div>\n<\/div>\n<div>\n<table>\n<tbody>\n<tr>\n<td>Presi\u00f3n de trabajo<\/td>\n<td>10 bar<\/td>\n<\/tr>\n<tr>\n<td>Rango<\/td>\n<td>35\u00b0 a 50\u00b0 C<\/td>\n<\/tr>\n<tr>\n<td>Temperatura de flujo<\/td>\n<td>95\u00b0 C<\/td>\n<\/tr>\n<tr>\n<td>Conexi\u00f3n<\/td>\n<td>1\/2&#8221;<\/td>\n<\/tr>\n<tr>\n<td>Origen<\/td>\n<td>Suecia<\/td>\n<\/tr>\n<tr>\n<td>Conexiones<\/td>\n<td>Rosca Hembra ISO7\/1<\/td>\n<\/tr>\n<\/tbody>\n<\/table>\n<\/div>\n","protected":false},"excerpt":{"rendered":"<ul>\n<li>Aumenta la capacidad de tu termo hasta en 30%<\/li>\n<li>Temperatura constante<\/li>\n<li>Ahorro de energ\u00eda y dinero<\/li>\n<li>Protecci\u00f3n frente a quemaduras<\/li>\n<li>Para termos de muro y piso<\/li>\n<\/ul>\n","protected":false},"featured_media":15506,"template":"","meta":{"_acf_changed":false,"_seopress_robots_primary_cat":"none","_seopress_titles_title":"","_seopress_titles_desc":"","_seopress_robots_index":""},"product_brand":[],"product_cat":[462,461],"product_tag":[],"class_list":{"0":"post-15503","1":"product","2":"type-product","3":"status-publish","4":"has-post-thumbnail","6":"product_cat-accesorios-repuestos-y-accesorios-agua-caliente","7":"product_cat-repuestos-y-accesorios-agua-caliente","9":"first","10":"instock","11":"taxable","12":"shipping-taxable","13":"purchasable","14":"product-type-simple"},"acf":[],"_links":{"self":[{"href":"https:\/\/boxsolution.cl\/BOXSOLUTION\/wp-json\/wp\/v2\/product\/15503","targetHints":{"allow":["GET"]}}],"collection":[{"href":"https:\/\/boxsolution.cl\/BOXSOLUTION\/wp-json\/wp\/v2\/product"}],"about":[{"href":"https:\/\/boxsolution.cl\/BOXSOLUTION\/wp-json\/wp\/v2\/types\/product"}],"wp:featuredmedia":[{"embeddable":true,"href":"https:\/\/boxsolution.cl\/BOXSOLUTION\/wp-json\/wp\/v2\/media\/15506"}],"wp:attachment":[{"href":"https:\/\/boxsolution.cl\/BOXSOLUTION\/wp-json\/wp\/v2\/media?parent=15503"}],"wp:term":[{"taxonomy":"product_brand","embeddable":true,"href":"https:\/\/boxsolution.cl\/BOXSOLUTION\/wp-json\/wp\/v2\/product_brand?post=15503"},{"taxonomy":"product_cat","embeddable":true,"href":"https:\/\/boxsolution.cl\/BOXSOLUTION\/wp-json\/wp\/v2\/product_cat?post=15503"},{"taxonomy":"product_tag","embeddable":true,"href":"https:\/\/boxsolution.cl\/BOXSOLUTION\/wp-json\/wp\/v2\/product_tag?post=15503"}],"curies":[{"name":"wp","href":"https:\/\/api.w.org\/{rel}","templated":true}]}}