{"id":15544,"date":"2025-11-21T10:52:56","date_gmt":"2025-11-21T13:52:56","guid":{"rendered":"https:\/\/boxsolution.cl\/BOXSOLUTION\/?post_type=product&#038;p=15544"},"modified":"2026-01-07T12:14:12","modified_gmt":"2026-01-07T15:14:12","slug":"colchon-cumbres-1-5-plaza","status":"publish","type":"product","link":"https:\/\/boxsolution.cl\/BOXSOLUTION\/producto\/colchon-cumbres-1-5-plaza\/","title":{"rendered":"Colch\u00f3n Poliuretano Cumbre M-500 &#8211; 1.5 Plazas"},"content":{"rendered":"<p><strong>Descanso anat\u00f3mico y acolchado ergon\u00f3mico:<\/strong><br \/>\nEstructura que se adaptan suavemente al cuerpo, reduciendo la presi\u00f3n y mejorando la postura al dormir.<\/p>\n<p><strong>Soporte firme y uniforme:<\/strong><br \/>\nN\u00facleo de poliuretano mecanizado y perforado de alta densidad (17 cm) que mantiene la estabilidad, regula el movimiento y evita hundimientos.<\/p>\n<p><strong>Tela retardante al fuego RZ690:<\/strong><br \/>\nMayor seguridad gracias al retardante aplicado, ideal para entornos industriales y campamentos.<\/p>\n<p><strong>Acolchado por ambos lados:<\/strong><br \/>\nIncorpora l\u00e1minas de poliuretano de alta densidad para uso reversible y prolongar su vida \u00fatil.<\/p>\n<p><strong>M\u00e1xima higiene y protecci\u00f3n:<\/strong><br \/>\nIncorpora nanopart\u00edculas de cobre, que ayudan a combatir bacterias, \u00e1caros y virus.<\/p>\n<p><strong>Faja lateral respirable con tecnolog\u00eda AirFlow:<\/strong><br \/>\nTela 3D con microporos que permite la ventilaci\u00f3n interna y mantiene el colch\u00f3n m\u00e1s fresco y sanitizado.<\/p>\n<p><strong>Producto fabricado en Chile por Mantahue.<\/strong><\/p>\n","protected":false},"excerpt":{"rendered":"<p data-start=\"143\" data-end=\"190\"><strong>Lo que debes saber de este producto:<\/strong><\/p>\n<p class=\"\" data-start=\"143\" data-end=\"190\">\u2022 <strong>1,5 plazas:<\/strong> Ancho 105cm | Largo 190cm | Alto 22cm<br \/>\n\u2022 Colch\u00f3n de Poliuretano, <strong>sin resortes<\/strong>.<br \/>\n\u2022 <strong>Nivel de firmeza:<\/strong> Media. Se adapta a tu cuerpo.<br \/>\n\u2022 Ventilaci\u00f3n AirFlow para una mejor ventilaci\u00f3n.<br \/>\n\u2022 <strong>Reversible<\/strong>, cara superior e inferior con acolchado Tricot con retardante al fuego RZ690.<br \/>\n\u2022 Nanopart\u00edculas de cobre para cuidarte de bacterias, \u00e1caros y virus.<br \/>\n\u2022 N\u00facleo de poliuretano HR de alta densidad con mecanizado perforado transpirable.<br \/>\n\u2022 <strong>F\u00e1cil de transportar<\/strong>, se entrega sellado al vac\u00edo en caja.<\/p>\n[sp_easyaccordion id=\"15649\"]\n","protected":false},"featured_media":15549,"template":"","meta":{"_acf_changed":false,"_seopress_robots_primary_cat":"none","_seopress_titles_title":"","_seopress_titles_desc":"","_seopress_robots_index":""},"product_brand":[759],"product_cat":[752],"product_tag":[],"class_list":{"0":"post-15544","1":"product","2":"type-product","3":"status-publish","4":"has-post-thumbnail","6":"product_brand-mantahue","7":"product_cat-hoteleria","9":"first","10":"instock","11":"taxable","12":"shipping-taxable","13":"purchasable","14":"product-type-simple"},"acf":[],"_links":{"self":[{"href":"https:\/\/boxsolution.cl\/BOXSOLUTION\/wp-json\/wp\/v2\/product\/15544","targetHints":{"allow":["GET"]}}],"collection":[{"href":"https:\/\/boxsolution.cl\/BOXSOLUTION\/wp-json\/wp\/v2\/product"}],"about":[{"href":"https:\/\/boxsolution.cl\/BOXSOLUTION\/wp-json\/wp\/v2\/types\/product"}],"wp:featuredmedia":[{"embeddable":true,"href":"https:\/\/boxsolution.cl\/BOXSOLUTION\/wp-json\/wp\/v2\/media\/15549"}],"wp:attachment":[{"href":"https:\/\/boxsolution.cl\/BOXSOLUTION\/wp-json\/wp\/v2\/media?parent=15544"}],"wp:term":[{"taxonomy":"product_brand","embeddable":true,"href":"https:\/\/boxsolution.cl\/BOXSOLUTION\/wp-json\/wp\/v2\/product_brand?post=15544"},{"taxonomy":"product_cat","embeddable":true,"href":"https:\/\/boxsolution.cl\/BOXSOLUTION\/wp-json\/wp\/v2\/product_cat?post=15544"},{"taxonomy":"product_tag","embeddable":true,"href":"https:\/\/boxsolution.cl\/BOXSOLUTION\/wp-json\/wp\/v2\/product_tag?post=15544"}],"curies":[{"name":"wp","href":"https:\/\/api.w.org\/{rel}","templated":true}]}}