{"id":15603,"date":"2025-11-21T11:35:20","date_gmt":"2025-11-21T14:35:20","guid":{"rendered":"https:\/\/boxsolution.cl\/BOXSOLUTION\/?post_type=product&#038;p=15603"},"modified":"2026-02-23T08:15:56","modified_gmt":"2026-02-23T11:15:56","slug":"futon-cadiz-sin-brazo-3-cuerpos-tela-genova-grafito","status":"publish","type":"product","link":"https:\/\/boxsolution.cl\/BOXSOLUTION\/producto\/futon-cadiz-sin-brazo-3-cuerpos-tela-genova-grafito\/","title":{"rendered":"Fut\u00f3n Cadiz &#8211; 3 Cuerpos Grafito"},"content":{"rendered":"<p><strong>Funcional y moderno:<\/strong><br \/>\nDise\u00f1ado para quienes buscan un sof\u00e1 funcional y con estilo, el Fut\u00f3n Cadiz combina tradici\u00f3n en fabricaci\u00f3n, materiales de alta calidad y un aspecto moderno que se adapta a cualquier espacio.<\/p>\n<p><strong>Estructura de madera de primera calidad:<\/strong><br \/>\nEsqueleto de madera s\u00f3lida, reforzada y cepillada para mayor resistencia y vida \u00fatil. Incorpora tiras tapiceras el\u00e1sticas entrelazadas que mejoran el soporte del asiento, hasta 180 kilos.<\/p>\n<p><strong>Soporte c\u00f3modo y ergon\u00f3mico:<\/strong><br \/>\nRelleno de espumas poliuretano de alta resiliencia tanto en asiento como respaldo, que ofrecen mejor postura y confort al sentarse o dormir.<\/p>\n<p><strong>Tres posiciones de uso:<\/strong><br \/>\nIdeal para descansar, ver TV o usar como cama cuando se necesite. Su armado es simple y estable, sin movimientos ni ruidos.<\/p>\n<p><strong>Medidas:<\/strong><br \/>\nAlto: 78 Cm<br \/>\nAncho: 170 Cm<br \/>\nProfundidad: 86 Cm<\/p>\n<p><strong>Dise\u00f1o interior:<\/strong><br \/>\n\u2022Su esqueleto es de madera calibrada y cepillada de primera calidad, con un armado de escuadras de madera y tacos de soporte interior que dan la firmeza, calidad y garant\u00eda de a\u00f1os de fabricaci\u00f3n y tradici\u00f3n de los futones Mantahue.<\/p>\n<p>\u2022Reforzados con hincha tapicera de 2\u201d elasticada en su base, con una estructura entrelazada y soportada al bastidor del asiento.<\/p>\n<p>\u2022Los poliuretanos ocupados como soporte directo, son HR de alta resiliencia y densidad, lo que brinda una mejor postura tanto en el asiento como en el respaldo.<\/p>\n<p><strong>Dise\u00f1o Exterior:<\/strong><br \/>\n\u2022Las telas utilizadas para nuestros dise\u00f1os, son tapices importados de dise\u00f1os modernos y gran durabilidad. Con colores diversos y matices para cada ambiente y hogar.<br \/>\n\u2022Los asientos son rellenos de poliuretano HR al igual que el respaldo.<br \/>\n\u2022Posee soportes de PVC Wood imitaci\u00f3n madera, estructurados con un hilo central reforzado por una matriz de nervaduras que lo hacen muy resistente.<\/p>\n<p><strong>Producto fabricado en Chile por Mantahue.<\/strong><\/p>\n","protected":false},"excerpt":{"rendered":"<p data-start=\"143\" data-end=\"190\"><strong>Lo que debes saber de este producto:<\/strong><\/p>\n<p class=\"\" data-start=\"143\" data-end=\"190\">\u2022 <strong>3 cuerpos:<\/strong> Ancho 170cm | Alto 78cm | Profundidad 86cm<br \/>\n\u2022 Estructura de madera calibrada, asegura durabilidad y resistencia.<br \/>\n\u2022 <strong>Resiste:<\/strong> Hasta 180kg.<br \/>\n\u2022 Acolchado c\u00f3modo y ergon\u00f3mico.<br \/>\n\u2022 <strong>3 posiciones de uso:<\/strong> Fut\u00f3n, reclinado o cama.<br \/>\n\u2022 Asiento y respaldo rellenos con poliuretano HR de alta densidad.<br \/>\n\u2022 Dise\u00f1o moderno y funcional: color grafito \/ gris.<br \/>\n\u2022 <strong>F\u00e1cil de armar<\/strong>.<\/p>\n[sp_easyaccordion id=\"15649\"]\n","protected":false},"featured_media":15692,"template":"","meta":{"_acf_changed":false,"_seopress_robots_primary_cat":"none","_seopress_titles_title":"","_seopress_titles_desc":"","_seopress_robots_index":""},"product_brand":[759],"product_cat":[752],"product_tag":[],"class_list":{"0":"post-15603","1":"product","2":"type-product","3":"status-publish","4":"has-post-thumbnail","6":"product_brand-mantahue","7":"product_cat-hoteleria","9":"first","10":"instock","11":"taxable","12":"shipping-taxable","13":"purchasable","14":"product-type-simple"},"acf":[],"_links":{"self":[{"href":"https:\/\/boxsolution.cl\/BOXSOLUTION\/wp-json\/wp\/v2\/product\/15603","targetHints":{"allow":["GET"]}}],"collection":[{"href":"https:\/\/boxsolution.cl\/BOXSOLUTION\/wp-json\/wp\/v2\/product"}],"about":[{"href":"https:\/\/boxsolution.cl\/BOXSOLUTION\/wp-json\/wp\/v2\/types\/product"}],"wp:featuredmedia":[{"embeddable":true,"href":"https:\/\/boxsolution.cl\/BOXSOLUTION\/wp-json\/wp\/v2\/media\/15692"}],"wp:attachment":[{"href":"https:\/\/boxsolution.cl\/BOXSOLUTION\/wp-json\/wp\/v2\/media?parent=15603"}],"wp:term":[{"taxonomy":"product_brand","embeddable":true,"href":"https:\/\/boxsolution.cl\/BOXSOLUTION\/wp-json\/wp\/v2\/product_brand?post=15603"},{"taxonomy":"product_cat","embeddable":true,"href":"https:\/\/boxsolution.cl\/BOXSOLUTION\/wp-json\/wp\/v2\/product_cat?post=15603"},{"taxonomy":"product_tag","embeddable":true,"href":"https:\/\/boxsolution.cl\/BOXSOLUTION\/wp-json\/wp\/v2\/product_tag?post=15603"}],"curies":[{"name":"wp","href":"https:\/\/api.w.org\/{rel}","templated":true}]}}