{"id":15699,"date":"2025-11-27T11:32:46","date_gmt":"2025-11-27T14:32:46","guid":{"rendered":"https:\/\/boxsolution.cl\/BOXSOLUTION\/?post_type=product&#038;p=15699"},"modified":"2026-03-01T17:04:16","modified_gmt":"2026-03-01T20:04:16","slug":"sofa-ranco-con-brazo-3-cuerpos-tela-genova-grafito","status":"publish","type":"product","link":"https:\/\/boxsolution.cl\/BOXSOLUTION\/producto\/sofa-ranco-con-brazo-3-cuerpos-tela-genova-grafito\/","title":{"rendered":"Sofa Cama Ranco &#8211; 3 Cuerpos Grafito"},"content":{"rendered":"<p><strong>Funcional y moderno:<\/strong><br \/>\nDise\u00f1ado para ofrecer un descanso c\u00f3modo y funcional. Su fabricaci\u00f3n combina tradici\u00f3n, materiales reforzados y un aspecto moderno que se adapta a cualquier espacio.<\/p>\n<p><strong>Estructura de madera de alta calidad:<\/strong><br \/>\nEsqueleto de madera s\u00f3lida, reforzada y cepillada para mayor resistencia y vida \u00fatil. Incorpora tiras tapiceras el\u00e1sticas entrelazadas y resortes tipo Nosag que mejoran el soporte del asiento, hasta 180 kg.<\/p>\n<p><strong>Soporte c\u00f3modo y ergon\u00f3mico:<\/strong><br \/>\nTanto asiento como respaldo cuentan con poliuretano HR de alta densidad que mejora la postura y el confort al sentarse o descansar.<\/p>\n<p><strong>Tres posiciones de uso:<\/strong><br \/>\nFunciona como sof\u00e1, fut\u00f3n reclinado o cama, ajust\u00e1ndose a distintas necesidades. Su armado es simple y estable, sin movimientos ni ruidos.<\/p>\n<p><strong>Medidas amplias y funcionales:<\/strong><br \/>\nDimensiones c\u00f3modas como sof\u00e1 y como cama, ideales tanto para uso diario como ocasional.<\/p>\n<p data-start=\"1049\" data-end=\"1199\"><strong data-start=\"1051\" data-end=\"1073\">Medidas como Sof\u00e1:<\/strong><br data-start=\"1073\" data-end=\"1076\" \/>Altura: 78 cm.<br data-start=\"1090\" data-end=\"1093\" \/>Ancho Total: 205 cm.<br data-start=\"1113\" data-end=\"1116\" \/>Fondo: 86 cm.<br data-start=\"1129\" data-end=\"1132\" \/>Altura a base: 50 cm.<br data-start=\"1153\" data-end=\"1156\" \/>Ancho brazo: 20 cm<br data-start=\"1174\" data-end=\"1177\" \/>Altura a Brazo: 59 cm.<\/p>\n<p data-start=\"1201\" data-end=\"1288\"><strong data-start=\"1203\" data-end=\"1225\">Medidas como Cama:<\/strong><br data-start=\"1225\" data-end=\"1228\" \/>Altura: 45 cm.<br data-start=\"1242\" data-end=\"1245\" \/>Ancho Total: 186 cm.<br data-start=\"1265\" data-end=\"1268\" \/>Largo Total: 185 cm.<\/p>\n<p data-start=\"86\" data-end=\"106\"><strong data-start=\"86\" data-end=\"106\">Dise\u00f1o Exterior:<\/strong><\/p>\n<p data-start=\"108\" data-end=\"328\">\u2022 Con tela tapiz importados de la m\u00e1s alta calidad.<br data-start=\"159\" data-end=\"162\" \/>\u2022 Posee soportes de PVC imitaci\u00f3n madera, estructurados por una matriz de nervaduras que lo hacen muy resistente.<br data-start=\"275\" data-end=\"278\" \/>\u2022 Presentaci\u00f3n en 3 cuerpos<br data-start=\"305\" data-end=\"308\" \/>3 posiciones de uso.<\/p>\n<p data-start=\"330\" data-end=\"350\"><strong data-start=\"330\" data-end=\"350\">Dise\u00f1o Interior:<\/strong><\/p>\n<p data-start=\"352\" data-end=\"496\">\u2022 Su Estructura de madera calibrada y cepillada de primera calidad, con un armado de escuadras y tacos de soporte interior que dan la firmeza.<br \/>\n\u2022 Reforzados con cinta tapicera de 2\u201d en su base, con una estructura entrelazada y el\u00e1stica que va al bastidor del asiento y al respaldo.<br data-start=\"635\" data-end=\"638\" \/>\u2022 El cuerpo completo m\u00e1s brazos que acompa\u00f1a al dise\u00f1o del fut\u00f3n Ranco es detalladamente confeccionado con poliuretano HR de alta resiliencia y densidad, para dar un mayor confort y calidad a la hora de descansar.<\/p>\n<p data-start=\"853\" data-end=\"1047\">Resorte Nosag, alambr\u00f3n de alta resistencia en forma de zigzag con conectores al bastidor. Es uno de los formatos pl\u00e1sticos m\u00e1s modernos para sustentar la base del asiento de nuestros productos.<\/p>\n<p><strong>Producto fabricado en Chile por Mantahue.<\/strong><\/p>\n","protected":false},"excerpt":{"rendered":"<p data-start=\"143\" data-end=\"190\"><strong>Lo que debes saber de este producto:<\/strong><\/p>\n<p class=\"\" data-start=\"143\" data-end=\"190\">\u2022 <strong>3 cuerpos:<\/strong> Ancho 205cm | Alto 78cm | Profundidad 86cm<br \/>\n\u2022 Estructura de madera calibrada, asegura durabilidad y resistencia.<br \/>\n\u2022 <strong>Resiste:<\/strong> Hasta 180kg.<br \/>\n\u2022 Acolchado c\u00f3modo y ergon\u00f3mico.<br \/>\n\u2022 <strong>3 posiciones de uso:<\/strong> Sof\u00e1, fut\u00f3n o cama.<br \/>\n\u2022 Asiento y respaldo rellenos con poliuretano HR de alta densidad.<br \/>\n\u2022 Dise\u00f1o moderno y funcional: color grafito \/ gris.<br \/>\n\u2022 <strong>F\u00e1cil de armar<\/strong>.<\/p>\n[sp_easyaccordion id=\"15649\"]\n","protected":false},"featured_media":15700,"template":"","meta":{"_acf_changed":false,"_seopress_robots_primary_cat":"none","_seopress_titles_title":"","_seopress_titles_desc":"","_seopress_robots_index":""},"product_brand":[759],"product_cat":[752],"product_tag":[],"class_list":{"0":"post-15699","1":"product","2":"type-product","3":"status-publish","4":"has-post-thumbnail","6":"product_brand-mantahue","7":"product_cat-hoteleria","9":"first","10":"instock","11":"taxable","12":"shipping-taxable","13":"purchasable","14":"product-type-simple"},"acf":[],"_links":{"self":[{"href":"https:\/\/boxsolution.cl\/BOXSOLUTION\/wp-json\/wp\/v2\/product\/15699","targetHints":{"allow":["GET"]}}],"collection":[{"href":"https:\/\/boxsolution.cl\/BOXSOLUTION\/wp-json\/wp\/v2\/product"}],"about":[{"href":"https:\/\/boxsolution.cl\/BOXSOLUTION\/wp-json\/wp\/v2\/types\/product"}],"wp:featuredmedia":[{"embeddable":true,"href":"https:\/\/boxsolution.cl\/BOXSOLUTION\/wp-json\/wp\/v2\/media\/15700"}],"wp:attachment":[{"href":"https:\/\/boxsolution.cl\/BOXSOLUTION\/wp-json\/wp\/v2\/media?parent=15699"}],"wp:term":[{"taxonomy":"product_brand","embeddable":true,"href":"https:\/\/boxsolution.cl\/BOXSOLUTION\/wp-json\/wp\/v2\/product_brand?post=15699"},{"taxonomy":"product_cat","embeddable":true,"href":"https:\/\/boxsolution.cl\/BOXSOLUTION\/wp-json\/wp\/v2\/product_cat?post=15699"},{"taxonomy":"product_tag","embeddable":true,"href":"https:\/\/boxsolution.cl\/BOXSOLUTION\/wp-json\/wp\/v2\/product_tag?post=15699"}],"curies":[{"name":"wp","href":"https:\/\/api.w.org\/{rel}","templated":true}]}}