{"id":15836,"date":"2025-12-03T09:12:55","date_gmt":"2025-12-03T12:12:55","guid":{"rendered":"https:\/\/boxsolution.cl\/BOXSOLUTION\/?post_type=product&#038;p=15836"},"modified":"2026-03-12T15:54:52","modified_gmt":"2026-03-12T18:54:52","slug":"calefont-digital-18-litros-gas-licuado-tiro-forzado-rheem","status":"publish","type":"product","link":"https:\/\/boxsolution.cl\/BOXSOLUTION\/producto\/calefont-digital-18-litros-gas-licuado-tiro-forzado-rheem\/","title":{"rendered":"Calefont Digital 18 litros Gas licuado Tiro forzado Rheem"},"content":{"rendered":"<div class=\"row mb-2 mt-4\">\n<div class=\"col-12\">\n<h1 style=\"text-align: center\">NUEVO Calefont Digital tiro forzado Rheem compatible con Comfort Control<\/h1>\n<h3 style=\"text-align: center\">Descubre el nuevo Calef\u00f3n Digital Rheem 18-21L Tiro Forzado: m\u00e1xima eficiencia, tecnolog\u00eda de punta y comodidad total. Compatible con el control Comfort Control (se vende por separado), te permite ajustar la temperatura del agua desde cualquier habitaci\u00f3n sin cables ni conexi\u00f3n WiFi, con un alcance de hasta 30 metros. Cuenta con panel digital, sistema modulante que ahorra hasta un 30% de energ\u00eda, serpent\u00edn 100% de cobre, m\u00faltiples sistemas de seguridad, y es ideal para uso simult\u00e1neo en varias salidas de agua. \u00a1Agua caliente al instante, con la confiabilidad de una marca con m\u00e1s de 100 a\u00f1os de innovaci\u00f3n!<\/h3>\n<div class=\"col-12\" style=\"text-align: center\">\n<h1 style=\"text-align: center\">Detalles T\u00e9cnicos<\/h1>\n<\/div>\n<div style=\"text-align: center\">\n<div class=\"row m-3\">\n<div class=\"col\">\n<div class=\"col-12\">\n<div>\n<div class=\"row m-3\">\n<div class=\"col\"><\/div>\n<\/div>\n<\/div>\n<table>\n<tbody>\n<tr>\n<td>Capacidad<\/td>\n<td>18 litros<\/td>\n<\/tr>\n<tr>\n<td>Tipo de gas<\/td>\n<td>Gas Licuado<\/td>\n<\/tr>\n<tr>\n<td>Tiro<\/td>\n<td>Forzado<\/td>\n<\/tr>\n<tr>\n<td>Recomendaci\u00f3n de uso<\/td>\n<td>2 duchas<\/td>\n<\/tr>\n<tr>\n<td>Eficiencia energ\u00e9tica<\/td>\n<td>A<\/td>\n<\/tr>\n<tr>\n<td>Potencia<\/td>\n<td>31,5 kW<\/td>\n<\/tr>\n<tr>\n<td>Potencia \u00fatil m\u00ednima<\/td>\n<td>5,1 kW<\/td>\n<\/tr>\n<tr>\n<td>Potencia \u00fatil nominal<\/td>\n<td>31,5 kW<\/td>\n<\/tr>\n<tr>\n<td>Consumo t\u00e9rmico nominal<\/td>\n<td>34 kW<\/td>\n<\/tr>\n<tr>\n<td>Caudal m\u00ednimo de encendido<\/td>\n<td>3,5 litros\/min<\/td>\n<\/tr>\n<tr>\n<td>Rango de temperatura disponible<\/td>\n<td>38-65\u00b0C<\/td>\n<\/tr>\n<tr>\n<td>Incremento de temperatura nominal del agua<\/td>\n<td>25\u00b0C<\/td>\n<\/tr>\n<tr>\n<td>Presi\u00f3n alimentaci\u00f3n de gas<\/td>\n<td>28 mbar<\/td>\n<\/tr>\n<tr>\n<td>Presi\u00f3n encendido con m\u00e1ximo de agua<\/td>\n<td>0,7 bar<\/td>\n<\/tr>\n<tr>\n<td>Presi\u00f3n encendido con m\u00ednimo de agua<\/td>\n<td>0,1 bar<\/td>\n<\/tr>\n<tr>\n<td>Presi\u00f3n m\u00e1xima de agua<\/td>\n<td>1000 kPa<\/td>\n<\/tr>\n<tr>\n<td>Distancia entre conexiones de agua<\/td>\n<td>276 mm<\/td>\n<\/tr>\n<tr>\n<td>Di\u00e1metro de ducto evacuaci\u00f3n de gases<\/td>\n<td>80 mm<\/td>\n<\/tr>\n<tr>\n<td>Roscas de conexi\u00f3n de agua<\/td>\n<td>G1\/2&#8221;<\/td>\n<\/tr>\n<tr>\n<td>Roscas de conexi\u00f3n de gas<\/td>\n<td>G1\/2&#8221;<\/td>\n<\/tr>\n<tr>\n<td>Frecuencia<\/td>\n<td>50-60 Hz<\/td>\n<\/tr>\n<tr>\n<td>Voltaje<\/td>\n<td>220 V<\/td>\n<\/tr>\n<tr>\n<td>Alto (mm)<\/td>\n<td>570 mm<\/td>\n<\/tr>\n<tr>\n<td>Ancho (mm)<\/td>\n<td>380 mm<\/td>\n<\/tr>\n<tr>\n<td>Fondo (mm)<\/td>\n<td>165 mm<\/td>\n<\/tr>\n<tr>\n<td>Peso neto (kg)<\/td>\n<td>13,5 kg<\/td>\n<\/tr>\n<tr>\n<td>Alto embalado (mm)<\/td>\n<td>730 mm<\/td>\n<\/tr>\n<tr>\n<td>Ancho embalado (mm)<\/td>\n<td>230 mm<\/td>\n<\/tr>\n<tr>\n<td>Fondo embalado (mm)<\/td>\n<td>440 mm<\/td>\n<\/tr>\n<tr>\n<td>Peso embalado (kg)<\/td>\n<td>13 kg<\/td>\n<\/tr>\n<tr>\n<td>Garant\u00eda<\/td>\n<td>3 a\u00f1os<\/td>\n<\/tr>\n<tr>\n<td><\/td>\n<\/tr>\n<\/tbody>\n<\/table>\n<\/div>\n<\/div>\n<div>\n<div class=\"row m-3\">\n<div class=\"col\"><\/div>\n<\/div>\n<\/div>\n<\/div>\n<\/div>\n<\/div>\n<\/div>\n<div>\n<div class=\"row m-3\" style=\"text-align: center\"><\/div>\n<\/div>\n","protected":false},"excerpt":{"rendered":"<ul>\n<li>Incluye<strong>\u00a0Kit Comfort Control\u00a0<\/strong>para controlar con precisi\u00f3n la temperatura desde la ducha.<\/li>\n<li><strong>Panel digital<\/strong>\u00a0Para determinar la Temperatura del agua.<\/li>\n<li><strong>Modulante Electr\u00f3nico Digita<\/strong>l Detecta la temperatura del agua y utiliza s\u00f3lo el gas necesario para mantener la T\u00b0 constante.<\/li>\n<li><strong>Ecosystem<\/strong>\u00a0Compatible con sistemas de recirculaci\u00f3n de agua y paneles solares.<\/li>\n<li><strong>Serpent\u00edn y c\u00e1mara 100% de cobre<\/strong><\/li>\n<\/ul>\n[sp_easyaccordion id=\"12131\"]\n","protected":false},"featured_media":15844,"template":"","meta":{"_acf_changed":false,"_seopress_robots_primary_cat":"none","_seopress_titles_title":"","_seopress_titles_desc":"","_seopress_robots_index":""},"product_brand":[],"product_cat":[398,399],"product_tag":[],"class_list":{"0":"post-15836","1":"product","2":"type-product","3":"status-publish","4":"has-post-thumbnail","6":"product_cat-calefont","7":"product_cat-calefont-tiro-forzado-calefont","9":"first","10":"instock","11":"taxable","12":"shipping-taxable","13":"purchasable","14":"product-type-simple"},"acf":[],"_links":{"self":[{"href":"https:\/\/boxsolution.cl\/BOXSOLUTION\/wp-json\/wp\/v2\/product\/15836","targetHints":{"allow":["GET"]}}],"collection":[{"href":"https:\/\/boxsolution.cl\/BOXSOLUTION\/wp-json\/wp\/v2\/product"}],"about":[{"href":"https:\/\/boxsolution.cl\/BOXSOLUTION\/wp-json\/wp\/v2\/types\/product"}],"wp:featuredmedia":[{"embeddable":true,"href":"https:\/\/boxsolution.cl\/BOXSOLUTION\/wp-json\/wp\/v2\/media\/15844"}],"wp:attachment":[{"href":"https:\/\/boxsolution.cl\/BOXSOLUTION\/wp-json\/wp\/v2\/media?parent=15836"}],"wp:term":[{"taxonomy":"product_brand","embeddable":true,"href":"https:\/\/boxsolution.cl\/BOXSOLUTION\/wp-json\/wp\/v2\/product_brand?post=15836"},{"taxonomy":"product_cat","embeddable":true,"href":"https:\/\/boxsolution.cl\/BOXSOLUTION\/wp-json\/wp\/v2\/product_cat?post=15836"},{"taxonomy":"product_tag","embeddable":true,"href":"https:\/\/boxsolution.cl\/BOXSOLUTION\/wp-json\/wp\/v2\/product_tag?post=15836"}],"curies":[{"name":"wp","href":"https:\/\/api.w.org\/{rel}","templated":true}]}}