{"id":15848,"date":"2025-12-03T09:50:24","date_gmt":"2025-12-03T12:50:24","guid":{"rendered":"https:\/\/boxsolution.cl\/BOXSOLUTION\/?post_type=product&#038;p=15848"},"modified":"2026-01-05T09:14:35","modified_gmt":"2026-01-05T12:14:35","slug":"calefont-digital-21-litros-gas-natural-tiro-forzado-con-control-remoto","status":"publish","type":"product","link":"https:\/\/boxsolution.cl\/BOXSOLUTION\/producto\/calefont-digital-21-litros-gas-natural-tiro-forzado-con-control-remoto\/","title":{"rendered":"Calefont Digital 21 litros Gas natural Tiro Forzado con Control Remoto"},"content":{"rendered":"<h1 style=\"text-align: center;\">NUEVO Calefont Digital tiro forzado Rheem con Comfort Control Incluido<\/h1>\n<h3 style=\"text-align: center;\">\u00bfTe imaginas tener agua caliente al instante y a la temperatura exacta desde cualquier lugar de tu casa? Con el calefont tiro forzado Rheem digital, eso es una realidad. El exclusivo kit Comfort Control inal\u00e1mbrico te permite ajustar la temperatura desde el ba\u00f1o, la cocina o donde quieras, con un simple toque. Adem\u00e1s, su dise\u00f1o moderno le da un plus de confort y estilo a tu hogar.<\/h3>\n<div class=\"row mb-2 mt-4\">\n<div class=\"col-12\">\n<h1 style=\"text-align: center;\">Detalles T\u00e9cnicos<\/h1>\n<\/div>\n<\/div>\n<div>\n<div>\n<div class=\"row m-3\">\n<div class=\"col\">\n<figure class=\"table\">\n<table style=\"height: 480px;\" width=\"1178\">\n<tbody>\n<tr>\n<td>Capacidad<\/td>\n<td>21 litros<\/td>\n<\/tr>\n<tr>\n<td>Tipo de gas<\/td>\n<td>Gas Natural<\/td>\n<\/tr>\n<tr>\n<td>Tiro<\/td>\n<td>Forzado<\/td>\n<\/tr>\n<tr>\n<td>Recomendaci\u00f3n de uso<\/td>\n<td>2 duchas<\/td>\n<\/tr>\n<tr>\n<td>Eficiencia energ\u00e9tica<\/td>\n<td>A<\/td>\n<\/tr>\n<tr>\n<td>Potencia<\/td>\n<td>35,7 kW<\/td>\n<\/tr>\n<tr>\n<td>Potencia \u00fatil m\u00ednima<\/td>\n<td>5,1 kW<\/td>\n<\/tr>\n<tr>\n<td>Potencia \u00fatil nominal<\/td>\n<td>35,7 kW<\/td>\n<\/tr>\n<tr>\n<td>Consumo t\u00e9rmico nominal<\/td>\n<td>38,9 kW<\/td>\n<\/tr>\n<tr>\n<td>Caudal m\u00ednimo de encendido<\/td>\n<td>3,5 litros\/min<\/td>\n<\/tr>\n<tr>\n<td>Rango de temperatura disponible<\/td>\n<td>38-65\u00b0C<\/td>\n<\/tr>\n<tr>\n<td>Incremento de temperatura nominal del agua<\/td>\n<td>25\u00b0C<\/td>\n<\/tr>\n<tr>\n<td>Presi\u00f3n alimentaci\u00f3n de gas<\/td>\n<td>18 mbar<\/td>\n<\/tr>\n<tr>\n<td>Presi\u00f3n encendido con m\u00e1ximo de agua<\/td>\n<td>0,7 bar<\/td>\n<\/tr>\n<tr>\n<td>Presi\u00f3n encendido con m\u00ednimo de agua<\/td>\n<td>0,1 bar<\/td>\n<\/tr>\n<tr>\n<td>Presi\u00f3n m\u00e1xima de agua<\/td>\n<td>1000 kPa<\/td>\n<\/tr>\n<\/tbody>\n<\/table>\n<\/figure>\n<\/div>\n<\/div>\n<\/div>\n<\/div>\n","protected":false},"excerpt":{"rendered":"<ul>\n<li>Incluye Kit Comfort Control para controlar con precisi\u00f3n la temperatura desde la ducha.<\/li>\n<li>Panel digital Para determinar la Temperatura del agua.<\/li>\n<li>Modulante Electr\u00f3nico Digital Detecta la temperatura del agua y utiliza s\u00f3lo el gas necesario para mantener la T\u00b0 constante.}<\/li>\n<li>Ecosystem Compatible con sistemas de recirculaci\u00f3n de agua y paneles solares.<\/li>\n<li>Serpent\u00edn y c\u00e1mara 100% de cobre<\/li>\n<\/ul>\n","protected":false},"featured_media":15851,"template":"","meta":{"_acf_changed":false,"_seopress_robots_primary_cat":"none","_seopress_titles_title":"","_seopress_titles_desc":"","_seopress_robots_index":""},"product_brand":[],"product_cat":[398,399],"product_tag":[],"class_list":{"0":"post-15848","1":"product","2":"type-product","3":"status-publish","4":"has-post-thumbnail","6":"product_cat-calefont","7":"product_cat-calefont-tiro-forzado-calefont","9":"first","10":"instock","11":"taxable","12":"shipping-taxable","13":"purchasable","14":"product-type-simple"},"acf":[],"_links":{"self":[{"href":"https:\/\/boxsolution.cl\/BOXSOLUTION\/wp-json\/wp\/v2\/product\/15848","targetHints":{"allow":["GET"]}}],"collection":[{"href":"https:\/\/boxsolution.cl\/BOXSOLUTION\/wp-json\/wp\/v2\/product"}],"about":[{"href":"https:\/\/boxsolution.cl\/BOXSOLUTION\/wp-json\/wp\/v2\/types\/product"}],"wp:featuredmedia":[{"embeddable":true,"href":"https:\/\/boxsolution.cl\/BOXSOLUTION\/wp-json\/wp\/v2\/media\/15851"}],"wp:attachment":[{"href":"https:\/\/boxsolution.cl\/BOXSOLUTION\/wp-json\/wp\/v2\/media?parent=15848"}],"wp:term":[{"taxonomy":"product_brand","embeddable":true,"href":"https:\/\/boxsolution.cl\/BOXSOLUTION\/wp-json\/wp\/v2\/product_brand?post=15848"},{"taxonomy":"product_cat","embeddable":true,"href":"https:\/\/boxsolution.cl\/BOXSOLUTION\/wp-json\/wp\/v2\/product_cat?post=15848"},{"taxonomy":"product_tag","embeddable":true,"href":"https:\/\/boxsolution.cl\/BOXSOLUTION\/wp-json\/wp\/v2\/product_tag?post=15848"}],"curies":[{"name":"wp","href":"https:\/\/api.w.org\/{rel}","templated":true}]}}