{"id":15867,"date":"2025-12-03T10:29:40","date_gmt":"2025-12-03T13:29:40","guid":{"rendered":"https:\/\/boxsolution.cl\/BOXSOLUTION\/?post_type=product&#038;p=15867"},"modified":"2025-12-03T10:52:47","modified_gmt":"2025-12-03T13:52:47","slug":"regulador-de-gas-licuado-splendid-de-5-11-15kg-con-flexible","status":"publish","type":"product","link":"https:\/\/boxsolution.cl\/BOXSOLUTION\/producto\/regulador-de-gas-licuado-splendid-de-5-11-15kg-con-flexible\/","title":{"rendered":"Kit Regulador De Gas Licuado Splendid De 5-11-15kg Con Flexible"},"content":{"rendered":"<h1 style=\"text-align: center;\"><strong>Regulador de gas licuado para cilindros de 5,11, y 15 kg con flexible Splendid<\/strong><\/h1>\n<h3>Descubre el regulador de gas Splendid, el aliado perfecto para brindarte seguridad y tranquilidad en el uso de tu bal\u00f3n de gas, calefont o parrilla a gas.Este regulador te ofrece un control preciso y confiable del flujo de gas. Equipado con una v\u00e1lvula de seguridad por exceso de flujo, el regulador Splendid act\u00faa autom\u00e1ticamente para limitar el caudal de gas en caso de cualquier exceso. \u00a1No m\u00e1s preocupaciones por roturas, cortes o desconexiones accidentales de la manguera de gas!<\/h3>\n<div class=\"row mb-2 mt-4\">\n<div class=\"col-12\">\n<h1 style=\"text-align: center;\">Detalles T\u00e9cnicos<\/h1>\n<\/div>\n<\/div>\n<div>\n<div>\n<table style=\"height: 181px;\" width=\"1080\">\n<tbody>\n<tr>\n<td>Modelo<\/td>\n<td>A235itG1<\/td>\n<\/tr>\n<tr>\n<td>Tipo de gas<\/td>\n<td>Gas Licuado<\/td>\n<\/tr>\n<tr>\n<td>Rango de presi\u00f3n<\/td>\n<td>0.3 16 bar<\/td>\n<\/tr>\n<tr>\n<td>Presi\u00f3n Max.<\/td>\n<td>30 mbar<\/td>\n<\/tr>\n<tr>\n<td>Rango de flujo<\/td>\n<td>2 kg\/h<\/td>\n<\/tr>\n<tr>\n<td>Di\u00e1metro entrada<\/td>\n<td>35 mm<\/td>\n<\/tr>\n<tr>\n<td>Largo del flexible<\/td>\n<td>100 cm<\/td>\n<\/tr>\n<\/tbody>\n<\/table>\n<\/div>\n<\/div>\n","protected":false},"excerpt":{"rendered":"<ul>\n<li>Inlcuye flexible de 100 cm<\/li>\n<li>Apto para cilindros de 5, 11 y 15 kg<\/li>\n<li>Apto para calefones de hasta 10 litros<\/li>\n<li>Apto para artefactos de conexi\u00f3n 1\/2&#8221;<\/li>\n<li>V\u00e1lvula de seguridad por sobreflujo<\/li>\n<li>Conexi\u00f3n G62 de acoplamiento r\u00e1pido<\/li>\n<li>Presi\u00f3n de salida: 29 Mbar<\/li>\n<li>Presi\u00f3n de entrada:16 bar<\/li>\n<li>Capacidad: 2 Kg\/h<\/li>\n<li>Tipo de Gas: GLP de dos etapas<\/li>\n<\/ul>\n","protected":false},"featured_media":15870,"template":"","meta":{"_acf_changed":false,"_seopress_robots_primary_cat":"none","_seopress_titles_title":"","_seopress_titles_desc":"","_seopress_robots_index":""},"product_brand":[],"product_cat":[462,461],"product_tag":[],"class_list":{"0":"post-15867","1":"product","2":"type-product","3":"status-publish","4":"has-post-thumbnail","6":"product_cat-accesorios-repuestos-y-accesorios-agua-caliente","7":"product_cat-repuestos-y-accesorios-agua-caliente","9":"first","10":"instock","11":"taxable","12":"shipping-taxable","13":"purchasable","14":"product-type-simple"},"acf":[],"_links":{"self":[{"href":"https:\/\/boxsolution.cl\/BOXSOLUTION\/wp-json\/wp\/v2\/product\/15867","targetHints":{"allow":["GET"]}}],"collection":[{"href":"https:\/\/boxsolution.cl\/BOXSOLUTION\/wp-json\/wp\/v2\/product"}],"about":[{"href":"https:\/\/boxsolution.cl\/BOXSOLUTION\/wp-json\/wp\/v2\/types\/product"}],"wp:featuredmedia":[{"embeddable":true,"href":"https:\/\/boxsolution.cl\/BOXSOLUTION\/wp-json\/wp\/v2\/media\/15870"}],"wp:attachment":[{"href":"https:\/\/boxsolution.cl\/BOXSOLUTION\/wp-json\/wp\/v2\/media?parent=15867"}],"wp:term":[{"taxonomy":"product_brand","embeddable":true,"href":"https:\/\/boxsolution.cl\/BOXSOLUTION\/wp-json\/wp\/v2\/product_brand?post=15867"},{"taxonomy":"product_cat","embeddable":true,"href":"https:\/\/boxsolution.cl\/BOXSOLUTION\/wp-json\/wp\/v2\/product_cat?post=15867"},{"taxonomy":"product_tag","embeddable":true,"href":"https:\/\/boxsolution.cl\/BOXSOLUTION\/wp-json\/wp\/v2\/product_tag?post=15867"}],"curies":[{"name":"wp","href":"https:\/\/api.w.org\/{rel}","templated":true}]}}