{"id":16425,"date":"2026-03-05T16:57:31","date_gmt":"2026-03-05T19:57:31","guid":{"rendered":"https:\/\/boxsolution.cl\/BOXSOLUTION\/?post_type=product&#038;p=16425"},"modified":"2026-03-05T16:57:31","modified_gmt":"2026-03-05T19:57:31","slug":"calefont-junkers-minimax-tiro-natural-16-litros-gas-licuado","status":"publish","type":"product","link":"https:\/\/boxsolution.cl\/BOXSOLUTION\/producto\/calefont-junkers-minimax-tiro-natural-16-litros-gas-licuado\/","title":{"rendered":"Calefont Junkers Minimax Tiro Natural 16 Litros Gas Licuado"},"content":{"rendered":"<p>Calef\u00f3n Tiro Natural Ionizado MinimaXX Junkers 16 litros Gas Licuado Modelo: WR16-2 B31 S4395.<\/p>\n<p>Los calefones de encendido autom\u00e1tico ionizados (con pilas), funcionan sin llama piloto permanente: se encienden y se apagan con s\u00f3lo abrir o cerrar la llave del agua caliente, permitiendo ahorrar hasta 105 kilos de gas al a\u00f1o.<\/p>\n<p>Especificaciones T\u00e9cnicas:<\/p>\n<p>&#8211; Ahorro de energ\u00eda<\/p>\n<p>&#8211; Encendido Autom\u00e1tico Ionizado (con pilas)<\/p>\n<p>&#8211; Serpent\u00edn 100% cobre<\/p>\n<p>&#8211; L\u00e1mina anticalc\u00e1reas: Evita la acumulaci\u00f3n del sarro por el paso del agua.<\/p>\n<p>&#8211; V\u00e1lvula de poliamida: Otorga mayor flexibilidad y resistencia a las heladas.<\/p>\n<p>&#8211; Membrana de silicona: \u00danica en el mercado, otorga mayor duraci\u00f3n.<\/p>\n<p>&#8211; Tres sistemas de seguridad:<\/p>\n<p>\u2022 Llama por ionizaci\u00f3n<\/p>\n<p>\u2022 Sonda anti retorno de gases<\/p>\n<p>\u2022 Limitador de temperatura &#8211; 16 litros &#8211; Gas Licuado (cilindro)<\/p>\n<p>&#8211; Fabricado en Europa<\/p>\n<p>&#8211; Garant\u00eda 3 a\u00f1os<\/p>\n<p>&#8211; Medida: 580 x 310 220<\/p>\n<p>&#8211; Peso: 11 kilos<\/p>\n<p>Accesorios que incluye:<\/p>\n<p>&#8211; Manual de uso<\/p>\n<p>&#8211; 2 tornillos para su fijaci\u00f3n<\/p>\n<p>&#8211; 2 flexibles de aguac<\/p>\n<p>&#8211; Conjunto de 2 pilas de 1.5 V<\/p>\n","protected":false},"excerpt":{"rendered":"<p>Calef\u00f3n Tiro Natural Ionizado MinimaXX Junkers 16 litros Gas Licuado Modelo: WR16-2 B31 S4395.<\/p>\n<p>Los calefones de encendido autom\u00e1tico ionizados (con pilas), funcionan sin llama piloto permanente: se encienden y se apagan con s\u00f3lo abrir o cerrar la llave del agua caliente, permitiendo ahorrar hasta 105 kilos de gas al a\u00f1o.<\/p>\n","protected":false},"featured_media":16429,"template":"","meta":{"_acf_changed":false,"_seopress_robots_primary_cat":"","_seopress_titles_title":"","_seopress_titles_desc":"","_seopress_robots_index":""},"product_brand":[],"product_cat":[397,402],"product_tag":[],"class_list":{"0":"post-16425","1":"product","2":"type-product","3":"status-publish","4":"has-post-thumbnail","6":"product_cat-agua-caliente","7":"product_cat-calefont-tiro-natural","9":"first","10":"instock","11":"taxable","12":"shipping-taxable","13":"purchasable","14":"product-type-simple"},"acf":[],"_links":{"self":[{"href":"https:\/\/boxsolution.cl\/BOXSOLUTION\/wp-json\/wp\/v2\/product\/16425","targetHints":{"allow":["GET"]}}],"collection":[{"href":"https:\/\/boxsolution.cl\/BOXSOLUTION\/wp-json\/wp\/v2\/product"}],"about":[{"href":"https:\/\/boxsolution.cl\/BOXSOLUTION\/wp-json\/wp\/v2\/types\/product"}],"wp:featuredmedia":[{"embeddable":true,"href":"https:\/\/boxsolution.cl\/BOXSOLUTION\/wp-json\/wp\/v2\/media\/16429"}],"wp:attachment":[{"href":"https:\/\/boxsolution.cl\/BOXSOLUTION\/wp-json\/wp\/v2\/media?parent=16425"}],"wp:term":[{"taxonomy":"product_brand","embeddable":true,"href":"https:\/\/boxsolution.cl\/BOXSOLUTION\/wp-json\/wp\/v2\/product_brand?post=16425"},{"taxonomy":"product_cat","embeddable":true,"href":"https:\/\/boxsolution.cl\/BOXSOLUTION\/wp-json\/wp\/v2\/product_cat?post=16425"},{"taxonomy":"product_tag","embeddable":true,"href":"https:\/\/boxsolution.cl\/BOXSOLUTION\/wp-json\/wp\/v2\/product_tag?post=16425"}],"curies":[{"name":"wp","href":"https:\/\/api.w.org\/{rel}","templated":true}]}}