{"id":3003,"date":"2017-10-12T18:01:08","date_gmt":"2017-10-12T21:01:08","guid":{"rendered":"http:\/\/boxsolution.cl\/BOX_SOLUTION\/?post_type=product&#038;p=233"},"modified":"2026-04-08T11:34:10","modified_gmt":"2026-04-08T15:34:10","slug":"termo-electrico-piso-rheem-303l-220v-32kw","status":"publish","type":"product","link":"https:\/\/boxsolution.cl\/BOXSOLUTION\/producto\/termo-electrico-piso-rheem-303l-220v-32kw\/","title":{"rendered":"Termo El\u00e9ctrico Rheem 303 Litros Pie 220V 3200W"},"content":{"rendered":"<ul>\n<li>Estanque esmaltado de Porcelana Bi-Capa.<\/li>\n<li>Aislaci\u00f3n de poliuretano expandido de alta densidad.<\/li>\n<li>\u00c1nodo de Magnesio que protege al 100% el tanque interior.<\/li>\n<li>Resistencias el\u00e9ctricas de Incoloy de alta durabilidad y de f\u00e1cil reposici\u00f3n.<\/li>\n<li>Potencia 3200 W<\/li>\n<li>Tiempo de recuperaci\u00f3n de 15\u00b0C a 75\u00b0C= 6 Hrs<\/li>\n<li>Altura con conexiones 159 cm | Di\u00e1metro 59 cm | Peso sin agua 80 kg<\/li>\n<li>Presi\u00f3n m\u00e1xima de operaci\u00f3n: 10 bar<\/li>\n<li>Di\u00e1metro de conexi\u00f3n de agua 3\/4&#8243;<\/li>\n<li>Sistema de auto limpieza patentado Everkleen.<\/li>\n<li>V\u00e1lvula de drenado que facilita su mantenci\u00f3n.<\/li>\n<li>V\u00e1lvula de seguridad sobre presi\u00f3n.<\/li>\n<li>Termostato de seguridad.<\/li>\n<li>Termo NO incluye cable el\u00e9ctrico para conexi\u00f3n<\/li>\n<li>Marca Americana<\/li>\n<li>Garantizado por 3 a\u00f1os<\/li>\n<li>Modelo piso, conexiones por lado superior de equipo<\/li>\n<\/ul>\n","protected":false},"excerpt":{"rendered":"<p>Termo El\u00e9ctrico Piso de 303 Lts 220V 3200W<\/p>\n<ul>\n<li>Disponible en 76, 114, 152, 189, 246 y 303 Lts<\/li>\n<li>Conexi\u00f3n de Agua 3\/4&#8243;<\/li>\n<li>Alto 159 cm | Di\u00e1metro 59 cm | Peso sin Agua 80 Kg<\/li>\n<li>Rheem Marca Americana<\/li>\n<li>Garant\u00eda 3 A\u00f1os<\/li>\n<\/ul>\n[sp_easyaccordion id=\"9822\"]\n","protected":false},"featured_media":8292,"template":"","meta":{"_acf_changed":false,"_seopress_robots_primary_cat":"none","_seopress_titles_title":"","_seopress_titles_desc":"","_seopress_robots_index":""},"product_brand":[],"product_cat":[397,707,372,390,373],"product_tag":[],"class_list":{"0":"post-3003","1":"product","2":"type-product","3":"status-publish","4":"has-post-thumbnail","6":"product_cat-agua-caliente","7":"product_cat-cyber","8":"product_cat-equipos-y-repuestos-para-agua-caliente","9":"product_cat-termo-monofasico","10":"product_cat-termos-electricos","11":"pa_capacidad-303-lts","12":"pa_marca-rheem","13":"pa_tipo-de-equipo-piso","15":"first","16":"instock","17":"taxable","18":"shipping-taxable","19":"purchasable","20":"product-type-simple"},"acf":[],"_links":{"self":[{"href":"https:\/\/boxsolution.cl\/BOXSOLUTION\/wp-json\/wp\/v2\/product\/3003","targetHints":{"allow":["GET"]}}],"collection":[{"href":"https:\/\/boxsolution.cl\/BOXSOLUTION\/wp-json\/wp\/v2\/product"}],"about":[{"href":"https:\/\/boxsolution.cl\/BOXSOLUTION\/wp-json\/wp\/v2\/types\/product"}],"wp:featuredmedia":[{"embeddable":true,"href":"https:\/\/boxsolution.cl\/BOXSOLUTION\/wp-json\/wp\/v2\/media\/8292"}],"wp:attachment":[{"href":"https:\/\/boxsolution.cl\/BOXSOLUTION\/wp-json\/wp\/v2\/media?parent=3003"}],"wp:term":[{"taxonomy":"product_brand","embeddable":true,"href":"https:\/\/boxsolution.cl\/BOXSOLUTION\/wp-json\/wp\/v2\/product_brand?post=3003"},{"taxonomy":"product_cat","embeddable":true,"href":"https:\/\/boxsolution.cl\/BOXSOLUTION\/wp-json\/wp\/v2\/product_cat?post=3003"},{"taxonomy":"product_tag","embeddable":true,"href":"https:\/\/boxsolution.cl\/BOXSOLUTION\/wp-json\/wp\/v2\/product_tag?post=3003"}],"curies":[{"name":"wp","href":"https:\/\/api.w.org\/{rel}","templated":true}]}}