{"id":3452,"date":"2021-02-19T12:52:02","date_gmt":"2021-02-19T15:52:02","guid":{"rendered":"https:\/\/boxsolution.cl\/BOXSOLUTION\/?post_type=product&#038;p=3452"},"modified":"2026-04-15T13:16:12","modified_gmt":"2026-04-15T17:16:12","slug":"aire-acondicionado-anwo-split-ecoflow-12000-btu-inverter","status":"publish","type":"product","link":"https:\/\/boxsolution.cl\/BOXSOLUTION\/producto\/aire-acondicionado-anwo-split-ecoflow-12000-btu-inverter\/","title":{"rendered":"Aire Acondicionado Anwo Split EcoFlow 12.000 BTU Inverter R32"},"content":{"rendered":"<ul>\n<li>Sistema de Auto- Limpieza<\/li>\n<li>Filtro Lavable<\/li>\n<li>Encendido y apagado programable<\/li>\n<li>Deshumidificador<\/li>\n<li>Moderno panel de control<\/li>\n<li>Autodiagn\u00f3stico<\/li>\n<li>Confort todo el a\u00f1o<\/li>\n<li>Potencia m\u00e1xima de entrada 1200W<\/li>\n<li>Corriente M\u00e1xima 6,0 A<\/li>\n<li>Alimentaci\u00f3n El\u00e9ctrica 220V\/ 1-50 Hz<\/li>\n<li>Refrigerante R410a<\/li>\n<li>Carga del refrigerante 350g<\/li>\n<li>Flujo de Aire 410 M3\/h<\/li>\n<li>Nivel de Ruido: 52 dB (A)<\/li>\n<li>Peso neto 29 kgs<\/li>\n<li>Dimensiones LxAxH (mm): 505x450x865<\/li>\n<li>Marca Chilena<\/li>\n<li><strong>Garant\u00eda Producto 2 a\u00f1os.<\/strong><\/li>\n<\/ul>\n","protected":false},"excerpt":{"rendered":"<p><strong>Lo que debes saber de este producto:<\/strong><\/p>\n<p><strong>Es ideal para espacios de 15 m\u00b2 a 23 m\u00b2<\/strong><br \/>\n\u2022 Modelo: <strong>GES12ECO-INV-R32<br \/>\n<\/strong>\u2022 Eficiencia tipo A<br \/>\n\u2022 Refrigerante Ecol\u00f3gico R32.<br \/>\n\u2022 Tecnolog\u00eda Full Inverter.<br \/>\n\u2022 Con WiFi integrado. Compatible con App Anwo Home.<br \/>\n\u2022 Considera Kit de Ca\u00f1er\u00edas de 4 mt, cable de conexi\u00f3n el\u00e9ctrica y de control entre unidades.<br \/>\n\u2022 Bajo consumo de energ\u00eda en modo fr\u00edo calor.<br \/>\n\u2022 Dise\u00f1o moderno con panel retroiluminado.<br \/>\n\u2022 Control remoto inal\u00e1mbrico con funci\u00f3n de seguimiento &#8220;I-Feel&#8221;.<br \/>\n\u2022 Funci\u00f3n dormir programable.<br \/>\n\u2022 7 opciones de velocidades<br \/>\n\u2022 Equipos m\u00e1s Silencioso<br \/>\n<strong>\u00a0 \u00a0Garant\u00eda Producto 2 a\u00f1os.<\/strong><\/p>\n[sp_easyaccordion id=\"15446\"]\n<p>___________________________________________<\/p>\n<p><span style=\"color: #0000ff\"><strong>PRODUCTO EN RESERVA. DESPACHO EN 48-72HRS Y GRATIS SOLO EN SANTIAGO.<\/strong><\/span><\/p>\n","protected":false},"featured_media":14954,"template":"","meta":{"_acf_changed":false,"_seopress_robots_primary_cat":"none","_seopress_titles_title":"","_seopress_titles_desc":"","_seopress_robots_index":""},"product_brand":[],"product_cat":[385,384,623],"product_tag":[],"class_list":{"0":"post-3452","1":"product","2":"type-product","3":"status-publish","4":"has-post-thumbnail","6":"product_cat-aire-acondicionado","7":"product_cat-aire-acondicionado-split-muro","8":"product_cat-climatizacion","9":"pa_marca-anwo","11":"first","12":"instock","13":"sale","14":"taxable","15":"shipping-taxable","16":"purchasable","17":"product-type-simple"},"acf":[],"_links":{"self":[{"href":"https:\/\/boxsolution.cl\/BOXSOLUTION\/wp-json\/wp\/v2\/product\/3452","targetHints":{"allow":["GET"]}}],"collection":[{"href":"https:\/\/boxsolution.cl\/BOXSOLUTION\/wp-json\/wp\/v2\/product"}],"about":[{"href":"https:\/\/boxsolution.cl\/BOXSOLUTION\/wp-json\/wp\/v2\/types\/product"}],"wp:featuredmedia":[{"embeddable":true,"href":"https:\/\/boxsolution.cl\/BOXSOLUTION\/wp-json\/wp\/v2\/media\/14954"}],"wp:attachment":[{"href":"https:\/\/boxsolution.cl\/BOXSOLUTION\/wp-json\/wp\/v2\/media?parent=3452"}],"wp:term":[{"taxonomy":"product_brand","embeddable":true,"href":"https:\/\/boxsolution.cl\/BOXSOLUTION\/wp-json\/wp\/v2\/product_brand?post=3452"},{"taxonomy":"product_cat","embeddable":true,"href":"https:\/\/boxsolution.cl\/BOXSOLUTION\/wp-json\/wp\/v2\/product_cat?post=3452"},{"taxonomy":"product_tag","embeddable":true,"href":"https:\/\/boxsolution.cl\/BOXSOLUTION\/wp-json\/wp\/v2\/product_tag?post=3452"}],"curies":[{"name":"wp","href":"https:\/\/api.w.org\/{rel}","templated":true}]}}