{"id":4554,"date":"2021-04-03T15:55:41","date_gmt":"2021-04-03T18:55:41","guid":{"rendered":"https:\/\/boxsolution.cl\/BOXSOLUTION\/?post_type=product&#038;p=4554"},"modified":"2026-01-05T16:01:51","modified_gmt":"2026-01-05T19:01:51","slug":"aire-acondicionado-splendid-split-muro-9000-btu-inverter","status":"publish","type":"product","link":"https:\/\/boxsolution.cl\/BOXSOLUTION\/producto\/aire-acondicionado-splendid-split-muro-9000-btu-inverter\/","title":{"rendered":"Aire Acondicionado Splendid Split Muro Inverter Silver Ions 9000 BTU"},"content":{"rendered":"<p>Aire Acondicionado Splendid Split muro de 9.000 BTU con su revolucionaria tecnolog\u00eda Inverter, y funci\u00f3n de Fr\u00edo\/Calor nos permite disfrutar todo el a\u00f1o, calefaccionando en invierno y refrescando en verano. Adem\u00e1s, est\u00e1 equipado con protecci\u00f3n Silver Ions, que purifica y transforma cualquier ambiente de tu hogar en un lugar agradable y seguro, eliminando virus, bacterias, y g\u00e9rmenes.<\/p>\n<p>Posee Kit de instalaci\u00f3n. El equipo requiere instalaci\u00f3n especializada. Consulte por valores en la pesta\u00f1a de \u201cInstalaci\u00f3n\u201d para conocer m\u00e1s detalles.<br \/>\nModerno panel de control con display digital de pantalla LCD para una f\u00e1cil lectura y temperatura: Incluye control remoto inal\u00e1mbrico.<\/p>\n<p>Tambi\u00e9n cuenta con funciones como:<br \/>\n\u2022 Funci\u00f3n Sleep para ajustar autom\u00e1ticamente la temperatura y hacer m\u00e1s confortable el sue\u00f1o.<br \/>\n\u2022 Funci\u00f3n I-Feel y mute para un ambiente m\u00e1s silencioso.<br \/>\n\u2022 Funci\u00f3n Eco para un mejor ahorro de energ\u00eda.<br \/>\n\u2022 Sistema de Autolimpieza, Autodiagn\u00f3stico y Deshumidificador.<br \/>\n\u2022 Encendido y apagado programable: Desde 1 hasta 24 horas, para ahorrar energ\u00eda.<br \/>\n\u2022 Filtro Lavable.<\/p>\n<p>Potencia m\u00e1xima de entrada 1200W<br \/>\nCorriente M\u00e1xima 6,0 A<br \/>\nAlimentaci\u00f3n El\u00e9ctrica 220 &#8211; 240v \/ 1 fase \/ 50Hz<br \/>\nRefrigerante R410a<br \/>\nCarga del refrigerante 650g<br \/>\nFlujo de Aire 550 m\u00b3\/hr<br \/>\nNivel de Ruido: 32 dB (A)<br \/>\nPeso neto 29 kgs<br \/>\nDimensiones LxAxH: 505 x 450 x 865 mm<br \/>\nMarca Chilena<\/p>\n<p><strong><a href=\"https:\/\/boxsolution.cl\/BOXSOLUTION\/politicas-comerciales\/#politicasdegarantia\"><span style=\"color: #0000ff;\">Garant\u00eda por 1 a\u00f1o:<\/span><\/a><\/strong> \u00a1Compra segura! nos hacemos responsables de la garant\u00eda.<\/p>\n","protected":false},"excerpt":{"rendered":"<p><strong>Lo que debes saber de este producto:<\/strong><\/p>\n<p><strong>Es ideal para espacios de 9 m\u00b2 a 16 m\u00b2<\/strong><b><br \/>\n<\/b>\u2022 Tecnolog\u00eda Inverter con funci\u00f3n Fr\u00edo o Calor<b><br \/>\n<\/b>\u2022 Capacidad de refrigeraci\u00f3n y calefacci\u00f3n de 9.000 BTU<br \/>\n\u2022 Potencia de Refrigeraci\u00f3n: 763W | Calefacci\u00f3n: 682W<br \/>\n\u2022 Eficiencia energ\u00e9tica: Tipo A<br \/>\n\u2022 Equipado con Wifi y aplicaci\u00f3n para Smartphones<br \/>\n\u2022 Funci\u00f3n turbo para enfriar o calefaccionar r\u00e1pidamente.<br \/>\n\u2022 Funci\u00f3n Eco para ahorrar energ\u00eda.<br \/>\n\u2022 Incluye control remoto.<\/p>\n<p>[sp_easyaccordion id=\"15446\"]<br \/>\n___________________________________________<\/p>\n<p><span style=\"color: #0000ff;\"><strong>DESPACHO EN 24HRS Y GRATIS SOLO EN SANTIAGO<\/strong><\/span><\/p>\n","protected":false},"featured_media":15320,"template":"","meta":{"_acf_changed":false,"_seopress_robots_primary_cat":"none","_seopress_titles_title":"","_seopress_titles_desc":"","_seopress_robots_index":""},"product_brand":[],"product_cat":[385,384,623],"product_tag":[],"class_list":{"0":"post-4554","1":"product","2":"type-product","3":"status-publish","4":"has-post-thumbnail","6":"product_cat-aire-acondicionado","7":"product_cat-aire-acondicionado-split-muro","8":"product_cat-climatizacion","9":"pa_marca-splendid-2","10":"pa_tipo-de-aire-acondicionado-inverter","12":"first","13":"instock","14":"taxable","15":"shipping-taxable","16":"purchasable","17":"product-type-simple"},"acf":[],"_links":{"self":[{"href":"https:\/\/boxsolution.cl\/BOXSOLUTION\/wp-json\/wp\/v2\/product\/4554","targetHints":{"allow":["GET"]}}],"collection":[{"href":"https:\/\/boxsolution.cl\/BOXSOLUTION\/wp-json\/wp\/v2\/product"}],"about":[{"href":"https:\/\/boxsolution.cl\/BOXSOLUTION\/wp-json\/wp\/v2\/types\/product"}],"wp:featuredmedia":[{"embeddable":true,"href":"https:\/\/boxsolution.cl\/BOXSOLUTION\/wp-json\/wp\/v2\/media\/15320"}],"wp:attachment":[{"href":"https:\/\/boxsolution.cl\/BOXSOLUTION\/wp-json\/wp\/v2\/media?parent=4554"}],"wp:term":[{"taxonomy":"product_brand","embeddable":true,"href":"https:\/\/boxsolution.cl\/BOXSOLUTION\/wp-json\/wp\/v2\/product_brand?post=4554"},{"taxonomy":"product_cat","embeddable":true,"href":"https:\/\/boxsolution.cl\/BOXSOLUTION\/wp-json\/wp\/v2\/product_cat?post=4554"},{"taxonomy":"product_tag","embeddable":true,"href":"https:\/\/boxsolution.cl\/BOXSOLUTION\/wp-json\/wp\/v2\/product_tag?post=4554"}],"curies":[{"name":"wp","href":"https:\/\/api.w.org\/{rel}","templated":true}]}}