{"id":4559,"date":"2021-04-03T16:14:46","date_gmt":"2021-04-03T19:14:46","guid":{"rendered":"https:\/\/boxsolution.cl\/BOXSOLUTION\/?post_type=product&#038;p=4559"},"modified":"2026-04-08T12:11:49","modified_gmt":"2026-04-08T16:11:49","slug":"bomba-presurizadora-o-recirculadora-splendid-brs-350","status":"publish","type":"product","link":"https:\/\/boxsolution.cl\/BOXSOLUTION\/producto\/bomba-presurizadora-o-recirculadora-splendid-brs-350\/","title":{"rendered":"Bomba Presurizadora o Recirculadora Splendid 350 W"},"content":{"rendered":"<p><strong>Funciones<\/strong><\/p>\n<ul>\n<li>Funci\u00f3n presurizaci\u00f3n: Su objetivo es dar presi\u00f3n al agua, como por ejemplo al calef\u00f3n para las diferentes salidas del hogar como las duchas y llaves, para el sistema de riego, levantar agua para cisternas, entre otras aplicaciones.<\/li>\n<li>El funci\u00f3n recirculaci\u00f3n: Para no malgastar agua, ideal para quienes buscan confort y ahorro, adem\u00e1s de cuidar al medio ambiente.<\/li>\n<\/ul>\n<p><strong>Caracter\u00edsticas<\/strong><\/p>\n<ul>\n<li>Potencia m\u00e1xima: 350W<\/li>\n<li>3 potencias: 210\/270\/350W<\/li>\n<li>Altura m\u00e1xima de elevaci\u00f3n de agua: 20M<\/li>\n<li>Caudal m\u00e1ximo: 58l\/min<\/li>\n<li>Bajo consumo de energ\u00eda<\/li>\n<li>Funciones manual o autom\u00e1tico<\/li>\n<li>3 variaciones de velocidad<\/li>\n<li>Material: Lat\u00f3n con pintura electrost\u00e1tica.<\/li>\n<li>Flujostato externo<\/li>\n<li>De f\u00e1cil instalaci\u00f3n<\/li>\n<li>Garant\u00eda 1 a\u00f1o<\/li>\n<li>Peso: 5Kg<\/li>\n<li>Conexi\u00f3n de 1 pulgada con adaptador a \u00be\u00bb<\/li>\n<\/ul>\n","protected":false},"excerpt":{"rendered":"<p>___________________________________________________________________<\/p>\n<p><strong>\u00a0 \u00a0 \u00a0 \u00a0 \u00a0 \u00a0 \u00a0 \u00a0 \u00a0 \u00a0 \u00a0 DESPACHOS ENTRE 48HRS A 72HRS H\u00c1BILES<\/strong><\/p>\n<p>___________________________________________________________________<\/p>\n","protected":false},"featured_media":4847,"template":"","meta":{"_acf_changed":false,"_seopress_robots_primary_cat":"","_seopress_titles_title":"","_seopress_titles_desc":"","_seopress_robots_index":""},"product_brand":[],"product_cat":[462,397,754,461],"product_tag":[],"class_list":{"0":"post-4559","1":"product","2":"type-product","3":"status-publish","4":"has-post-thumbnail","6":"product_cat-accesorios-repuestos-y-accesorios-agua-caliente","7":"product_cat-agua-caliente","8":"product_cat-repuestos","9":"product_cat-repuestos-y-accesorios-agua-caliente","11":"first","12":"instock","13":"taxable","14":"shipping-taxable","15":"purchasable","16":"product-type-simple"},"acf":[],"_links":{"self":[{"href":"https:\/\/boxsolution.cl\/BOXSOLUTION\/wp-json\/wp\/v2\/product\/4559","targetHints":{"allow":["GET"]}}],"collection":[{"href":"https:\/\/boxsolution.cl\/BOXSOLUTION\/wp-json\/wp\/v2\/product"}],"about":[{"href":"https:\/\/boxsolution.cl\/BOXSOLUTION\/wp-json\/wp\/v2\/types\/product"}],"wp:featuredmedia":[{"embeddable":true,"href":"https:\/\/boxsolution.cl\/BOXSOLUTION\/wp-json\/wp\/v2\/media\/4847"}],"wp:attachment":[{"href":"https:\/\/boxsolution.cl\/BOXSOLUTION\/wp-json\/wp\/v2\/media?parent=4559"}],"wp:term":[{"taxonomy":"product_brand","embeddable":true,"href":"https:\/\/boxsolution.cl\/BOXSOLUTION\/wp-json\/wp\/v2\/product_brand?post=4559"},{"taxonomy":"product_cat","embeddable":true,"href":"https:\/\/boxsolution.cl\/BOXSOLUTION\/wp-json\/wp\/v2\/product_cat?post=4559"},{"taxonomy":"product_tag","embeddable":true,"href":"https:\/\/boxsolution.cl\/BOXSOLUTION\/wp-json\/wp\/v2\/product_tag?post=4559"}],"curies":[{"name":"wp","href":"https:\/\/api.w.org\/{rel}","templated":true}]}}