{"id":4583,"date":"2021-04-06T23:00:52","date_gmt":"2021-04-07T03:00:52","guid":{"rendered":"https:\/\/boxsolution.cl\/BOXSOLUTION\/?post_type=product&#038;p=4583"},"modified":"2026-04-27T15:10:29","modified_gmt":"2026-04-27T19:10:29","slug":"rollo-lama-pvc-lisa-transparente-2x200mm-x-50mts","status":"publish","type":"product","link":"https:\/\/boxsolution.cl\/BOXSOLUTION\/producto\/rollo-lama-pvc-lisa-transparente-2x200mm-x-50mts\/","title":{"rendered":"Rollo Lama PVC &#8211; Lisa Transparente 50mts"},"content":{"rendered":"<p>Lama lisa 100% PVC<\/p>\n<p>Color: Transparente<\/p>\n<p>Dise\u00f1ada para Puertas de C\u00e1maras, camiones de mantenci\u00f3n fr\u00edo de hasta -20\u00baC<\/p>\n<p>Separaciones de ambientes<\/p>\n<p>Medidas: 2x200mm x 50mts<\/p>\n<p>Rollo de 50 Mts<\/p>\n","protected":false},"excerpt":{"rendered":"<ul>\n<li>Lama lisa 100% PVC<\/li>\n<li>Color: Transparente<\/li>\n<li>Dise\u00f1ada para Puertas de C\u00e1maras, camiones de mantenci\u00f3n fr\u00edo de hasta -20\u00baC<\/li>\n<li>Separaciones de ambientes<\/li>\n<li>Medidas: 2x200mm x 50mts<\/li>\n<li>Rollo de 50 Mts<\/li>\n<\/ul>\n[sp_easyaccordion id=\"9752\"]\n<p>___________________________________________<\/p>\n<p><span style=\"color: #0000ff;\"><strong>DESPACHO EN 24HRS Y GRATIS SOLO EN SANTIAGO<\/strong><\/span><\/p>\n","protected":false},"featured_media":8301,"template":"","meta":{"_acf_changed":false,"_seopress_robots_primary_cat":"","_seopress_titles_title":"","_seopress_titles_desc":"","_seopress_robots_index":""},"product_brand":[],"product_cat":[491,498],"product_tag":[],"class_list":{"0":"post-4583","1":"product","2":"type-product","3":"status-publish","4":"has-post-thumbnail","6":"product_cat-cortinas-de-aire","7":"product_cat-lamas-de-pvc","9":"first","10":"instock","11":"sale","12":"taxable","13":"shipping-taxable","14":"purchasable","15":"product-type-simple"},"acf":[],"_links":{"self":[{"href":"https:\/\/boxsolution.cl\/BOXSOLUTION\/wp-json\/wp\/v2\/product\/4583","targetHints":{"allow":["GET"]}}],"collection":[{"href":"https:\/\/boxsolution.cl\/BOXSOLUTION\/wp-json\/wp\/v2\/product"}],"about":[{"href":"https:\/\/boxsolution.cl\/BOXSOLUTION\/wp-json\/wp\/v2\/types\/product"}],"wp:featuredmedia":[{"embeddable":true,"href":"https:\/\/boxsolution.cl\/BOXSOLUTION\/wp-json\/wp\/v2\/media\/8301"}],"wp:attachment":[{"href":"https:\/\/boxsolution.cl\/BOXSOLUTION\/wp-json\/wp\/v2\/media?parent=4583"}],"wp:term":[{"taxonomy":"product_brand","embeddable":true,"href":"https:\/\/boxsolution.cl\/BOXSOLUTION\/wp-json\/wp\/v2\/product_brand?post=4583"},{"taxonomy":"product_cat","embeddable":true,"href":"https:\/\/boxsolution.cl\/BOXSOLUTION\/wp-json\/wp\/v2\/product_cat?post=4583"},{"taxonomy":"product_tag","embeddable":true,"href":"https:\/\/boxsolution.cl\/BOXSOLUTION\/wp-json\/wp\/v2\/product_tag?post=4583"}],"curies":[{"name":"wp","href":"https:\/\/api.w.org\/{rel}","templated":true}]}}