{"id":5288,"date":"2021-06-15T09:19:11","date_gmt":"2021-06-15T13:19:11","guid":{"rendered":"https:\/\/boxsolution.cl\/BOXSOLUTION\/?post_type=product&#038;p=5288"},"modified":"2026-03-24T15:13:25","modified_gmt":"2026-03-24T18:13:25","slug":"termo-electrico-mural-rheem-80l-220v-15kw","status":"publish","type":"product","link":"https:\/\/boxsolution.cl\/BOXSOLUTION\/producto\/termo-electrico-mural-rheem-80l-220v-15kw\/","title":{"rendered":"Termo El\u00e9ctrico Rheem 80 Litros Mural 220V 1500W"},"content":{"rendered":"<ul>\n<li>Tanque interno reforzado con esmalte BLUE XPAND que da mayor vida \u00fatil<\/li>\n<li>Aislaci\u00f3n de poliuretano expandido alta densidad que disminuye p\u00e9rdidas de calor<\/li>\n<li>\u00c1nodo de Magnesio AR PROTECT con doble funci\u00f3n<\/li>\n<li>Resistencias Acero Inox cubiertas con esmalte ZAFIRO XPAND de baja adherencia al sarro<\/li>\n<li>Tubo de entrada agua protegido con nanopart\u00edculas SILVER IONS que elimina bacterias en el agua<\/li>\n<li>3 sistemas de seguridad para altas presiones y temperaturas<\/li>\n<li>Protecci\u00f3n IPX4 de resistencia al agua<\/li>\n<li>Elaborado con elementos que no contaminan el medio ambiente<\/li>\n<li>La funci\u00f3n Al-Smart registra tus h\u00e1bitos de uso, calentando el agua solo cuando lo necesitas, ahorrando energ\u00eda<\/li>\n<li>La funci\u00f3n ECOSYSTEM reduce tu consumo de energ\u00eda<\/li>\n<li>Display Digital que permite elegir la temperatura exacta de tu preferencia<\/li>\n<\/ul>\n","protected":false},"excerpt":{"rendered":"<ul>\n<li>Termo El\u00e9ctrico Digital Mural de 80 Lts 220V 1500W<\/li>\n<li>Disponible en 30, 50, 80, 100 y 120 Lts<\/li>\n<li>Conexi\u00f3n de Agua 1\/2&#8243;<\/li>\n<li>Alto 74 | Di\u00e1metro 45 cm | Peso sin Agua 25 Kg<\/li>\n<li>Rheem Marca Americana<\/li>\n<li>Funci\u00f3n Ecosystem y Al-Smart que ahorra hasta un 30% de energ\u00eda<\/li>\n<li>Garant\u00eda 3 A\u00f1os<\/li>\n<\/ul>\n[sp_easyaccordion id=\"12131\"]\n","protected":false},"featured_media":8296,"template":"","meta":{"_acf_changed":false,"_seopress_robots_primary_cat":"none","_seopress_titles_title":"","_seopress_titles_desc":"","_seopress_robots_index":""},"product_brand":[],"product_cat":[397,372,390,373],"product_tag":[],"class_list":{"0":"post-5288","1":"product","2":"type-product","3":"status-publish","4":"has-post-thumbnail","6":"product_cat-agua-caliente","7":"product_cat-equipos-y-repuestos-para-agua-caliente","8":"product_cat-termo-monofasico","9":"product_cat-termos-electricos","10":"pa_capacidad-80-lt","11":"pa_marca-rheem","12":"pa_tipo-de-equipo-mural","14":"first","15":"instock","16":"sale","17":"taxable","18":"shipping-taxable","19":"purchasable","20":"product-type-simple"},"acf":[],"_links":{"self":[{"href":"https:\/\/boxsolution.cl\/BOXSOLUTION\/wp-json\/wp\/v2\/product\/5288","targetHints":{"allow":["GET"]}}],"collection":[{"href":"https:\/\/boxsolution.cl\/BOXSOLUTION\/wp-json\/wp\/v2\/product"}],"about":[{"href":"https:\/\/boxsolution.cl\/BOXSOLUTION\/wp-json\/wp\/v2\/types\/product"}],"wp:featuredmedia":[{"embeddable":true,"href":"https:\/\/boxsolution.cl\/BOXSOLUTION\/wp-json\/wp\/v2\/media\/8296"}],"wp:attachment":[{"href":"https:\/\/boxsolution.cl\/BOXSOLUTION\/wp-json\/wp\/v2\/media?parent=5288"}],"wp:term":[{"taxonomy":"product_brand","embeddable":true,"href":"https:\/\/boxsolution.cl\/BOXSOLUTION\/wp-json\/wp\/v2\/product_brand?post=5288"},{"taxonomy":"product_cat","embeddable":true,"href":"https:\/\/boxsolution.cl\/BOXSOLUTION\/wp-json\/wp\/v2\/product_cat?post=5288"},{"taxonomy":"product_tag","embeddable":true,"href":"https:\/\/boxsolution.cl\/BOXSOLUTION\/wp-json\/wp\/v2\/product_tag?post=5288"}],"curies":[{"name":"wp","href":"https:\/\/api.w.org\/{rel}","templated":true}]}}