{"id":6131,"date":"2023-01-31T13:48:23","date_gmt":"2023-01-31T16:48:23","guid":{"rendered":"http:\/\/boxsolution.cl\/BOXSOLUTION\/?post_type=product&#038;p=6131"},"modified":"2026-01-15T12:39:16","modified_gmt":"2026-01-15T15:39:16","slug":"calefon-hidrowind-plus-10l-tf-junkers","status":"publish","type":"product","link":"https:\/\/boxsolution.cl\/BOXSOLUTION\/producto\/calefon-hidrowind-plus-10l-tf-junkers\/","title":{"rendered":"Calefont Junkers Hidrowind Plus 10 Litros Gas Licuado Tiro Forzado"},"content":{"rendered":"<p>Modelo: WTD10-KME31<\/p>\n<ul>\n<li>Litraje 10 lts\/minuto<\/li>\n<li>Gas Licuado<\/li>\n<li>Dimensiones 573x333x180 mm<\/li>\n<li>Peso Neto 13 kg<\/li>\n<li>Consumo nominal 20 KW<\/li>\n<li>Potencia \u00fatil 17,8 KW<\/li>\n<li>Presi\u00f3n M\u00e1xima admisible\u00a0 10 bar<\/li>\n<li>Presi\u00f3n M\u00ednima de funcionamiento 0,2 bar<\/li>\n<li>Di\u00e1metro entrada agua fr\u00eda\u00a0 1\/2 pulgada<\/li>\n<li>Di\u00e1metro salida agua caliente\u00a0 1\/2 pulgada<\/li>\n<li>Di\u00e1metro gas 1\/2 pulgada<\/li>\n<li>Di\u00e1metro ducto 60 mm<\/li>\n<li>Tiro Forzado c\u00e1mara abierta<\/li>\n<li>Largo cable conexi\u00f3n el\u00e9ctrica 1,5 m<\/li>\n<li>Largo m\u00e1x. de evacuaci\u00f3n de gases 4 m<\/li>\n<\/ul>\n","protected":false},"excerpt":{"rendered":"<p><strong>Lo que debes saber de este producto:<\/strong><\/p>\n<p>\u2022 Tecnolog\u00eda Termost\u00e1tica que permite mejor ahorro de gas.<br \/>\n\u2022 Control desde smartphone o tablet<br \/>\n\u2022 Serpent\u00edn 100% cobre<br \/>\n\u2022 L\u00e1minas anticalc\u00e1reas, que evitan la acumulaci\u00f3n de sarro<br \/>\n\u2022 6 sistemas de Seguridad<br \/>\n\u2022 Gas Licuado<br \/>\n\u2022 Compatible con sistemas solares<br \/>\n\u2022 Garant\u00eda 3 a\u00f1os<br \/>\n\u2022 Tecnolog\u00eda Alemana<\/p>\n[sp_easyaccordion id=\"9752\"]\n<p>___________________________________________<\/p>\n<p><span style=\"color: #0000ff;\"><strong>DESPACHO EN 24HRS Y GRATIS SOLO EN SANTIAGO<\/strong><\/span><\/p>\n","protected":false},"featured_media":8276,"template":"","meta":{"_acf_changed":false,"_seopress_robots_primary_cat":"none","_seopress_titles_title":"","_seopress_titles_desc":"","_seopress_robots_index":""},"product_brand":[],"product_cat":[397,398,399],"product_tag":[],"class_list":{"0":"post-6131","1":"product","2":"type-product","3":"status-publish","4":"has-post-thumbnail","6":"product_cat-agua-caliente","7":"product_cat-calefont","8":"product_cat-calefont-tiro-forzado-calefont","9":"pa_capacidad-calefont-10-litros","10":"pa_marca-calefont-junker","11":"pa_tipo-de-gas-gas-licuado","12":"pa_tipo-equipo-calefont-tiro-forzado","14":"first","15":"outofstock","16":"sale","17":"taxable","18":"shipping-taxable","19":"purchasable","20":"product-type-simple"},"acf":[],"_links":{"self":[{"href":"https:\/\/boxsolution.cl\/BOXSOLUTION\/wp-json\/wp\/v2\/product\/6131","targetHints":{"allow":["GET"]}}],"collection":[{"href":"https:\/\/boxsolution.cl\/BOXSOLUTION\/wp-json\/wp\/v2\/product"}],"about":[{"href":"https:\/\/boxsolution.cl\/BOXSOLUTION\/wp-json\/wp\/v2\/types\/product"}],"wp:featuredmedia":[{"embeddable":true,"href":"https:\/\/boxsolution.cl\/BOXSOLUTION\/wp-json\/wp\/v2\/media\/8276"}],"wp:attachment":[{"href":"https:\/\/boxsolution.cl\/BOXSOLUTION\/wp-json\/wp\/v2\/media?parent=6131"}],"wp:term":[{"taxonomy":"product_brand","embeddable":true,"href":"https:\/\/boxsolution.cl\/BOXSOLUTION\/wp-json\/wp\/v2\/product_brand?post=6131"},{"taxonomy":"product_cat","embeddable":true,"href":"https:\/\/boxsolution.cl\/BOXSOLUTION\/wp-json\/wp\/v2\/product_cat?post=6131"},{"taxonomy":"product_tag","embeddable":true,"href":"https:\/\/boxsolution.cl\/BOXSOLUTION\/wp-json\/wp\/v2\/product_tag?post=6131"}],"curies":[{"name":"wp","href":"https:\/\/api.w.org\/{rel}","templated":true}]}}