{"id":710,"date":"2021-01-15T01:00:28","date_gmt":"2021-01-15T04:00:28","guid":{"rendered":"https:\/\/boxsolution.cl\/BOXSOLUTION\/producto\/import-placeholder-for-232\/"},"modified":"2026-04-29T12:44:28","modified_gmt":"2026-04-29T16:44:28","slug":"termo-electrico-de-piso-rheem-246-litros","status":"publish","type":"product","link":"https:\/\/boxsolution.cl\/BOXSOLUTION\/producto\/termo-electrico-de-piso-rheem-246-litros\/","title":{"rendered":"Termo El\u00e9ctrico Rheem 246 Litros Pie 220V 3200W"},"content":{"rendered":"<ul>\n<li>Estanque esmaltado de Porcelana Bi-Capa.<\/li>\n<li>Aislaci\u00f3n de poliuretano expandido de alta densidad.<\/li>\n<li>\u00c1nodo de Magnesio que protege al 100% el tanque interior.<\/li>\n<li>Resistencias el\u00e9ctricas de Incoloy de alta durabilidad y de f\u00e1cil reposici\u00f3n.<\/li>\n<li>Potencia 3200 W<\/li>\n<li>Tiempo de recuperaci\u00f3n de 15\u00b0C a 75\u00b0C= 4,9 Hrs<\/li>\n<li>Altura con conexiones 158 cm | Di\u00e1metro 53 cm | Peso sin agua 68 kg<\/li>\n<li>Presi\u00f3n m\u00e1xima de operaci\u00f3n: 10 bar<\/li>\n<li>Di\u00e1metro de conexi\u00f3n de agua 3\/4&#8243;<\/li>\n<li>Sistema de auto limpieza patentado Everkleen.<\/li>\n<li>V\u00e1lvula de drenado que facilita su mantenci\u00f3n.<\/li>\n<li>V\u00e1lvula de seguridad sobre presi\u00f3n.<\/li>\n<li>Termostato de seguridad.<\/li>\n<li>Termo NO incluye cable el\u00e9ctrico para conexi\u00f3n<\/li>\n<li>Marca Americana<\/li>\n<li>Garantizado por 3 a\u00f1os<\/li>\n<li>Modelo piso, conexiones por lado superior de equipo<\/li>\n<\/ul>\n","protected":false},"excerpt":{"rendered":"<p>Termo El\u00e9ctrico Piso de 246 Lts 220V 3200W<\/p>\n<ul>\n<li>Disponible en 76, 114, 152, 189, 246 y 303 Lts<\/li>\n<li>Conexi\u00f3n de Agua 3\/4&#8243;<\/li>\n<li>Alto 158 | Di\u00e1metro 53 cm | Peso sin Agua 68 Kg<\/li>\n<li>Rheem Marca Americana<\/li>\n<li>Garant\u00eda 3 A\u00f1os<\/li>\n<\/ul>\n[sp_easyaccordion id=\"12131\"]\n","protected":false},"featured_media":8289,"template":"","meta":{"_acf_changed":false,"_seopress_robots_primary_cat":"none","_seopress_titles_title":"","_seopress_titles_desc":"","_seopress_robots_index":""},"product_brand":[],"product_cat":[397,707,372,390,373],"product_tag":[655,656,642,653,654],"class_list":{"0":"post-710","1":"product","2":"type-product","3":"status-publish","4":"has-post-thumbnail","6":"product_cat-agua-caliente","7":"product_cat-cyber","8":"product_cat-equipos-y-repuestos-para-agua-caliente","9":"product_cat-termo-monofasico","10":"product_cat-termos-electricos","11":"product_tag-246-litros","12":"product_tag-pie-220v-3200w","13":"product_tag-rheem","14":"product_tag-termo","15":"product_tag-termo-electrico","16":"pa_capacidad-246-lts","17":"pa_marca-rheem","18":"pa_tipo-de-equipo-piso","20":"first","21":"instock","22":"sale","23":"taxable","24":"shipping-taxable","25":"purchasable","26":"product-type-simple"},"acf":[],"_links":{"self":[{"href":"https:\/\/boxsolution.cl\/BOXSOLUTION\/wp-json\/wp\/v2\/product\/710","targetHints":{"allow":["GET"]}}],"collection":[{"href":"https:\/\/boxsolution.cl\/BOXSOLUTION\/wp-json\/wp\/v2\/product"}],"about":[{"href":"https:\/\/boxsolution.cl\/BOXSOLUTION\/wp-json\/wp\/v2\/types\/product"}],"wp:featuredmedia":[{"embeddable":true,"href":"https:\/\/boxsolution.cl\/BOXSOLUTION\/wp-json\/wp\/v2\/media\/8289"}],"wp:attachment":[{"href":"https:\/\/boxsolution.cl\/BOXSOLUTION\/wp-json\/wp\/v2\/media?parent=710"}],"wp:term":[{"taxonomy":"product_brand","embeddable":true,"href":"https:\/\/boxsolution.cl\/BOXSOLUTION\/wp-json\/wp\/v2\/product_brand?post=710"},{"taxonomy":"product_cat","embeddable":true,"href":"https:\/\/boxsolution.cl\/BOXSOLUTION\/wp-json\/wp\/v2\/product_cat?post=710"},{"taxonomy":"product_tag","embeddable":true,"href":"https:\/\/boxsolution.cl\/BOXSOLUTION\/wp-json\/wp\/v2\/product_tag?post=710"}],"curies":[{"name":"wp","href":"https:\/\/api.w.org\/{rel}","templated":true}]}}